{"id":96501,"date":"2023-12-18T08:18:51","date_gmt":"2023-12-18T16:18:51","guid":{"rendered":"https:\/\/froece.com\/product\/popsicle-cart-bells-set-of-3\/"},"modified":"2026-04-20T06:20:16","modified_gmt":"2026-04-20T13:20:16","slug":"juego-de-3-campanas-cromadas-para-carritos-de-polos","status":"publish","type":"product","link":"https:\/\/froece.com\/es\/product\/chrome-popsicle-cart-bells-set-of-3\/","title":{"rendered":"Juego de 3 campanas cromadas para carros de tama\u00f1o est\u00e1ndar"},"content":{"rendered":"<h2>Set de 3 campanas para carrito de paletas - Acabado cromado<\/h2>\n<p>Mejore su <b>Carrito de paletas<\/b>, <b>Carrito de helados<\/b>o <b>Carro de empuje<\/b> con el delicioso sonido de estas <b>Campanas cromadas<\/b>. Perfecto para llamar la atenci\u00f3n y hacer saber a todo el mundo que han llegado las golosinas, este <b>juego de 3 campanas<\/b> est\u00e1 dise\u00f1ado para adaptarse al <b>Carro de paletas de tama\u00f1o est\u00e1ndar<\/b>que a\u00f1aden estilo y funcionalidad a su instalaci\u00f3n.<\/p>\n<h3>Dise\u00f1o cromado cl\u00e1sico para un m\u00e1ximo atractivo<\/h3>\n<p>En <b>acabado cromado<\/b> de estas campanas a\u00f1ade un toque de clase a su carrito, haci\u00e9ndolo m\u00e1s atractivo visualmente a la vez que proporciona un sonido nost\u00e1lgico que sin duda atraer\u00e1 a los clientes. Tanto si est\u00e1s en un evento concurrido, como en una fiesta de barrio o en un mercado pop-up, el sonido de estas campanas garantiza que tu carrito llame la atenci\u00f3n, ayud\u00e1ndote a aumentar las ventas e impulsar el compromiso de los clientes.<\/p>\n<h3>Dise\u00f1ado para adaptarse a carros de tama\u00f1o est\u00e1ndar<\/h3>\n<p>Estas campanas est\u00e1n dise\u00f1adas para adaptarse perfectamente al <b>Carro de paletas de tama\u00f1o est\u00e1ndar<\/b>La instalaci\u00f3n es r\u00e1pida y sencilla. Las dimensiones de las campanas son 23\u2033L x 3.75\u2033H, asegurando que se sientan firmemente en su carro mientras que proporciona el tintineo cl\u00e1sico que los clientes reconocen y aman.<\/p>\n<h3>Duradero y duradero<\/h3>\n<p>Fabricadas con materiales de alta calidad, estas campanas cromadas est\u00e1n hechas para soportar los rigores del uso diario. Tanto si est\u00e1s sirviendo golosinas en un evento al aire libre como en una calle concurrida, su dise\u00f1o duradero garantiza que las campanas seguir\u00e1n sonando alto y claro durante mucho tiempo.<\/p>\n<h3>Especificaciones<\/h3>\n<p>Estas son las especificaciones del <b>Campanas para carritos de helados<\/b> juego de 3:<\/p>\n<ul>\n<li><b>Dimensiones<\/b>: 23\u2033L x 3,75\u2033H<\/li>\n<li><b>Color<\/b>: Cromo<\/li>\n<li><b>Se adapta a<\/b>: Carro de paletas de tama\u00f1o est\u00e1ndar<\/li>\n<li><b>Establecer<\/b>: 3 campanas incluidas<\/li>\n<\/ul>\n<h3>\u00bfPor qu\u00e9 elegir las campanas para carritos de helados?<\/h3>\n<p>Con su cl\u00e1sico acabado cromado y su alegre sonido, estas campanas son el accesorio perfecto para cualquier carrito de polos o helados. No solo a\u00f1aden un atractivo est\u00e9tico a su carrito, sino que tambi\u00e9n desempe\u00f1an un papel fundamental a la hora de atraer a los clientes, por lo que son imprescindibles para cualquier vendedor que busque aumentar las ventas y crear una experiencia memorable.<\/p>","protected":false},"excerpt":{"rendered":"<p class=\"p1\">En <b>Set de 3 campanas para carrito de paletas<\/b> en acabado cromado a\u00f1ade funcionalidad y estilo a su carrito. Perfecto para atraer clientes, se adapta a carros de tama\u00f1o est\u00e1ndar.<\/p>","protected":false},"featured_media":133537,"comment_status":"open","ping_status":"closed","template":"","meta":{"iawp_total_views":181},"product_brand":[],"product_cat":[93],"product_tag":[230,229,225,228,224,227,223,226],"class_list":{"0":"post-96501","1":"product","2":"type-product","3":"status-publish","4":"has-post-thumbnail","6":"product_cat-accessories","7":"product_tag-bells-for-popsicle-carts","8":"product_tag-chrome-bells-for-carts","9":"product_tag-chrome-cart-bells","10":"product_tag-ice-cream-cart-accessories","11":"product_tag-ice-cream-cart-bells","12":"product_tag-popsicle-cart-accessories","13":"product_tag-popsicle-cart-bells","14":"product_tag-push-cart-bells","15":"product_shipping_class-flat-shipping-fee","17":"first","18":"instock","19":"taxable","20":"shipping-taxable","21":"purchasable","22":"product-type-simple"},"exclude_global_add_ons":[],"addons":[],"_links":{"self":[{"href":"https:\/\/froece.com\/es\/wp-json\/wp\/v2\/product\/96501","targetHints":{"allow":["GET"]}}],"collection":[{"href":"https:\/\/froece.com\/es\/wp-json\/wp\/v2\/product"}],"about":[{"href":"https:\/\/froece.com\/es\/wp-json\/wp\/v2\/types\/product"}],"replies":[{"embeddable":true,"href":"https:\/\/froece.com\/es\/wp-json\/wp\/v2\/comments?post=96501"}],"wp:featuredmedia":[{"embeddable":true,"href":"https:\/\/froece.com\/es\/wp-json\/wp\/v2\/media\/133537"}],"wp:attachment":[{"href":"https:\/\/froece.com\/es\/wp-json\/wp\/v2\/media?parent=96501"}],"wp:term":[{"taxonomy":"product_brand","embeddable":true,"href":"https:\/\/froece.com\/es\/wp-json\/wp\/v2\/product_brand?post=96501"},{"taxonomy":"product_cat","embeddable":true,"href":"https:\/\/froece.com\/es\/wp-json\/wp\/v2\/product_cat?post=96501"},{"taxonomy":"product_tag","embeddable":true,"href":"https:\/\/froece.com\/es\/wp-json\/wp\/v2\/product_tag?post=96501"}],"curies":[{"name":"wp","href":"https:\/\/api.w.org\/{rel}","templated":true}]}}