{"id":96489,"date":"2023-12-18T08:18:40","date_gmt":"2023-12-18T16:18:40","guid":{"rendered":"https:\/\/froece.com\/product\/dice-shaped-tasting-flight-tray\/"},"modified":"2025-12-03T13:45:05","modified_gmt":"2025-12-03T21:45:05","slug":"bandeja-de-degustacion-en-forma-de-dado-de-las-vegas","status":"publish","type":"product","link":"https:\/\/froece.com\/es\/product\/las-vegas-dice-shaped-tasting-flight-tray\/","title":{"rendered":"Bandeja de degustaci\u00f3n en forma de dado - Divertida decoraci\u00f3n tem\u00e1tica de Las Vegas"},"content":{"rendered":"<h2>Bandeja de degustaci\u00f3n en forma de dado - \u00a1A\u00f1ada diversi\u00f3n y estilo a cualquier evento!<\/h2>\n<p>Convierta sus eventos en celebraciones inolvidables con el <b>Bandeja de degustaci\u00f3n en forma de dados<\/b>. Perfecto para cualquier <b>Las Vegas<\/b>-Esta bandeja \u00fanica atrae la atenci\u00f3n y fomenta la interacci\u00f3n, lo que la convierte en un excelente complemento para su negocio u hogar. Tanto si sirve <b>chupitos de tequila<\/b>, <b>chupitos de whisky<\/b>u otras bebidas, esta bandeja garantiza una experiencia memorable para sus invitados.<\/p>\n<h3>Atraer a m\u00e1s clientes y aumentar los ingresos<\/h3>\n<p>Lleve la emoci\u00f3n de Las Vegas a su <b>restaurante<\/b>, <b>bar<\/b>o <b>evento<\/b> con este divertido y llamativo <b>Bandeja de degustaci\u00f3n en forma de dados<\/b>. Dise\u00f1ado para alojar peque\u00f1os vasos de degustaci\u00f3n, anima a los clientes a disfrutar de varias bebidas con estilo, aumentando sus ingresos y creando una experiencia \u00fanica en un bar o restaurante. Ideal para <b>noches tem\u00e1ticas<\/b>, <b>bodas<\/b>, <b>cumplea\u00f1os<\/b>o simplemente para celebrar con amigos y familiares, esta bandeja har\u00e1 que la gente vuelva a por m\u00e1s.<\/p>\n<h3>Perfecto para eventos y reportajes fotogr\u00e1ficos<\/h3>\n<p>Esta bandeja no s\u00f3lo sirve bebidas, \u00a1crea ambiente! Su atrevido dise\u00f1o de dados la convierte en un accesorio ideal para <b>oportunidades fotogr\u00e1ficas<\/b> en eventos, para que sus invitados compartan su experiencia en las redes sociales. A\u00f1ada estilo a sus <b>banquete de boda<\/b>, <b>celebraci\u00f3n de cumplea\u00f1os<\/b>o <b>evento corporativo<\/b> incorporando a la decoraci\u00f3n esta juguetona bandeja de vuelo.<\/p>\n<h3>Dise\u00f1o duradero y elegante<\/h3>\n<p>Fabricado con material MDF de alta calidad, el <b>Bandeja de degustaci\u00f3n en forma de dados<\/b> es duradero y ligero a la vez, lo que facilita su transporte y manejo. Su elegante acabado en blanco complementa cualquier tema, a\u00f1adiendo un toque de estilo a la organizaci\u00f3n de su evento. La bandeja tiene capacidad para hasta 10 vasos de chupito (no incluidos) e incluso cuenta con un portavelas para la iluminaci\u00f3n, lo que mejora a\u00fan m\u00e1s el ambiente.<\/p>\n<h3>Especificaciones<\/h3>\n<p>Estas son las principales especificaciones del <b>Bandeja de degustaci\u00f3n en forma de dados<\/b>:<\/p>\n<ul>\n<li><b>Tama\u00f1o total<\/b>: 16\u2033 x 10 1\/8\u2033 x 8.25\u2033 H<\/li>\n<li><b>Capacidad del vaso<\/b>: Capacidad para 10 vasos de chupito (1,25\u2033 de di\u00e1metro cada uno, vasos de chupito no incluidos).<\/li>\n<li><b>Material<\/b>: MDF<\/li>\n<li><b>Peso del art\u00edculo<\/b>: 7.5 lbs<\/li>\n<li><b>Color<\/b>: Blanco<\/li>\n<li><b>Caracter\u00edstica adicional<\/b>: 1 orificio para encender velas<\/li>\n<\/ul>\n<h3>\u00bfPor qu\u00e9 elegir la bandeja de degustaci\u00f3n en forma de dado?<\/h3>\n<p>Haz que tu pr\u00f3ximo evento, noche tem\u00e1tica o fiesta destaque con el <b>Bandeja de degustaci\u00f3n en forma de dados<\/b>. Su dise\u00f1o l\u00fadico, combinado con la practicidad de servir varios chupitos a la vez, hace que sea un \u00e9xito entre clientes e invitados por igual. Ya sea para uso personal o en su negocio, esta bandeja es la manera perfecta de a\u00f1adir diversi\u00f3n, interacci\u00f3n y estilo a su configuraci\u00f3n.<\/p>","protected":false},"excerpt":{"rendered":"<p class=\"p1\">En <b>Bandeja de degustaci\u00f3n en forma de dados<\/b> es un complemento divertido y elegante para cualquier evento o celebraci\u00f3n con tem\u00e1tica de Las Vegas. Capacidad para 10 vasos de chupito.<\/p>","protected":false},"featured_media":134206,"comment_status":"open","ping_status":"closed","template":"","meta":{"iawp_total_views":29},"product_brand":[],"product_cat":[96],"product_tag":[255,249,253,250,254,251,252,257,256],"class_list":{"0":"post-96489","1":"product","2":"type-product","3":"status-publish","4":"has-post-thumbnail","6":"product_cat-shot-flight-trays","7":"product_tag-bar-decor","8":"product_tag-dice-shaped-tasting-tray","9":"product_tag-event-props","10":"product_tag-las-vegas-decor","11":"product_tag-restaurant-decor","12":"product_tag-shot-glass-tray","13":"product_tag-tasting-flight-tray","14":"product_tag-tasting-flight-tray-for-events","15":"product_tag-themed-night-decor","17":"first","18":"instock","19":"taxable","20":"shipping-taxable","21":"purchasable","22":"product-type-simple"},"exclude_global_add_ons":[],"addons":[],"_links":{"self":[{"href":"https:\/\/froece.com\/es\/wp-json\/wp\/v2\/product\/96489","targetHints":{"allow":["GET"]}}],"collection":[{"href":"https:\/\/froece.com\/es\/wp-json\/wp\/v2\/product"}],"about":[{"href":"https:\/\/froece.com\/es\/wp-json\/wp\/v2\/types\/product"}],"replies":[{"embeddable":true,"href":"https:\/\/froece.com\/es\/wp-json\/wp\/v2\/comments?post=96489"}],"wp:featuredmedia":[{"embeddable":true,"href":"https:\/\/froece.com\/es\/wp-json\/wp\/v2\/media\/134206"}],"wp:attachment":[{"href":"https:\/\/froece.com\/es\/wp-json\/wp\/v2\/media?parent=96489"}],"wp:term":[{"taxonomy":"product_brand","embeddable":true,"href":"https:\/\/froece.com\/es\/wp-json\/wp\/v2\/product_brand?post=96489"},{"taxonomy":"product_cat","embeddable":true,"href":"https:\/\/froece.com\/es\/wp-json\/wp\/v2\/product_cat?post=96489"},{"taxonomy":"product_tag","embeddable":true,"href":"https:\/\/froece.com\/es\/wp-json\/wp\/v2\/product_tag?post=96489"}],"curies":[{"name":"wp","href":"https:\/\/api.w.org\/{rel}","templated":true}]}}