{"id":96483,"date":"2023-12-18T08:18:34","date_gmt":"2023-12-18T16:18:34","guid":{"rendered":"https:\/\/froece.com\/product\/ice-cream-tasting-flight-tray\/"},"modified":"2025-12-03T13:45:02","modified_gmt":"2025-12-03T21:45:02","slug":"helado-degustacion-vuelo-bandeja-celebraciones-rosa","status":"publish","type":"product","link":"https:\/\/froece.com\/es\/product\/ice-cream-tasting-flight-tray-pink-celebrations\/","title":{"rendered":"Bandeja de helados - Rosa para celebraciones"},"content":{"rendered":"<h2>Bandeja de helados - Edici\u00f3n rosa<\/h2>\n<p>ATRAER, CELEBRAR, ATRAER, \u00a1CELEBRAR! Eleve su negocio y atraiga a sus clientes con este divertido y vibrante <b>Bandeja de helados<\/b>. Dise\u00f1ada para alojar copas de helado, bebidas y aperitivos, esta bandeja de vuelo de degustaci\u00f3n es perfecta para crear experiencias memorables, tanto en su negocio como para uso personal. No se trata solo de servir comida, se trata de hacer que cada momento sea especial, \u00a1perfecto para compartir en las redes sociales!<\/p>\n<p><strong><em>****PLEASE NOTE THIS ITEM IS MADE TO ORDER ONLY****<\/em><\/strong><\/p>\n<h3>Atraer a m\u00e1s clientes y aumentar los ingresos<\/h3>\n<p>Este llamativo <b>Bandeja de helado<\/b> es el complemento ideal para restaurantes, cafeter\u00edas y caterings. Con su color rosa brillante y su elegante dise\u00f1o, seguro que destacar\u00e1, llamar\u00e1 la atenci\u00f3n y le ayudar\u00e1 a aumentar sus ventas. Tanto si se utiliza en helader\u00edas, fiestas de cumplea\u00f1os o eventos corporativos, esta bandeja est\u00e1 dise\u00f1ada para causar impresi\u00f3n.<\/p>\n<h3>Cree momentos perfectos<\/h3>\n<p>Con un dise\u00f1o perfecto para hacer fotos, este <b>Bandeja de degustaci\u00f3n de helados<\/b> ayuda a crear momentos memorables para las redes sociales y la marca de eventos. Incluso puede personalizarlo con calcoman\u00edas con el logotipo de su empresa o un mensaje especial, convirti\u00e9ndolo en la pieza central de bodas, fiestas de cumplea\u00f1os y eventos tem\u00e1ticos.<\/p>\n<h3>Ideal para diversos entornos<\/h3>\n<p>Perfecto para <b>restaurantes<\/b>, <b>hoteles<\/b>, <b>helader\u00edas<\/b>y <b>catering<\/b>Esta bandeja a\u00f1ade un toque de creatividad a cualquier evento. Su exclusiva presentaci\u00f3n en la mesa la convertir\u00e1 en una de las favoritas tanto para celebraciones infantiles como para adultos. Util\u00edcela para sostener <b>copas de helado<\/b>, <b>bebidas<\/b>, <b>aperitivos<\/b>y mucho m\u00e1s, ofreciendo una experiencia divertida e interactiva a sus invitados.<\/p>\n<h3>Especificaciones<\/h3>\n<p>Estas son las principales caracter\u00edsticas del <b>Bandeja de helados<\/b>:<\/p>\n<ul>\n<li><b>Tama\u00f1o total<\/b>: 18\u2033 x 11.75\u2033 x 15\u2033 Alto<\/li>\n<li><b>Capacidad de la taza<\/b>: Tiene capacidad para 8 tazas (cada recorte mide 2,25\u2033 de di\u00e1metro)<\/li>\n<li><b>Caracter\u00edsticas adicionales<\/b>2 recortes para velas<\/li>\n<li><b>Material<\/b>: MDF<\/li>\n<li><b>Peso del art\u00edculo<\/b>: 7.8 lbs<\/li>\n<li><b>Color<\/b>: Rosa<\/li>\n<\/ul>\n<h3>\u00bfPor qu\u00e9 elegir la bandeja de helados?<\/h3>\n<p>Este <b>Bandeja de helado<\/b> es algo m\u00e1s que un accesorio para servir: es una forma \u00fanica de elevar su marca, deleitar a sus clientes y crear momentos compartibles. Ya sea para un establecimiento comercial o una celebraci\u00f3n privada, esta bandeja a\u00f1ade un toque divertido, festivo y funcional a cualquier evento.<\/p>","protected":false},"excerpt":{"rendered":"<p class=\"p1\">En <b>Bandeja de helados - Edici\u00f3n rosa<\/b> es perfecto para eventos, celebraciones y redes sociales. Tiene capacidad para 8 tazas con recortes adicionales para velas. Ideal para restaurantes y fiestas.<\/p>","protected":false},"featured_media":116927,"comment_status":"open","ping_status":"closed","template":"","meta":{"iawp_total_views":52},"product_brand":[],"product_cat":[96],"product_tag":[266,265,261,53,262,264,263,254,267,252],"class_list":{"0":"post-96483","1":"product","2":"type-product","3":"status-publish","4":"has-post-thumbnail","6":"product_cat-shot-flight-trays","7":"product_tag-catering-tray","8":"product_tag-dessert-tray","9":"product_tag-event-decor","10":"product_tag-ice-cream-shop-decor","11":"product_tag-ice-cream-tasting-tray","12":"product_tag-ice-cream-tray","13":"product_tag-pink-flight-tray","14":"product_tag-restaurant-decor","15":"product_tag-social-media-prop","16":"product_tag-tasting-flight-tray","17":"product_shipping_class-flat-shipping-fee","19":"first","20":"outofstock","21":"taxable","22":"shipping-taxable","23":"purchasable","24":"product-type-simple"},"exclude_global_add_ons":[],"addons":[],"_links":{"self":[{"href":"https:\/\/froece.com\/es\/wp-json\/wp\/v2\/product\/96483","targetHints":{"allow":["GET"]}}],"collection":[{"href":"https:\/\/froece.com\/es\/wp-json\/wp\/v2\/product"}],"about":[{"href":"https:\/\/froece.com\/es\/wp-json\/wp\/v2\/types\/product"}],"replies":[{"embeddable":true,"href":"https:\/\/froece.com\/es\/wp-json\/wp\/v2\/comments?post=96483"}],"wp:featuredmedia":[{"embeddable":true,"href":"https:\/\/froece.com\/es\/wp-json\/wp\/v2\/media\/116927"}],"wp:attachment":[{"href":"https:\/\/froece.com\/es\/wp-json\/wp\/v2\/media?parent=96483"}],"wp:term":[{"taxonomy":"product_brand","embeddable":true,"href":"https:\/\/froece.com\/es\/wp-json\/wp\/v2\/product_brand?post=96483"},{"taxonomy":"product_cat","embeddable":true,"href":"https:\/\/froece.com\/es\/wp-json\/wp\/v2\/product_cat?post=96483"},{"taxonomy":"product_tag","embeddable":true,"href":"https:\/\/froece.com\/es\/wp-json\/wp\/v2\/product_tag?post=96483"}],"curies":[{"name":"wp","href":"https:\/\/api.w.org\/{rel}","templated":true}]}}