{"id":96480,"date":"2023-12-18T08:18:31","date_gmt":"2023-12-18T16:18:31","guid":{"rendered":"https:\/\/froece.com\/product\/table-top-shot-glass-bar-cart-dollars-american-express\/"},"modified":"2025-12-03T13:45:01","modified_gmt":"2025-12-03T21:45:01","slug":"vaso-de-chupito-carrito-de-bar-dollar-american-express","status":"publish","type":"product","link":"https:\/\/froece.com\/es\/product\/shot-glass-bar-cart-dollar-american-express\/","title":{"rendered":"Carrito de copas de sobremesa - Estilo Dollar y American Express"},"content":{"rendered":"<h2>Carrito de copas de sobremesa - Tema de billetes de d\u00f3lar y American Express<\/h2>\n<p>\u00bfQuiere atraer m\u00e1s clientes a su negocio, ver m\u00e1s caras felices y aumentar sus ingresos? En <b>Carrito de copas de sobremesa<\/b> envuelto en billetes de d\u00f3lar y logotipos de American Express es la soluci\u00f3n perfecta para quienes adoran celebrar el \u00e9xito. Tanto si lo usas para el servicio de botellas como si es un complemento divertido para tu bar, este carrito de sobremesa grita JEFE y seguro que causa impresi\u00f3n.<\/p>\n<h3>Impulse su negocio con estilo<\/h3>\n<p>Este singular <b>carrito de chupitos<\/b> no s\u00f3lo es ideal para servir bebidas y aperitivos, sino que tambi\u00e9n es una forma fant\u00e1stica de aumentar sus ingresos. Ideal para el servicio de botella, regalos de empresa o simplemente para iniciar una conversaci\u00f3n, aporta un toque de lujo a cualquier ocasi\u00f3n. \u00bfQuiere hacer un regalo perfecto? No busque m\u00e1s: este carro es un regalo divertido y elegante que encarna el \u00e9xito.<\/p>\n<h3>Perfecto para cualquier ocasi\u00f3n<\/h3>\n<p>Tanto si est\u00e1 preparando una fiesta, un cumplea\u00f1os, un evento corporativo o simplemente relaj\u00e1ndose en casa, este <b>Carrito de bar de sobremesa<\/b> es vers\u00e1til y elegante. Util\u00edcelo para servir sus aperitivos y bebidas favoritos, como churros, pasteles, helados, ma\u00edz y mucho m\u00e1s. Tambi\u00e9n es un llamativo complemento para hoteles, casinos, concesionarios de autom\u00f3viles y bares dom\u00e9sticos.<\/p>\n<h3>Adaptable a sus necesidades<\/h3>\n<p>\u00bfTe interesa personalizar tu carrito? Visita nuestra IG @Beyondpaletacart para ver m\u00e1s dise\u00f1os, accesorios y colores personalizados. \u00bfTienes una idea en mente? Cu\u00e9ntanosla y haremos todo lo posible por hacerla realidad.<\/p>\n<h3>Especificaciones<\/h3>\n<p>Estas son las principales caracter\u00edsticas del <b>Carrito de copas de sobremesa<\/b>:<\/p>\n<ul>\n<li><b>Tama\u00f1o total<\/b>: 17\u2033 x 12,25\u2033 x 9\u2033 H<\/li>\n<li><b>Material<\/b>: Caja MDF - 15.75\u2033 x 9.5\u2033 x 8\u2033 H<\/li>\n<li><b>Ruedas<\/b>2 ruedas para mayor movilidad<\/li>\n<li><b>Peso del art\u00edculo<\/b>: 9 lbs<\/li>\n<li><b>Mango<\/b>: Mango cromado para facilitar su uso<\/li>\n<li><b>Incluye<\/b>: 4 vasos de chupito (de 2 oz cada uno) y 1 recipiente de acero inoxidable<\/li>\n<\/ul>\n<h3>\u00bfPor qu\u00e9 elegir el carro de copas de sobremesa?<\/h3>\n<p>En <b>Carrito de copas de sobremesa<\/b> no es s\u00f3lo un utensilio funcional para servir, sino tambi\u00e9n una pieza que realza cualquier evento empresarial o personal. Su dise\u00f1o \u00fanico envuelto en billetes de d\u00f3lar y logotipos de AMEX crea una experiencia inolvidable para sus invitados, por lo que es una opci\u00f3n perfecta para negocios, bares en casa y regalos.<\/p>","protected":false},"excerpt":{"rendered":"<p class=\"p1\">En <b>Carrito de copas de sobremesa<\/b> envuelto en billetes de d\u00f3lar y logotipos de American Express es perfecto para atraer clientes y aumentar los ingresos. Ideal para servicio de botella y eventos.<\/p>","protected":false},"featured_media":134396,"comment_status":"open","ping_status":"closed","template":"","meta":{"iawp_total_views":25},"product_brand":[],"product_cat":[60],"product_tag":[272,271,270,275,273,277,274,268,276,269],"class_list":{"0":"post-96480","1":"product","2":"type-product","3":"status-publish","4":"has-post-thumbnail","6":"product_cat-tabletop-snack-carts","7":"product_tag-american-express-themed-cart","8":"product_tag-bar-cart","9":"product_tag-bottle-service-cart","10":"product_tag-business-gift","11":"product_tag-dollar-bill-cart","12":"product_tag-home-bar-cart","13":"product_tag-luxury-bar-cart","14":"product_tag-shot-glass-bar-cart","15":"product_tag-table-shot-glass-holder","16":"product_tag-tabletop-bar-cart","17":"product_shipping_class-flat-shipping-fee","19":"first","20":"outofstock","21":"taxable","22":"shipping-taxable","23":"purchasable","24":"product-type-simple"},"exclude_global_add_ons":[],"addons":[],"_links":{"self":[{"href":"https:\/\/froece.com\/es\/wp-json\/wp\/v2\/product\/96480","targetHints":{"allow":["GET"]}}],"collection":[{"href":"https:\/\/froece.com\/es\/wp-json\/wp\/v2\/product"}],"about":[{"href":"https:\/\/froece.com\/es\/wp-json\/wp\/v2\/types\/product"}],"replies":[{"embeddable":true,"href":"https:\/\/froece.com\/es\/wp-json\/wp\/v2\/comments?post=96480"}],"wp:featuredmedia":[{"embeddable":true,"href":"https:\/\/froece.com\/es\/wp-json\/wp\/v2\/media\/134396"}],"wp:attachment":[{"href":"https:\/\/froece.com\/es\/wp-json\/wp\/v2\/media?parent=96480"}],"wp:term":[{"taxonomy":"product_brand","embeddable":true,"href":"https:\/\/froece.com\/es\/wp-json\/wp\/v2\/product_brand?post=96480"},{"taxonomy":"product_cat","embeddable":true,"href":"https:\/\/froece.com\/es\/wp-json\/wp\/v2\/product_cat?post=96480"},{"taxonomy":"product_tag","embeddable":true,"href":"https:\/\/froece.com\/es\/wp-json\/wp\/v2\/product_tag?post=96480"}],"curies":[{"name":"wp","href":"https:\/\/api.w.org\/{rel}","templated":true}]}}