{"id":96477,"date":"2023-12-18T08:18:28","date_gmt":"2023-12-18T16:18:28","guid":{"rendered":"https:\/\/froece.com\/product\/bus-shaped-tabel-top-snack-cart\/"},"modified":"2025-12-03T13:45:00","modified_gmt":"2025-12-03T21:45:00","slug":"carro-de-aperitivos-blanco-con-forma-de-autobus","status":"publish","type":"product","link":"https:\/\/froece.com\/es\/product\/white-bus-shaped-snack-cart\/","title":{"rendered":"Carro de aperitivos de sobremesa con forma de autob\u00fas - Aumente sus ventas y su diversi\u00f3n"},"content":{"rendered":"<h2>Carro de aperitivos de sobremesa con forma de autob\u00fas: una forma divertida de servir y celebrar<\/h2>\n<p>\u00bfQuiere atraer a m\u00e1s clientes a su establecimiento, ver m\u00e1s caras sonrientes y aumentar las ventas? En <b>Carro de aperitivos de sobremesa con forma de autob\u00fas<\/b> en blanco es un complemento divertido y llamativo para cualquier negocio u hogar. Tanto si busca mejorar la experiencia del cliente, celebrar una ocasi\u00f3n especial o hacer el regalo personalizado perfecto, este carrito de sobremesa es una soluci\u00f3n vers\u00e1til que aporta alegr\u00eda y rentabilidad.<\/p>\n<h3>Perfecto para empresas y eventos<\/h3>\n<p>Este singular <b>carro de aperitivos<\/b> es ideal para negocios como restaurantes, casinos, hoteles y concesionarios de autom\u00f3viles. Tambi\u00e9n es ideal para servir una gran variedad de golosinas, como churros, pasteles, helados y ma\u00edz. Convi\u00e9rtalo en un elemento destacado en eventos, fiestas o en el bar de su casa, y vea c\u00f3mo deleita a invitados y clientes por igual. A\u00f1ada algunos toques personales y este carrito con forma de autob\u00fas se convertir\u00e1 en un regalo memorable para Navidad, cumplea\u00f1os y mucho m\u00e1s.<\/p>\n<h3>Personalizable para darle un toque personal<\/h3>\n<p>\u00bfQuieres que este carrito sea a\u00fan m\u00e1s especial? Puede personalizarlo con pegatinas de vinilo personalizadas, convirti\u00e9ndolo en un elemento \u00fanico para su negocio o su hogar. Desde las ventanas hasta la parrilla delantera, puedes dise\u00f1arlo para que se adapte a tu marca o gusto personal. \u00a1Echa un vistazo a nuestro IG @Beyondpaletacart para m\u00e1s ideas de personalizaci\u00f3n!<\/p>\n<h3>Especificaciones<\/h3>\n<p>Estos son los principales detalles del <b>Carro de aperitivos de sobremesa con forma de autob\u00fas<\/b>:<\/p>\n<ul>\n<li><b>Tama\u00f1o total<\/b>: 22\u2033 x 10.75\u2033 x 11.5\u2033 H<\/li>\n<li><b>Material<\/b>: Caja MDF - 18.5\u2033 x 7 7\/8\u2033 x 9.5\u2033 H<\/li>\n<li><b>Ruedas<\/b>: 4 ruedas (4\u2033 de di\u00e1metro)<\/li>\n<li><b>Peso del art\u00edculo<\/b>: 12 libras<\/li>\n<li><b>Asas<\/b>2 tiradores cromados<\/li>\n<li><b>Incluye<\/b>: 1 recipiente grande y 3 recipientes m\u00e1s peque\u00f1os<\/li>\n<\/ul>\n<h3>\u00bfPor qu\u00e9 elegir el carro de aperitivos de sobremesa con forma de autob\u00fas?<\/h3>\n<p>En <b>Carro de aperitivos de sobremesa con forma de autob\u00fas<\/b> no s\u00f3lo a\u00f1ade un elemento l\u00fadico a cualquier entorno, sino que tambi\u00e9n mejora la experiencia de sus invitados o clientes. Su encantador dise\u00f1o y sus opciones de personalizaci\u00f3n lo convierten en una excelente opci\u00f3n para empresas y uso personal. Tanto si busca atraer a m\u00e1s clientes como alegrar una reuni\u00f3n familiar, este carrito ofrece resultados.<\/p>","protected":false},"excerpt":{"rendered":"<p class=\"p1\">En <b>Carro de aperitivos de sobremesa con forma de autob\u00fas<\/b> es una soluci\u00f3n divertida y personalizable para impulsar las ventas, atraer clientes y hacer que los eventos sean memorables. Perfecto para restaurantes, fiestas y regalos.<\/p>","protected":false},"featured_media":116664,"comment_status":"open","ping_status":"closed","template":"","meta":{"iawp_total_views":19},"product_brand":[],"product_cat":[60],"product_tag":[286,278,287,280,281,282,285,284,283,279],"class_list":{"0":"post-96477","1":"product","2":"type-product","3":"status-publish","4":"has-post-thumbnail","6":"product_cat-tabletop-snack-carts","7":"product_tag-birthday-gift-cart","8":"product_tag-bus-snack-cart","9":"product_tag-christmas-gift-cart","10":"product_tag-customizable-snack-cart","11":"product_tag-dessert-cart","12":"product_tag-food-service-cart","13":"product_tag-restaurant-snack-cart","14":"product_tag-snack-cart-for-events","15":"product_tag-tabletop-bus-cart","16":"product_tag-tabletop-snack-cart","17":"product_shipping_class-flat-shipping-fee","19":"first","20":"outofstock","21":"taxable","22":"shipping-taxable","23":"purchasable","24":"product-type-simple"},"exclude_global_add_ons":[],"addons":[],"_links":{"self":[{"href":"https:\/\/froece.com\/es\/wp-json\/wp\/v2\/product\/96477","targetHints":{"allow":["GET"]}}],"collection":[{"href":"https:\/\/froece.com\/es\/wp-json\/wp\/v2\/product"}],"about":[{"href":"https:\/\/froece.com\/es\/wp-json\/wp\/v2\/types\/product"}],"replies":[{"embeddable":true,"href":"https:\/\/froece.com\/es\/wp-json\/wp\/v2\/comments?post=96477"}],"wp:featuredmedia":[{"embeddable":true,"href":"https:\/\/froece.com\/es\/wp-json\/wp\/v2\/media\/116664"}],"wp:attachment":[{"href":"https:\/\/froece.com\/es\/wp-json\/wp\/v2\/media?parent=96477"}],"wp:term":[{"taxonomy":"product_brand","embeddable":true,"href":"https:\/\/froece.com\/es\/wp-json\/wp\/v2\/product_brand?post=96477"},{"taxonomy":"product_cat","embeddable":true,"href":"https:\/\/froece.com\/es\/wp-json\/wp\/v2\/product_cat?post=96477"},{"taxonomy":"product_tag","embeddable":true,"href":"https:\/\/froece.com\/es\/wp-json\/wp\/v2\/product_tag?post=96477"}],"curies":[{"name":"wp","href":"https:\/\/api.w.org\/{rel}","templated":true}]}}