{"id":96474,"date":"2023-12-18T08:18:25","date_gmt":"2023-12-18T16:18:25","guid":{"rendered":"https:\/\/froece.com\/product\/table-top-gelato-snack-cart\/"},"modified":"2025-12-03T13:45:17","modified_gmt":"2025-12-03T21:45:17","slug":"helado-carrito-de-sobremesa","status":"publish","type":"product","link":"https:\/\/froece.com\/es\/product\/gelato-ice-cream-table-top-cart\/","title":{"rendered":"Carro de helados de sobremesa - Aumente sus ventas y deleite a sus clientes"},"content":{"rendered":"<h2>Carro de helados de sobremesa - Aumente sus ventas y deleite a sus clientes<\/h2>\n<p>\u00bfQuiere atraer a m\u00e1s clientes a su establecimiento, ver m\u00e1s caras sonrientes y aumentar las ventas? En <b>Carrito de helados<\/b> es el complemento perfecto para cualquier negocio o evento. Con su elegante dise\u00f1o, puede utilizarse en helader\u00edas, restaurantes o incluso para celebraciones especiales en casa. Este carrito ofrece una forma vers\u00e1til y atractiva de servir aperitivos como churros, tarta, helado, ma\u00edz y mucho m\u00e1s, lo que lo convierte en una valiosa herramienta para cualquier ocasi\u00f3n.<\/p>\n<h3>Ideal para negocios y eventos<\/h3>\n<p>Este carro de aperitivos de sobremesa no s\u00f3lo es ideal para servir helados, sino tambi\u00e9n para servicios de catering, fiestas de cumplea\u00f1os, restaurantes y hoteles. Mejore las experiencias de los clientes con una presentaci\u00f3n divertida y funcional que llame la atenci\u00f3n y aporte alegr\u00eda. Incluso puede personalizarlo para adaptarlo a su tema o evento especial, haci\u00e9ndolo \u00fanico y memorable.<\/p>\n<h3>Hecho a mano y personalizable<\/h3>\n<p>Cada <b>Carrito de helados<\/b> est\u00e1 hecho a mano por artesanos que aman lo que hacen. Estos carros \u00fanicos en su especie se dise\u00f1an con cuidado y precisi\u00f3n, garantizando que cada pieza sea una obra de arte. \u00bfNecesita un color espec\u00edfico o un dise\u00f1o personalizado? H\u00e1ganoslo saber y haremos todo lo posible por crear el carro perfecto para sus necesidades.<\/p>\n<h3>Especificaciones<\/h3>\n<p>Estos son los principales detalles del <b>Carrito de helados<\/b>:<\/p>\n<ul>\n<li><b>Tama\u00f1o total<\/b>: 17.15\u2033 x 13\u2033 x 20.5\u2033 H<\/li>\n<li><b>Material<\/b>: MDF (tablero de fibra de densidad media)<\/li>\n<li><b>Contenedores Material<\/b>: Acero inoxidable (2 recipientes grandes, 4 recipientes para tapas)<\/li>\n<li><b>Peso del art\u00edculo<\/b>: 12 libras<\/li>\n<li><b>Asas<\/b>: Tirador cromado<\/li>\n<\/ul>\n<h3>\u00bfPor qu\u00e9 elegir el carro de helados de sobremesa?<\/h3>\n<p>Este vers\u00e1til carrito aumenta la satisfacci\u00f3n del cliente y crea una experiencia memorable en cada evento. Ya sea para servir en una helader\u00eda, en un evento corporativo o como elemento divertido en una fiesta, este carrito ofrece funcionalidad y encanto. Perfecto para restaurantes, bodas, casinos o incluso como regalo exclusivo.<\/p>\n<h3>Perfecto para uso personal y profesional<\/h3>\n<p>En <b>Carrito de helados<\/b> se adapta a una gran variedad de entornos, desde expositores en vest\u00edbulos y decoraci\u00f3n de restaurantes hasta fiestas en boutiques y regalos de empresa. Util\u00edcelo para fiestas de cumplea\u00f1os, eventos de verano o como elemento destacado en su restaurante o negocio de catering. Haga que cada momento sea especial con este elegante carrito.<\/p>","protected":false},"excerpt":{"rendered":"<p class=\"p1\">En <b>Carrito de helados<\/b> es un complemento divertido y funcional para restaurantes, eventos y servicios de catering. Personalizable, elegante y dise\u00f1ado para impulsar las ventas.<\/p>","protected":false},"featured_media":169861,"comment_status":"open","ping_status":"closed","template":"","meta":{"iawp_total_views":68},"product_brand":[],"product_cat":[60],"product_tag":[152,290,281,292,288,291,254,78,289,279],"class_list":{"0":"post-96474","1":"product","2":"type-product","3":"status-publish","4":"has-post-thumbnail","6":"product_cat-tabletop-snack-carts","7":"product_tag-catering-cart","8":"product_tag-customizable-cart","9":"product_tag-dessert-cart","10":"product_tag-event-cart","11":"product_tag-gelato-cart","12":"product_tag-ice-cream-shop","13":"product_tag-restaurant-decor","14":"product_tag-snack-cart","15":"product_tag-tabletop-ice-cream-cart","16":"product_tag-tabletop-snack-cart","17":"product_shipping_class-flat-shipping-fee","19":"first","20":"instock","21":"taxable","22":"shipping-taxable","23":"purchasable","24":"product-type-variable","25":"has-default-attributes"},"exclude_global_add_ons":[],"addons":[],"_links":{"self":[{"href":"https:\/\/froece.com\/es\/wp-json\/wp\/v2\/product\/96474","targetHints":{"allow":["GET"]}}],"collection":[{"href":"https:\/\/froece.com\/es\/wp-json\/wp\/v2\/product"}],"about":[{"href":"https:\/\/froece.com\/es\/wp-json\/wp\/v2\/types\/product"}],"replies":[{"embeddable":true,"href":"https:\/\/froece.com\/es\/wp-json\/wp\/v2\/comments?post=96474"}],"wp:featuredmedia":[{"embeddable":true,"href":"https:\/\/froece.com\/es\/wp-json\/wp\/v2\/media\/169861"}],"wp:attachment":[{"href":"https:\/\/froece.com\/es\/wp-json\/wp\/v2\/media?parent=96474"}],"wp:term":[{"taxonomy":"product_brand","embeddable":true,"href":"https:\/\/froece.com\/es\/wp-json\/wp\/v2\/product_brand?post=96474"},{"taxonomy":"product_cat","embeddable":true,"href":"https:\/\/froece.com\/es\/wp-json\/wp\/v2\/product_cat?post=96474"},{"taxonomy":"product_tag","embeddable":true,"href":"https:\/\/froece.com\/es\/wp-json\/wp\/v2\/product_tag?post=96474"}],"curies":[{"name":"wp","href":"https:\/\/api.w.org\/{rel}","templated":true}]}}