{"id":93847,"date":"2023-12-12T23:37:52","date_gmt":"2023-12-13T07:37:52","guid":{"rendered":"https:\/\/froece.com\/product\/popsicle-cart-with-sliding-glass-doors-3-different-looks-2\/"},"modified":"2026-05-01T17:12:37","modified_gmt":"2026-05-02T00:12:37","slug":"gran-carro-de-paletas-puertas-correderas-de-cristal","status":"publish","type":"product","link":"https:\/\/froece.com\/es\/product\/large-popsicle-cart-sliding-glass-doors\/","title":{"rendered":"Elegante carro grande para paletas con puertas correderas de cristal - 3 looks \u00fanicos"},"content":{"rendered":"<h2>Elegante carrito de paletas de gran tama\u00f1o con puertas correderas de cristal - 3 looks diferentes<\/h2>\n<p>Este blanco de gran tama\u00f1o <strong>Carrito de paletas<\/strong> viene con molduras pintadas de blanco y puertas correderas de cristal, ofreciendo 3 aspectos distintos con un marco superior de madera desmontable. Perfecto para servir delicias congeladas, helados y postres, este carro es un espect\u00e1culo para cualquier evento o negocio.<\/p>\n<p><em>*El carro no viene personalizado y no incluye atrezzo ni paraguas.<\/em><\/p>\n<h3>Productos<\/h3>\n<p>Ideal para la venta de golosinas congeladas, helados y postres, este <strong>Carrito de paletas<\/strong> est\u00e1 fabricada en polietileno de alta densidad duradero y f\u00e1cil de limpiar. El compartimento aislado mantiene la temperatura para art\u00edculos calientes o fr\u00edos, mientras que el dise\u00f1o m\u00f3vil ofrece un servicio flexible. Almacene hasta 600 polos o 4 tarrinas de 3 galones sin necesidad de electricidad; funciona tanto con hielo seco como con placas fr\u00edas.<\/p>\n<h3>Impulsa tu negocio con este impresionante carrito de polos<\/h3>\n<p>Este <strong>Carro de Paleta<\/strong> es una inversi\u00f3n perfecta para los empresarios que desean iniciar o ampliar su negocio. Sus elegantes puertas correderas de cristal mejoran la visibilidad, aumentando la atracci\u00f3n de clientes. F\u00e1cil de maniobrar gracias a su dise\u00f1o ligero y a sus ruedas delanteras giratorias, el carrito est\u00e1 dise\u00f1ado para su uso tanto en interiores como en exteriores. Ya sea para eventos pop-up o tiendas f\u00edsicas, este carrito hace que la venta de golosinas congeladas sea pan comido.<\/p>\n<h3>Aplicaciones vers\u00e1tiles para eventos<\/h3>\n<p>En <strong>Carro de paletas<\/strong> es ideal para una amplia gama de eventos, incluyendo picnics de la iglesia, mercados de agricultores, eventos pop-up, ferias callejeras, parques de atracciones, actuaciones de catering, y mucho m\u00e1s. Es perfecto para servir delicias congeladas, bebidas, licores y postres en eventos especiales como bodas, quincea\u00f1eras, reuniones de empresa y fiestas en la piscina. Maximice el potencial de su negocio ofreciendo algo \u00fanico y llamativo.<\/p>\n<h3>Usos comerciales y personales<\/h3>\n<p>Tanto si desea utilizar este carro para fines profesionales como personales, se adapta a una amplia gama de necesidades:<\/p>\n<p>- Bodas, quincea\u00f1eras, fiestas de cumplea\u00f1os, despedidas de soltera y baby showers.<\/p>\n<p>- Fiestas en la piscina, fiestas de verano, eventos corporativos y concesionarios de coches.<\/p>\n<p>- Organizadores de eventos y empresas de alquiler.<\/p>\n<h3>Especificaciones<\/h3>\n<p>En <strong>Carro de paletas grande<\/strong> est\u00e1 dise\u00f1ado para ofrecer la m\u00e1xima eficacia y atractivo:<\/p>\n<ul>\n<li>Overall dimensions including handlebar: 47 L x 30 W x 40&#8243;H<\/li>\n<li>Insulated box dimensions for wrapping: 37.75 L x 21 W x 21.5&#8243;H<\/li>\n<li>Inside measurements: 34.65 x 17 x 16.1&#8243;H<\/li>\n<li>Soporte para paraguas: 1,5\u2033 de di\u00e1metro<\/li>\n<li>Ruedas: ruedas de carretilla de 26\u2033 con una rueda giratoria delantera.<\/li>\n<li>Peso total: 100 libras<\/li>\n<li>Funciona con hielo seco o placas fr\u00edas, no necesita electricidad<\/li>\n<\/ul>\n<p><em>Nota: Como los carros est\u00e1n hechos a mano, puede haber ligeras variaciones en las dimensiones.<\/em><\/p>\n<h3>Personalizaci\u00f3n<\/h3>\n<p>Como todos nuestros productos, este <strong>Carrito de paletas<\/strong> puede personalizarse para adaptarse a sus necesidades. D\u00edganos si lo necesita en otro color o si tiene una idea para un proyecto especial. Haremos todo lo posible por hacer realidad su visi\u00f3n.<\/p>\n<p>**Each cart is lovingly hand-built by skilled artisans. Because every piece is made by hand, variations or imperfections may occur\u2014these are a natural part of the craftsmanship and make each cart truly unique.<\/p>","protected":false},"excerpt":{"rendered":"<p class=\"p1\">En <b>Carro de paletas grande con puertas correderas de cristal<\/b> es perfecto para servir helados en eventos o negocios. Tiene capacidad para 600 polos y ofrece 3 aspectos \u00fanicos.<\/p>","protected":false},"featured_media":4770312,"comment_status":"open","ping_status":"closed","template":"","meta":{"iawp_total_views":307},"product_brand":[],"product_cat":[58],"product_tag":[152,281,292,91,311,161,145,313,312,163],"class_list":{"0":"post-93847","1":"product","2":"type-product","3":"status-publish","4":"has-post-thumbnail","6":"product_cat-popsicle-carts","7":"product_tag-catering-cart","8":"product_tag-dessert-cart","9":"product_tag-event-cart","10":"product_tag-ice-cream-cart","11":"product_tag-large-popsicle-cart","12":"product_tag-paleta-cart","13":"product_tag-popsicle-cart","14":"product_tag-rental-business","15":"product_tag-sliding-glass-doors","16":"product_tag-summer-party-cart","18":"first","19":"instock","20":"taxable","21":"shipping-taxable","22":"purchasable","23":"product-type-variable","24":"has-default-attributes"},"exclude_global_add_ons":[],"addons":[],"_links":{"self":[{"href":"https:\/\/froece.com\/es\/wp-json\/wp\/v2\/product\/93847","targetHints":{"allow":["GET"]}}],"collection":[{"href":"https:\/\/froece.com\/es\/wp-json\/wp\/v2\/product"}],"about":[{"href":"https:\/\/froece.com\/es\/wp-json\/wp\/v2\/types\/product"}],"replies":[{"embeddable":true,"href":"https:\/\/froece.com\/es\/wp-json\/wp\/v2\/comments?post=93847"}],"wp:featuredmedia":[{"embeddable":true,"href":"https:\/\/froece.com\/es\/wp-json\/wp\/v2\/media\/4770312"}],"wp:attachment":[{"href":"https:\/\/froece.com\/es\/wp-json\/wp\/v2\/media?parent=93847"}],"wp:term":[{"taxonomy":"product_brand","embeddable":true,"href":"https:\/\/froece.com\/es\/wp-json\/wp\/v2\/product_brand?post=93847"},{"taxonomy":"product_cat","embeddable":true,"href":"https:\/\/froece.com\/es\/wp-json\/wp\/v2\/product_cat?post=93847"},{"taxonomy":"product_tag","embeddable":true,"href":"https:\/\/froece.com\/es\/wp-json\/wp\/v2\/product_tag?post=93847"}],"curies":[{"name":"wp","href":"https:\/\/api.w.org\/{rel}","templated":true}]}}