{"id":93832,"date":"2023-12-12T23:37:43","date_gmt":"2023-12-13T07:37:43","guid":{"rendered":"https:\/\/froece.com\/product\/classic-popsicle-cart-2\/"},"modified":"2026-04-23T20:50:49","modified_gmt":"2026-04-24T03:50:49","slug":"carro-de-paletas-de-tamano-estandar-neumaticos-gruesos-blancos","status":"publish","type":"product","link":"https:\/\/froece.com\/es\/product\/standard-size-popsicle-cart-white-thick-tires\/","title":{"rendered":"Carro cl\u00e1sico para paletas de tama\u00f1o est\u00e1ndar - Blanco con neum\u00e1ticos gruesos"},"content":{"rendered":"<h2>Carro cl\u00e1sico para paletas tama\u00f1o est\u00e1ndar, carro para paletas, carro para helados - Blanco<\/h2>\n<p>\u00bfQuiere lanzar su propio negocio o a\u00f1adir un elemento llamativo a su evento? En <strong>Carrito de paletas cl\u00e1sico<\/strong> es la soluci\u00f3n perfecta. Esta intemporal <strong>Carro de Paleta<\/strong>Gracias a sus gruesos neum\u00e1ticos y a su robusta estructura de fibra de vidrio, le resultar\u00e1 muy f\u00e1cil servir delicias congeladas y mucho m\u00e1s dondequiera que vaya. Su dise\u00f1o elegante y su portabilidad lo convierten en un producto imprescindible para empresas de catering, eventos o uso personal.<\/p>\n<h3>Productos<\/h3>\n<p>Este <strong>Carrito de helados<\/strong> es una herramienta vers\u00e1til que no requiere electricidad, por lo que es ideal para eventos al aire libre. Su alto aislamiento garantiza que sus delicias congeladas se mantengan fr\u00edas, y puede almacenar hasta 400 polos o 3 tarrinas de 3 galones. Util\u00edcela con hielo seco o placas fr\u00edas para mantener los productos frescos durante horas. Gracias a su dise\u00f1o compacto y ligero, maniobrar con el carrito es muy f\u00e1cil, incluso en espacios reducidos o con mucho tr\u00e1fico. <strong>Los resistentes neum\u00e1ticos de este carrito te permiten empujarlo por aceras, playas y otros lugares mientras haces saber a la gente que est\u00e1s ah\u00ed con tu negocio sobre ruedas.<\/strong><\/p>\n<h3>Aplicaciones empresariales y personales<\/h3>\n<p>En <strong>Carro de Paleta<\/strong> es perfecto para una gran variedad de eventos y fines empresariales. En <strong>picnics en la iglesia<\/strong> y <strong>mercados agr\u00edcolas<\/strong> a <strong>eventos de empresa<\/strong> y <strong>bodas<\/strong>Este carrito impulsar\u00e1 sus ventas y aumentar\u00e1 su visibilidad. Tambi\u00e9n es ideal para servir helados, polos, bebidas, postres, y m\u00e1s en lugares como restaurantes, parques de atracciones, ferias callejeras, e incluso... <strong>vest\u00edbulos de hoteles<\/strong>.<\/p>\n<h3>Perfecto para empresas y eventos<\/h3>\n<p>Ya sea para fines personales o profesionales, este <strong>Carro de paletas<\/strong> brilla en todo tipo de entornos:<\/p>\n<p>- Bodas, Bar\/Bat-Mitzvahs, Quincea\u00f1eras, fiestas de cumplea\u00f1os y fiestas en la piscina<\/p>\n<p>- Eventos corporativos, fiestas de verano y organizadores de eventos<\/p>\n<p>- Servicios de catering, restaurantes y empresas de alquiler<\/p>\n<h3>Especificaciones<\/h3>\n<p>Este <strong>Carrito de Paleta Cl\u00e1sica<\/strong> est\u00e1 dise\u00f1ado pensando en la practicidad y el estilo. Estas son las especificaciones clave:<\/p>\n<ul>\n<li>Overall dimensions (including handlebar): 40&#8243;L x 30&#8243;W x 33.25&#8243;H<\/li>\n<li>Insulated box dimensions for wrapping: 30.25&#8243;L x 20.25&#8243;W x 20&#8243;H<\/li>\n<li>Inside dimensions: 24.25&#8243;L x 16&#8243;W x 14.5&#8243;H<\/li>\n<li>Dimensiones de apertura de la puerta central: 13.75 x 13.75\u2033<\/li>\n<li>Material: Fibra de vidrio, Acero inoxidable, Acero, Base de madera<\/li>\n<li>Funciona con hielo seco o placas fr\u00edas (las placas fr\u00edas se venden por separado)<\/li>\n<li>No necesita electricidad<\/li>\n<li>Capacidad de almacenamiento: Capacidad para 400 polos o 3 tarrinas de 3 galones<\/li>\n<li>Neum\u00e1ticos de arena de 15\u2033 con rueda giratoria delantera para facilitar la movilidad.<\/li>\n<li>Peso total: 84 libras<\/li>\n<li>Parag\u00fcero incluido<\/li>\n<\/ul>\n<p><em>Como los carros est\u00e1n hechos a mano, pueden producirse ligeras variaciones en las dimensiones, lo que a\u00f1ade un toque \u00fanico a cada uno.<\/em><\/p>\n<h3>\u00bfPor qu\u00e9 elegir este carro?<\/h3>\n<p>Este carrito no s\u00f3lo es funcional, sino tambi\u00e9n atractivo, lo que aumenta el atractivo de sus ofertas a la vez que resulta f\u00e1cil de usar. Es el carrito perfecto para iniciar su negocio o a\u00f1adirlo al que ya tiene, garantizando visibilidad y facilidad de uso tanto para eventos a gran escala como a peque\u00f1a escala.<\/p>\n<h3>Opciones de personalizaci\u00f3n<\/h3>\n<p>Podemos personalizar su carrito para adaptarlo a sus necesidades. Si necesita un color diferente o un dise\u00f1o espec\u00edfico, p\u00f3ngase en contacto con nosotros. Trabajaremos para hacer realidad su visi\u00f3n, asegur\u00e1ndonos de que el carrito refleje su marca o evento.<\/p>\n<p>**Each cart is lovingly hand-built by skilled artisans. Because every piece is made by hand, variations or imperfections may occur\u2014these are a natural part of the craftsmanship and make each cart truly unique.<\/p>","protected":false},"excerpt":{"rendered":"<p class=\"p1\">En <b>Carrito de paletas cl\u00e1sico de tama\u00f1o est\u00e1ndar<\/b> con gruesas llantas y ribete blanco es ideal para negocios y eventos. Es compacta, ligera y perfecta para aumentar las ventas.<\/p>","protected":false},"featured_media":4765939,"comment_status":"open","ping_status":"closed","template":"","meta":{"iawp_total_views":471},"product_brand":[],"product_cat":[58],"product_tag":[316,175,91,204,161,149,145,317],"class_list":{"0":"post-93832","1":"product","2":"type-product","3":"status-publish","4":"has-post-thumbnail","6":"product_cat-popsicle-carts","7":"product_tag-classic-popsicle-cart","8":"product_tag-event-catering-cart","9":"product_tag-ice-cream-cart","10":"product_tag-ice-cream-cart-for-sale","11":"product_tag-paleta-cart","12":"product_tag-paleta-cart-for-sale","13":"product_tag-popsicle-cart","14":"product_tag-rental-business-cart","16":"first","17":"instock","18":"taxable","19":"shipping-taxable","20":"purchasable","21":"product-type-variable"},"exclude_global_add_ons":[],"addons":[],"_links":{"self":[{"href":"https:\/\/froece.com\/es\/wp-json\/wp\/v2\/product\/93832","targetHints":{"allow":["GET"]}}],"collection":[{"href":"https:\/\/froece.com\/es\/wp-json\/wp\/v2\/product"}],"about":[{"href":"https:\/\/froece.com\/es\/wp-json\/wp\/v2\/types\/product"}],"replies":[{"embeddable":true,"href":"https:\/\/froece.com\/es\/wp-json\/wp\/v2\/comments?post=93832"}],"wp:featuredmedia":[{"embeddable":true,"href":"https:\/\/froece.com\/es\/wp-json\/wp\/v2\/media\/4765939"}],"wp:attachment":[{"href":"https:\/\/froece.com\/es\/wp-json\/wp\/v2\/media?parent=93832"}],"wp:term":[{"taxonomy":"product_brand","embeddable":true,"href":"https:\/\/froece.com\/es\/wp-json\/wp\/v2\/product_brand?post=93832"},{"taxonomy":"product_cat","embeddable":true,"href":"https:\/\/froece.com\/es\/wp-json\/wp\/v2\/product_cat?post=93832"},{"taxonomy":"product_tag","embeddable":true,"href":"https:\/\/froece.com\/es\/wp-json\/wp\/v2\/product_tag?post=93832"}],"curies":[{"name":"wp","href":"https:\/\/api.w.org\/{rel}","templated":true}]}}