{"id":93823,"date":"2023-12-12T23:37:38","date_gmt":"2023-12-13T07:37:38","guid":{"rendered":"https:\/\/froece.com\/product\/small-popsicle-cart-with-biciycle-tires\/"},"modified":"2025-12-03T13:44:56","modified_gmt":"2025-12-03T21:44:56","slug":"neumaticos-de-bicicleta-para-carritos-de-helados-de-tamano-pequeno","status":"publish","type":"product","link":"https:\/\/froece.com\/es\/product\/small-size-popsicle-cart-bicycle-tires\/","title":{"rendered":"Carro de paletas peque\u00f1o con ruedas de bicicleta - M\u00f3vil y vers\u00e1til"},"content":{"rendered":"<h2>Carro de paletas peque\u00f1o con ruedas de bicicleta<\/h2>\n<p>En <strong>Carro de empuje para paletas de tama\u00f1o peque\u00f1o<\/strong> ofrece la soluci\u00f3n compacta perfecta para servir golosinas heladas en eventos o para hacer crecer su negocio. Gracias a su dise\u00f1o duradero con embellecedores de acero inoxidable y cuerpo de fibra de vidrio, este carro es funcional y elegante, ideal para eventos de todos los tama\u00f1os.<\/p>\n<p><em>*Paraguas y accesorios no incluidos.<\/em><\/p>\n<h3>Dise\u00f1o compacto y vers\u00e1til<\/h3>\n<p>Este <strong>carrito para paletas peque\u00f1as<\/strong> est\u00e1 dise\u00f1ada para contener hasta 200 polos y est\u00e1 aislada para mantener sus productos fr\u00edos (o calientes) durante horas, incluso sin electricidad. Es una opci\u00f3n m\u00f3vil y c\u00f3moda con <strong>Ruedas de carretilla de 20<\/strong> y una rueda giratoria delantera, lo que facilita las maniobras en diversos espacios para eventos. El carro tambi\u00e9n incluye un parag\u00fcero para dar sombra en eventos al aire libre.<\/p>\n<h3>Perfecto para m\u00faltiples usos<\/h3>\n<p>En <strong>carrito de paletas de tama\u00f1o peque\u00f1o<\/strong> es una opci\u00f3n fant\u00e1stica para una gran variedad de aplicaciones, entre ellas <strong>mercados agr\u00edcolas, fiestas de cumplea\u00f1os, bodas, servicios de catering,<\/strong> y mucho m\u00e1s. Es ideal para iniciar o ampliar su negocio ofreciendo opciones m\u00f3viles de golosinas congeladas. Su dise\u00f1o ligero y sus ruedas delanteras facilitan su transporte y colocaci\u00f3n donde sea necesario.<\/p>\n<h3>Especificaciones<\/h3>\n<p>Consulte las especificaciones del <strong>Carrito de paletas peque\u00f1o<\/strong>:<\/p>\n<ul>\n<li>Dimensiones totales incluyendo el manillar: 37\u2033 x 26\u2033 x 30,5\u2033H<\/li>\n<li>Dimensiones de la caja aislada: 25,5\u2033 x 16\u2033 x 15\u2033H<\/li>\n<li>Dimensiones interiores: 22\u2033 x 13,8\u2033 x 10,23\u2033H<\/li>\n<li>Dimensiones de apertura de la puerta central: 12.5\u2033 x 10\u2033<\/li>\n<li>Material: Fibra de vidrio con embellecedores de acero inoxidable<\/li>\n<li>Capacidad: Almacena hasta 200 polos<\/li>\n<li>Funciona con hielo seco o placas fr\u00edas<\/li>\n<li>No necesita electricidad<\/li>\n<li>Ruedas de carretilla de 20\u2033 con rueda giratoria delantera<\/li>\n<li>Parag\u00fcero incluido<\/li>\n<li>Peso: 55 libras<\/li>\n<\/ul>\n<p><em>Nota: Dado que los carros se fabrican a mano, pueden producirse ligeras variaciones en las dimensiones.<\/em><\/p>\n<h3>\u00bfPor qu\u00e9 elegir este carro?<\/h3>\n<p>En <strong>Carrito de paletas peque\u00f1o<\/strong> es perfecto para quienes desean iniciar un negocio m\u00f3vil de helados o mejorar sus servicios de catering. Su dise\u00f1o ligero facilita su transporte, mientras que el llamativo embellecedor de acero inoxidable a\u00f1ade un toque de sofisticaci\u00f3n. Es ideal para una amplia gama de eventos, desde <strong>celebraciones familiares<\/strong> a <strong>funciones corporativas<\/strong>que ofrece versatilidad de uso y estilo.<\/p>\n<h3>Ideal para eventos y negocios<\/h3>\n<p>Este carro es la soluci\u00f3n ideal tanto para uso personal como profesional:<\/p>\n<p>&#8211; <strong>Bodas, cumplea\u00f1os, fiestas de verano, servicios de catering y eventos corporativos.<\/strong><\/p>\n<p>- Perfecto para <strong>mercados de agricultores, eventos \"pop-up\", restaurantes y empresas de alquiler.<\/strong><\/p>","protected":false},"excerpt":{"rendered":"<p class=\"p1\">En <b>Carrito de paletas peque\u00f1o<\/b> con neum\u00e1ticos de bicicleta es una soluci\u00f3n compacta y vers\u00e1til para catering y eventos de helados. Con capacidad para 200 polos, no necesita electricidad.<\/p>","protected":false},"featured_media":136555,"comment_status":"open","ping_status":"closed","template":"","meta":{"iawp_total_views":72},"product_brand":[],"product_cat":[58],"product_tag":[325,327,328,91,326,161,321,319],"class_list":{"0":"post-93823","1":"product","2":"type-product","3":"status-publish","4":"has-post-thumbnail","6":"product_cat-popsicle-carts","7":"product_tag-business-cart","8":"product_tag-compact-catering-cart","9":"product_tag-frozen-dessert-cart","10":"product_tag-ice-cream-cart","11":"product_tag-mobile-frozen-treat-cart","12":"product_tag-paleta-cart","13":"product_tag-portable-popsicle-cart","14":"product_tag-small-popsicle-cart","16":"first","17":"outofstock","18":"taxable","19":"shipping-taxable","20":"purchasable","21":"product-type-simple"},"exclude_global_add_ons":[],"addons":[],"_links":{"self":[{"href":"https:\/\/froece.com\/es\/wp-json\/wp\/v2\/product\/93823","targetHints":{"allow":["GET"]}}],"collection":[{"href":"https:\/\/froece.com\/es\/wp-json\/wp\/v2\/product"}],"about":[{"href":"https:\/\/froece.com\/es\/wp-json\/wp\/v2\/types\/product"}],"replies":[{"embeddable":true,"href":"https:\/\/froece.com\/es\/wp-json\/wp\/v2\/comments?post=93823"}],"wp:featuredmedia":[{"embeddable":true,"href":"https:\/\/froece.com\/es\/wp-json\/wp\/v2\/media\/136555"}],"wp:attachment":[{"href":"https:\/\/froece.com\/es\/wp-json\/wp\/v2\/media?parent=93823"}],"wp:term":[{"taxonomy":"product_brand","embeddable":true,"href":"https:\/\/froece.com\/es\/wp-json\/wp\/v2\/product_brand?post=93823"},{"taxonomy":"product_cat","embeddable":true,"href":"https:\/\/froece.com\/es\/wp-json\/wp\/v2\/product_cat?post=93823"},{"taxonomy":"product_tag","embeddable":true,"href":"https:\/\/froece.com\/es\/wp-json\/wp\/v2\/product_tag?post=93823"}],"curies":[{"name":"wp","href":"https:\/\/api.w.org\/{rel}","templated":true}]}}