{"id":93811,"date":"2023-12-12T23:37:31","date_gmt":"2023-12-13T07:37:31","guid":{"rendered":"https:\/\/froece.com\/product\/popsicle-cart-with-fenders-and-biciycle-tires\/"},"modified":"2025-12-03T16:43:52","modified_gmt":"2025-12-04T00:43:52","slug":"guardabarros-de-carro-de-paletas-de-tamano-estandar-ribete-blanco","status":"publish","type":"product","link":"https:\/\/froece.com\/es\/product\/standard-size-popsicle-cart-fenders-white-trim\/","title":{"rendered":"Carro de paletas con guardabarros Tama\u00f1o est\u00e1ndar - Elegante y funcional"},"content":{"rendered":"<h2>Carro de paletas con guardabarros y neum\u00e1ticos de bicicleta - Todo blanco Tama\u00f1o est\u00e1ndar<\/h2>\n<p>En <strong>Carro de paletas de tama\u00f1o est\u00e1ndar<\/strong> con adornos pintados en blanco y neum\u00e1ticos de bicicleta es perfecta para empresarios o planificadores de eventos que buscan llamar la atenci\u00f3n y aumentar las ventas. Su dise\u00f1o estilizado y elegante realza la visibilidad de su negocio, por lo que es ideal para eventos al aire libre y en interiores.<\/p>\n<p><em>*Paraguas y accesorios no incluidos. Las molduras est\u00e1n pintadas y pueden mostrar signos de desgaste con el tiempo, pero pueden renovarse f\u00e1cilmente con pintura a juego.<\/em><\/p>\n<h3>Elegante y funcional para negocios y eventos<\/h3>\n<p>Este <strong>carrito de polos<\/strong> est\u00e1 dise\u00f1ado para alojar hasta 400 polos o 3 tarrinas de tres galones, ofreciendo un amplio espacio para servir en eventos de gran demanda. Si usted est\u00e1 vendiendo golosinas congeladas, postres o bebidas, el excelente aislamiento de este carro asegura que sus productos se mantienen a la temperatura deseada durante horas, sin necesidad de electricidad. Su construcci\u00f3n ligera, junto con unos duraderos neum\u00e1ticos de bicicleta de 20\" y una rueda delantera giratoria, hace que sea f\u00e1cil de maniobrar en cualquier entorno.<\/p>\n<h3>Perfecto para cualquier evento o negocio<\/h3>\n<p>En <strong>Carrito de paleta<\/strong> es vers\u00e1til y adecuado para una amplia variedad de usos, entre ellos <strong>picnics en iglesias, mercados agr\u00edcolas, eventos emergentes, instalaciones deportivas, ferias callejeras, bodas, etc.<\/strong>. Es una gran opci\u00f3n para servicios de catering, restaurantes, bares, hoteles, casinos y m\u00e1s. Ideal para servir polos, helados, postres congelados, bebidas e incluso productos calientes gracias a su aislamiento superior.<\/p>\n<h3>Especificaciones<\/h3>\n<p>Especificaciones clave del <strong>Carro de paletas de tama\u00f1o est\u00e1ndar<\/strong> incluyen:<\/p>\n<ul>\n<li>Overall dimensions including handle bar: 38&#8243;L x 30&#8243;W x 36.5&#8243;H<\/li>\n<li>Insulated box dimensions: 30.75&#8243;L x 20.25&#8243;W x 19.75&#8243;H<\/li>\n<li>Inside dimensions: 27&#8243;W x 15&#8243;W x 15&#8243;H<\/li>\n<li>Apertura central de la puerta: 14\u2033 x 14\u2033<\/li>\n<li>Materiales: Fibra de vidrio, acero inoxidable, base de madera<\/li>\n<li>Capacidad: Almacena hasta 400 polos o 3 tarrinas de 3 galones<\/li>\n<li>Funciona con hielo seco o placas fr\u00edas (se venden por separado)<\/li>\n<li>No necesita electricidad<\/li>\n<li>Ruedas de carretilla de 20\u2033 con una rueda giratoria delantera para facilitar la maniobrabilidad.<\/li>\n<li>Parag\u00fcero incluido<\/li>\n<li>Defensas incluidas para mayor durabilidad<\/li>\n<\/ul>\n<p><em>Como cada carro est\u00e1 hecho a mano, pueden producirse ligeras variaciones en las dimensiones.<\/em><\/p>\n<h3>Hecho a mano con amor<\/h3>\n<p>Estos <strong>carritos de polos<\/strong> est\u00e1n hechos a mano por artesanos apasionados por su trabajo. Cada carrito es \u00fanico y est\u00e1 hecho a mano con atenci\u00f3n al detalle. Tenga en cuenta que puede haber peque\u00f1as imperfecciones que a\u00f1aden encanto a este producto artesanal.<\/p>\n<h3>Ideal para negocios y ocasiones personales<\/h3>\n<p>Este vers\u00e1til carro puede utilizarse tanto para eventos empresariales como personales, como:<\/p>\n<p><strong>Bar Mitzvahs, Bat Mitzvahs, bodas, quincea\u00f1eras, eventos especiales, fiestas de cumplea\u00f1os, fiestas en la piscina, fiestas de verano, despedidas de soltera y de beb\u00e9, eventos corporativos, concesionarios de autom\u00f3viles, y mucho m\u00e1s.<\/strong><\/p>","protected":false},"excerpt":{"rendered":"<p class=\"p1\">En <b>Carro de paletas de tama\u00f1o est\u00e1ndar<\/b> con guardabarros y neum\u00e1ticos de bicicleta ofrece un dise\u00f1o elegante y funcional. Con capacidad para 400 polos, perfecto para empresas y eventos.<\/p>","protected":false},"featured_media":4765233,"comment_status":"open","ping_status":"closed","template":"","meta":{"iawp_total_views":66},"product_brand":[],"product_cat":[58],"product_tag":[325,175,144,91,330,161,146,159],"class_list":{"0":"post-93811","1":"product","2":"type-product","3":"status-publish","4":"has-post-thumbnail","6":"product_cat-popsicle-carts","7":"product_tag-business-cart","8":"product_tag-event-catering-cart","9":"product_tag-frozen-treat-cart","10":"product_tag-ice-cream-cart","11":"product_tag-mobile-dessert-cart","12":"product_tag-paleta-cart","13":"product_tag-popsicle-cart-with-bicycle-tires","14":"product_tag-standard-popsicle-cart","16":"first","17":"outofstock","18":"taxable","19":"shipping-taxable","20":"purchasable","21":"product-type-simple"},"exclude_global_add_ons":[],"addons":[],"_links":{"self":[{"href":"https:\/\/froece.com\/es\/wp-json\/wp\/v2\/product\/93811","targetHints":{"allow":["GET"]}}],"collection":[{"href":"https:\/\/froece.com\/es\/wp-json\/wp\/v2\/product"}],"about":[{"href":"https:\/\/froece.com\/es\/wp-json\/wp\/v2\/types\/product"}],"replies":[{"embeddable":true,"href":"https:\/\/froece.com\/es\/wp-json\/wp\/v2\/comments?post=93811"}],"wp:featuredmedia":[{"embeddable":true,"href":"https:\/\/froece.com\/es\/wp-json\/wp\/v2\/media\/4765233"}],"wp:attachment":[{"href":"https:\/\/froece.com\/es\/wp-json\/wp\/v2\/media?parent=93811"}],"wp:term":[{"taxonomy":"product_brand","embeddable":true,"href":"https:\/\/froece.com\/es\/wp-json\/wp\/v2\/product_brand?post=93811"},{"taxonomy":"product_cat","embeddable":true,"href":"https:\/\/froece.com\/es\/wp-json\/wp\/v2\/product_cat?post=93811"},{"taxonomy":"product_tag","embeddable":true,"href":"https:\/\/froece.com\/es\/wp-json\/wp\/v2\/product_tag?post=93811"}],"curies":[{"name":"wp","href":"https:\/\/api.w.org\/{rel}","templated":true}]}}