{"id":93805,"date":"2023-12-12T23:37:27","date_gmt":"2023-12-13T07:37:27","guid":{"rendered":"https:\/\/froece.com\/product\/taller-popsicle-cart-with-bicycle-tires\/"},"modified":"2026-05-06T17:45:08","modified_gmt":"2026-05-07T00:45:08","slug":"carro-de-paletas-mas-alto-neumaticos-de-bicicleta-ribete-blanco","status":"publish","type":"product","link":"https:\/\/froece.com\/es\/product\/taller-popsicle-cart-bicycle-tires-white-trim\/","title":{"rendered":"Taller Popsicle Cart with Bicycle Tires \u2013 Elegant &amp; Functional"},"content":{"rendered":"<h2>Carro de Paletas con Ruedas de Bicicleta - Blanco\/Acero Blanco<\/h2>\n<p>En <strong>Carro de paletas m\u00e1s alto<\/strong> con ribete blanco y neum\u00e1ticos de bicicleta ofrece un dise\u00f1o elegante y estilizado, por lo que es perfecto para impulsar las ventas y atraer la atenci\u00f3n en cualquier evento. Tanto si desea iniciar un negocio como si necesita una soluci\u00f3n elegante para su pr\u00f3xima ocasi\u00f3n, este carro combina funcionalidad con est\u00e9tica para ofrecer una experiencia de servicio m\u00f3vil superior.<\/p>\n<p><em>*Nota: Paraguas y accesorios no incluidos. Las molduras est\u00e1n pintadas y pueden mostrar signos de desgaste con el tiempo, pero pueden renovarse f\u00e1cilmente con pintura a juego.<\/em><\/p>\n<h3>Dise\u00f1o elegante con funcionalidad superior<\/h3>\n<p>Este <strong>Carrito de paleta<\/strong> puede almacenar hasta 400 polos o 3 tarrinas de tres galones, proporcionando un amplio espacio para las delicias congeladas. Est\u00e1 totalmente aislado y funciona con hielo seco o placas fr\u00edas, eliminando la necesidad de electricidad, por lo que es vers\u00e1til tanto para art\u00edculos fr\u00edos como calientes. Los neum\u00e1ticos de bicicleta de 20\" y la rueda delantera giratoria garantizan una f\u00e1cil maniobrabilidad en diversos lugares, desde festivales al aire libre hasta fiestas en interiores.<\/p>\n<h3>Perfecto para catering y eventos empresariales<\/h3>\n<p>En <strong>carro Paleta blanca<\/strong> es ideal para una amplia gama de eventos empresariales y personales, entre ellos <strong>eventos emergentes, ferias callejeras, instalaciones deportivas, mercados agr\u00edcolas y parques de atracciones.<\/strong>. Tambi\u00e9n es perfecto para servicios de catering en <strong>restaurantes, casinos, hoteles y bares<\/strong>. Con su bonito dise\u00f1o y su robusta construcci\u00f3n, este carro garantiza que su producto tenga un aspecto estupendo a la vez que se mantiene a la temperatura ideal durante todo el d\u00eda.<\/p>\n<h3>Especificaciones<\/h3>\n<p>Especificaciones clave del <strong>Carro de paletas m\u00e1s alto<\/strong> incluyen:<\/p>\n<ul>\n<li>Overall dimensions including handle bar: 42&#8243;L x 30&#8243;W x 38&#8243;H<\/li>\n<li>Insulated box dimensions: 30.25&#8243;L x 20.25&#8243;W x 20&#8243;H<\/li>\n<li>Inside dimensions: 24.25&#8243;L x 16&#8243;W x 14.5&#8243;H<\/li>\n<li>Apertura central de la puerta: 13,75\u2033 x 13,75\u2033.<\/li>\n<li>Materiales: Fibra de vidrio, base y fondo de la tapa de madera, acero<\/li>\n<li>Capacidad: Almacena hasta 400 polos o 3 tarrinas de 3 galones<\/li>\n<li>Funciona con hielo seco o placas fr\u00edas (se venden por separado)<\/li>\n<li>No necesita electricidad<\/li>\n<li>Ruedas de carretilla de 20\u2033 con rueda delantera de bicicleta.<\/li>\n<li>Parag\u00fcero incluido<\/li>\n<\/ul>\n<p><em>Dado que estos carros est\u00e1n hechos a mano, pueden producirse ligeras variaciones en las dimensiones.<\/em><\/p>\n<h3>Hecho a mano con esmero<\/h3>\n<p>**Each cart is lovingly hand-built by skilled artisans. Because every piece is made by hand, variations or imperfections may occur\u2014these are a natural part of the craftsmanship and make each cart truly unique.<\/p>\n<h3>Ideal para eventos empresariales y personales<\/h3>\n<p>Este carro es perfecto para <strong>Bar Mitzvahs, Bat Mitzvahs, Bodas, Quincea\u00f1eras, Eventos Especiales, Fiestas de Cumplea\u00f1os, Fiestas en la Piscina, Fiestas de Verano, Eventos Corporativos y mucho m\u00e1s.<\/strong>. Tanto si lo alquila para eventos como si lo utiliza para servir sus propias delicias heladas, el carrito de helados Taller es una excelente inversi\u00f3n tanto para uso comercial como personal.<\/p>","protected":false},"excerpt":{"rendered":"<p class=\"p1\">En <b>Carro de paletas m\u00e1s alto<\/b> con adornos blancos y neum\u00e1ticos de bicicleta es un carrito m\u00f3vil elegante y funcional, perfecto para eventos empresariales y ocasiones personales. Tiene capacidad para 400 polos.<\/p>","protected":false},"featured_media":3351310,"comment_status":"open","ping_status":"closed","template":"","meta":{"iawp_total_views":213},"product_brand":[],"product_cat":[58],"product_tag":[332,175,144,91,333,161,148,331,160],"class_list":{"0":"post-93805","1":"product","2":"type-product","3":"status-publish","4":"has-post-thumbnail","6":"product_cat-popsicle-carts","7":"product_tag-bicycle-tire-cart","8":"product_tag-event-catering-cart","9":"product_tag-frozen-treat-cart","10":"product_tag-ice-cream-cart","11":"product_tag-mobile-cart","12":"product_tag-paleta-cart","13":"product_tag-popsicle-cart-for-sale","14":"product_tag-taller-popsicle-cart","15":"product_tag-white-popsicle-cart","17":"first","18":"instock","19":"taxable","20":"shipping-taxable","21":"purchasable","22":"product-type-simple"},"exclude_global_add_ons":[],"addons":[],"_links":{"self":[{"href":"https:\/\/froece.com\/es\/wp-json\/wp\/v2\/product\/93805","targetHints":{"allow":["GET"]}}],"collection":[{"href":"https:\/\/froece.com\/es\/wp-json\/wp\/v2\/product"}],"about":[{"href":"https:\/\/froece.com\/es\/wp-json\/wp\/v2\/types\/product"}],"replies":[{"embeddable":true,"href":"https:\/\/froece.com\/es\/wp-json\/wp\/v2\/comments?post=93805"}],"wp:featuredmedia":[{"embeddable":true,"href":"https:\/\/froece.com\/es\/wp-json\/wp\/v2\/media\/3351310"}],"wp:attachment":[{"href":"https:\/\/froece.com\/es\/wp-json\/wp\/v2\/media?parent=93805"}],"wp:term":[{"taxonomy":"product_brand","embeddable":true,"href":"https:\/\/froece.com\/es\/wp-json\/wp\/v2\/product_brand?post=93805"},{"taxonomy":"product_cat","embeddable":true,"href":"https:\/\/froece.com\/es\/wp-json\/wp\/v2\/product_cat?post=93805"},{"taxonomy":"product_tag","embeddable":true,"href":"https:\/\/froece.com\/es\/wp-json\/wp\/v2\/product_tag?post=93805"}],"curies":[{"name":"wp","href":"https:\/\/api.w.org\/{rel}","templated":true}]}}