{"id":93802,"date":"2023-12-12T23:37:25","date_gmt":"2023-12-13T07:37:25","guid":{"rendered":"https:\/\/froece.com\/product\/popsicle-cart-with-bicycle-tires-2\/"},"modified":"2026-04-15T15:03:55","modified_gmt":"2026-04-15T22:03:55","slug":"carrito-de-paletas-estandar-neumaticos-de-bicicleta-cromo-blanco","status":"publish","type":"product","link":"https:\/\/froece.com\/es\/product\/standard-popsicle-cart-bicycle-tires-white-chrome\/","title":{"rendered":"Carro de paletas est\u00e1ndar con ruedas de bicicleta - Embellecedor cromado"},"content":{"rendered":"<h2>Carro de paletas de tama\u00f1o est\u00e1ndar con neum\u00e1ticos de bicicleta - Embellecedor cromado<\/h2>\n<p>En <strong>Carro de paletas de tama\u00f1o est\u00e1ndar<\/strong> con adornos blancos y cromados es una soluci\u00f3n elegante y pr\u00e1ctica para cualquier evento o negocio. Este carro m\u00f3vil combina estilo y funcionalidad, por lo que es ideal para aumentar la visibilidad y generar m\u00e1s ingresos ya sea en interiores o al aire libre. Con su dise\u00f1o compacto y su peso ligero, es f\u00e1cil de maniobrar, garantizando un servicio sin problemas en cualquier lugar.<\/p>\n<p><em>*Please note: Umbrella and props not included.\u00a0<\/em><\/p>\n<h3>Caracter\u00edsticas y funciones<\/h3>\n<p>Este <strong>Carrito de paleta<\/strong> est\u00e1 bien aislada y puede almacenar hasta 400 polos o 3 cubas de tres galones, lo que la hace vers\u00e1til para servir tanto productos fr\u00edos como calientes. Funciona eficientemente con hielo seco o placas fr\u00edas, eliminando la necesidad de electricidad. Los neum\u00e1ticos de bicicleta de 20\u2033 con rueda delantera giratoria facilitan la movilidad por diversos terrenos, desde ferias callejeras hasta eventos corporativos.<\/p>\n<h3>Perfecto para negocios y eventos<\/h3>\n<p>En <strong>carrito de paletas blanco con embellecedor cromado<\/strong> es perfecto tanto para uso profesional como personal. Su elegante dise\u00f1o realza el atractivo de su marca, tanto si se dirige a <strong>restaurantes, casinos, hoteles o eventos privados<\/strong>. Tambi\u00e9n es ideal para una amplia gama de ocasiones, como <strong>picnics en iglesias, recintos deportivos, eventos \"pop-up\" y parques de atracciones<\/strong>.<\/p>\n<h3>Especificaciones<\/h3>\n<p>En <strong>Carro de paletas de tama\u00f1o est\u00e1ndar<\/strong> incluye:<\/p>\n<ul>\n<li>Overall dimensions including handle bar: 37.5&#8243;L x 30&#8243;W x 35.25&#8243;H<\/li>\n<li>Insulated box dimensions: 30.25&#8243;L x 20.25&#8243;W x 20&#8243;H<\/li>\n<li>Inside dimensions: 24.25&#8243;L x 16&#8243;W x 14.5&#8243;H<\/li>\n<li>Apertura central de la puerta: 13,75\u2033 x 13,75\u2033.<\/li>\n<li>Capacidad: Capacidad para 400 polos o 3 cubos de 3 galones<\/li>\n<li>Funciona con hielo seco o placas fr\u00edas (se venden por separado)<\/li>\n<li>No necesita electricidad<\/li>\n<li>Parag\u00fcero incluido<\/li>\n<li>Ruedas de carretilla de 20\u2033 con rueda giratoria delantera<\/li>\n<li>Materiales: Fibra de vidrio, base y fondo de la tapa de madera, acero, acero inoxidable<\/li>\n<li>Peso total: 70 libras<\/li>\n<\/ul>\n<p><em>*\ud83d\udee0\ufe0f Handmade with love by artisans who take pride in every piece\u2014please note that minor imperfections and slight variations in dimensions may be present due to the handcrafted nature of this item.\u00a0<\/em><\/p>\n<p>&nbsp;<\/p>\n<h3>Hecho a mano con amor<\/h3>\n<p>Cada <strong>Carrito de paletas<\/strong> est\u00e1 fabricado por artesanos expertos que se enorgullecen de su trabajo. Estos carritos hechos a mano pueden tener algunas imperfecciones menores, pero cada uno se crea con cuidado y atenci\u00f3n al detalle, garantizando un producto \u00fanico que est\u00e1 listo para servir con estilo.<\/p>\n<h3>Usos personales y profesionales vers\u00e1tiles<\/h3>\n<p>Este <strong>Carrito de paletas<\/strong> es ideal para diversos usos empresariales y personales, entre ellos:<\/p>\n<ul>\n<li>Bar-Mitzvahs, Bat-Mitzvahs, Bodas, Quincea\u00f1eras<\/li>\n<li>Eventos especiales, fiestas de cumplea\u00f1os, fiestas en la piscina, fiestas de verano<\/li>\n<li>Duchas de novias y de beb\u00e9s, concesionarios de coches, eventos corporativos<\/li>\n<li>Organizadores de eventos, empresas de alquiler<\/li>\n<\/ul>\n<p>Tanto si lo alquila para eventos como si lo utiliza para su propio negocio de catering, este carro es una inversi\u00f3n inteligente para aumentar la visibilidad y las ventas.<\/p>","protected":false},"excerpt":{"rendered":"<p class=\"p1\">En <b>Carro de paletas de tama\u00f1o est\u00e1ndar<\/b> con neum\u00e1ticos de bicicleta y adornos en blanco y cromo es ideal para eventos y catering, con capacidad para 400 polos o 3 tarrinas de 3 galones.<\/p>","protected":false},"featured_media":4765975,"comment_status":"open","ping_status":"closed","template":"","meta":{"iawp_total_views":201},"product_brand":[],"product_cat":[58],"product_tag":[332,175,144,204,161,334,159,160],"class_list":{"0":"post-93802","1":"product","2":"type-product","3":"status-publish","4":"has-post-thumbnail","6":"product_cat-popsicle-carts","7":"product_tag-bicycle-tire-cart","8":"product_tag-event-catering-cart","9":"product_tag-frozen-treat-cart","10":"product_tag-ice-cream-cart-for-sale","11":"product_tag-paleta-cart","12":"product_tag-popsicle-cart-for-rent","13":"product_tag-standard-popsicle-cart","14":"product_tag-white-popsicle-cart","16":"first","17":"outofstock","18":"taxable","19":"shipping-taxable","20":"purchasable","21":"product-type-simple"},"exclude_global_add_ons":[],"addons":[],"_links":{"self":[{"href":"https:\/\/froece.com\/es\/wp-json\/wp\/v2\/product\/93802","targetHints":{"allow":["GET"]}}],"collection":[{"href":"https:\/\/froece.com\/es\/wp-json\/wp\/v2\/product"}],"about":[{"href":"https:\/\/froece.com\/es\/wp-json\/wp\/v2\/types\/product"}],"replies":[{"embeddable":true,"href":"https:\/\/froece.com\/es\/wp-json\/wp\/v2\/comments?post=93802"}],"wp:featuredmedia":[{"embeddable":true,"href":"https:\/\/froece.com\/es\/wp-json\/wp\/v2\/media\/4765975"}],"wp:attachment":[{"href":"https:\/\/froece.com\/es\/wp-json\/wp\/v2\/media?parent=93802"}],"wp:term":[{"taxonomy":"product_brand","embeddable":true,"href":"https:\/\/froece.com\/es\/wp-json\/wp\/v2\/product_brand?post=93802"},{"taxonomy":"product_cat","embeddable":true,"href":"https:\/\/froece.com\/es\/wp-json\/wp\/v2\/product_cat?post=93802"},{"taxonomy":"product_tag","embeddable":true,"href":"https:\/\/froece.com\/es\/wp-json\/wp\/v2\/product_tag?post=93802"}],"curies":[{"name":"wp","href":"https:\/\/api.w.org\/{rel}","templated":true}]}}