{"id":788695,"date":"2025-05-17T08:24:46","date_gmt":"2025-05-17T15:24:46","guid":{"rendered":"https:\/\/froece.com\/?post_type=product&#038;p=788695"},"modified":"2025-12-03T13:45:37","modified_gmt":"2025-12-03T21:45:37","slug":"carro-para-paletas-de-tamano-std-con-puertas-correderas-de-cristal-y-ruedas-de-bicicleta-ribeteado-en-oro-blanco-2","status":"publish","type":"product","link":"https:\/\/froece.com\/es\/product\/standard-size-popsicle-cart-with-sliding-glass-doors-and-bicycle-tires-white-with-black-trim\/","title":{"rendered":"Tall Standard Size White with Black trim Popsicle Cart with Sliding Glass Doors and  Bicycle Tires"},"content":{"rendered":"<h2>Standard Size Popsicle Cart with Sliding Glass Doors and Bicycle Tires White with black trim 3 way look<\/h2>\n<p>En <b>Carro de paletas de tama\u00f1o est\u00e1ndar<\/b> con <b>puertas correderas de cristal<\/b>, <b>neum\u00e1ticos de bicicleta<\/b>y <b>molduras pintadas<\/b> es un complemento bonito y funcional para cualquier evento o negocio. Fabricado a mano por artesanos, este carrito est\u00e1 dise\u00f1ado tanto para productos fr\u00edos como calientes, lo que lo convierte en una opci\u00f3n vers\u00e1til para catering, ferias callejeras y mucho m\u00e1s. Las puertas correderas de cristal mejoran la visibilidad de los productos, mientras que el cuerpo robusto y bien aislado garantiza que sus productos se mantengan a la temperatura perfecta.<\/p>\n<p><em><strong>******PLEASE NOTE THIS CART IS FOR PRE-ORDER, WILL BE AVIALABLE BY JUNE 27TH, WE ARE ACCEPTING PRE ORDERS NOW DUE TO HIGH DEMAND****\u00a0<\/strong><\/em><\/p>\n<h3>Personalizable y vers\u00e1til<\/h3>\n<p>Con su elegante embellecedor pintado disponible en <b>black<\/b>\u00a0this cart is not just about functionality\u2014it\u2019s about style. Whether you&#8217;re using it for frozen treats like popsicles and ice cream or hot items, the cart\u2019s dual-use capabilities allow you to serve a variety of products. Customize it to your needs with options to use <b>placas de fr\u00edo<\/b> o hielo seco, garantizando una frescura duradera para sus art\u00edculos.<\/p>\n<h3>Hecho a mano y construido para durar<\/h3>\n<p>Este <b>carrito de polos<\/b> est\u00e1 hecho a mano con esmero por artesanos expertos a los que les apasiona su trabajo. Como cada carrito est\u00e1 hecho a mano, pueden producirse ligeras variaciones en sus dimensiones, lo que aumenta su encanto \u00fanico. Sin embargo, el proceso de fabricaci\u00f3n puede presentar algunas imperfecciones cosm\u00e9ticas, lo que confiere a cada carrito un atractivo \u00fanico. Su parte superior de madera desmontable le permite configurar el carrito de m\u00faltiples maneras, ofreciendo flexibilidad a la hora de servir a sus clientes.<\/p>\n<h3>Perfecto para negocios y eventos<\/h3>\n<p>Tanto si est\u00e1 poniendo en marcha un nuevo negocio como si desea mejorar su oferta actual, este <b>carro de paletas<\/b> es una inversi\u00f3n ideal. En <b>picnics en la iglesia<\/b> y <b>mercados agr\u00edcolas<\/b> a <b>eventos emergentes<\/b> y <b>instalaciones deportivas<\/b>El carro se adapta perfectamente a una amplia gama de aplicaciones. Tambi\u00e9n es perfecto para <b>restaurantes<\/b>, <b>bares<\/b>, <b>hoteles<\/b>y <b>casinos<\/b>, proporcionando una soluci\u00f3n elegante y funcional para servir helados, polos, bebidas e incluso licores.<\/p>\n<h3>Especificaciones<\/h3>\n<p>Dise\u00f1ado para albergar hasta 400 polos o 3 tarrinas de tres galones, este carrito de polos es una gran elecci\u00f3n para eventos de gran volumen. No requiere electricidad y es f\u00e1cil de maniobrar, gracias a las <b>front wheel<\/b> y <b>Neum\u00e1ticos de bicicleta de 20 pulgadas<\/b>. El carro est\u00e1 construido con <b>fibra de vidrio<\/b> y caracter\u00edsticas <b>puertas correderas de cristal templado<\/b>, lo que garantiza su durabilidad y funcionalidad.<\/p>\n<ul>\n<li><strong>Overall Dimensions Including Handle Bar:<\/strong> 44 X 30 X 40\u2033H<\/li>\n<li><b>Dimensiones de la caja aislada<\/b>: 30,75 x 20,5 x 19,75 pulgadas<\/li>\n<li><b>Dimensiones interiores<\/b>: 27 x 15 x 15 pulgadas<\/li>\n<li><b>Peso<\/b>: 80 lbs<\/li>\n<li><b>Material del cuerpo<\/b>: Fibra de vidrio, acero inoxidable, acero, base de madera<\/li>\n<li><b>Puertas<\/b>: Puertas correderas de cristal templado<\/li>\n<\/ul>\n<h3>\u00bfPor qu\u00e9 elegir el carro de paletas de tama\u00f1o est\u00e1ndar?<\/h3>\n<p>En <b>Carro de paletas de tama\u00f1o est\u00e1ndar<\/b> es la elecci\u00f3n perfecta para quienes desean iniciar o ampliar su negocio. Su elegante dise\u00f1o, sus caracter\u00edsticas personalizables y su durabilidad hacen que destaque en cualquier evento. F\u00e1cil de transportar, muy visible gracias a sus puertas correderas de cristal y apto tanto para productos fr\u00edos como calientes, este carrito es la puerta de entrada a un aumento de las ventas y la fidelizaci\u00f3n de los clientes.<\/p>","protected":false},"excerpt":{"rendered":"<p class=\"p1\">En <b>Carro de paletas de tama\u00f1o est\u00e1ndar<\/b> con puertas correderas de cristal, neum\u00e1ticos de bicicleta y molduras pintadas. Tiene capacidad para 400 polos o 3 tarrinas. Ideal para catering, eventos y para aumentar las ventas.<\/p>","protected":false},"featured_media":1002418,"comment_status":"open","ping_status":"closed","template":"","meta":{"iawp_total_views":454},"product_brand":[],"product_cat":[58],"product_tag":[215,162,216,217,91,204,161,149,151,145,150,214,213],"class_list":{"0":"post-788695","1":"product","2":"type-product","3":"status-publish","4":"has-post-thumbnail","6":"product_cat-popsicle-carts","7":"product_tag-cart-for-frozen-treats","8":"product_tag-event-popsicle-cart","9":"product_tag-fiberglass-popsicle-cart","10":"product_tag-food-cart-for-events","11":"product_tag-ice-cream-cart","12":"product_tag-ice-cream-cart-for-sale","13":"product_tag-paleta-cart","14":"product_tag-paleta-cart-for-sale","15":"product_tag-paleta-cart-rental","16":"product_tag-popsicle-cart","17":"product_tag-popsicle-cart-rental","18":"product_tag-popsicle-cart-with-tires","19":"product_tag-sliding-glass-doors-cart","21":"first","22":"outofstock","23":"featured","24":"taxable","25":"shipping-taxable","26":"purchasable","27":"product-type-simple"},"exclude_global_add_ons":[],"addons":[],"_links":{"self":[{"href":"https:\/\/froece.com\/es\/wp-json\/wp\/v2\/product\/788695","targetHints":{"allow":["GET"]}}],"collection":[{"href":"https:\/\/froece.com\/es\/wp-json\/wp\/v2\/product"}],"about":[{"href":"https:\/\/froece.com\/es\/wp-json\/wp\/v2\/types\/product"}],"replies":[{"embeddable":true,"href":"https:\/\/froece.com\/es\/wp-json\/wp\/v2\/comments?post=788695"}],"wp:featuredmedia":[{"embeddable":true,"href":"https:\/\/froece.com\/es\/wp-json\/wp\/v2\/media\/1002418"}],"wp:attachment":[{"href":"https:\/\/froece.com\/es\/wp-json\/wp\/v2\/media?parent=788695"}],"wp:term":[{"taxonomy":"product_brand","embeddable":true,"href":"https:\/\/froece.com\/es\/wp-json\/wp\/v2\/product_brand?post=788695"},{"taxonomy":"product_cat","embeddable":true,"href":"https:\/\/froece.com\/es\/wp-json\/wp\/v2\/product_cat?post=788695"},{"taxonomy":"product_tag","embeddable":true,"href":"https:\/\/froece.com\/es\/wp-json\/wp\/v2\/product_tag?post=788695"}],"curies":[{"name":"wp","href":"https:\/\/api.w.org\/{rel}","templated":true}]}}