{"id":427275,"date":"2024-12-13T18:20:04","date_gmt":"2024-12-14T02:20:04","guid":{"rendered":"https:\/\/froece.com\/?post_type=product&#038;p=427275"},"modified":"2025-12-03T13:45:24","modified_gmt":"2025-12-03T21:45:24","slug":"carro-expositor-portatil","status":"publish","type":"product","link":"https:\/\/froece.com\/es\/product\/portable-retail-display-cart\/","title":{"rendered":"Carrito expositor port\u00e1til"},"content":{"rendered":"<h2>Carrito expositor port\u00e1til<\/h2>\n<p>Este blanco <strong>Carro expositor port\u00e1til <\/strong>\u00a0viene con adornos pintados de blanco y pantalla de acr\u00edlico, que ofrece luces LED, 3 estantes perfectos para mostrar postres, pasteles, pan, galletas, joyas, maquillaje, bebidas, aperitivos, pasteles, etc . Este carro es un showtopper para cualquier evento o negocio.<\/p>\n<p><em>*El carro no viene personalizado y no incluye atrezzo ni paraguas.<\/em><\/p>\n<h3>Productos<\/h3>\n<p style=\"text-align: left;\">Fabricado con los mejores materiales duraderos; reforzado con estructura de acero y madera \u00a1lo que lo hace muy resistente!  Ideal para la venta de golosinas, pasteles, postres, etc este <strong>Mostrar <\/strong><strong>Carro de empuje<\/strong> est\u00e1 fabricada con material de alta densidad duradero y f\u00e1cil de limpiar. El dise\u00f1o m\u00f3vil ofrece un servicio flexible.<\/p>\n<h3>Impulse su negocio con este impresionante carro expositor port\u00e1til<\/h3>\n<p>Este\u00a0<strong>Carro de la compra<\/strong> is a perfect investment for entrepreneurs looking to start or expand their business. Its sleek acrylic display case enhance visibility, increasing customer attraction. Easy to maneuver thanks to its\u00a0 design and front swivel caster, the cart is built for both indoor and outdoor use. Whether for pop-up events or brick-and-mortar stores, this cart makes selling your treats a breeze.<\/p>\n<h3>Aplicaciones vers\u00e1tiles para eventos<\/h3>\n<p>En\u00a0<strong>Carro de la compra<\/strong> es ideal para una amplia gama de eventos, incluyendo picnics de la iglesia, mercados de agricultores, eventos pop-up, eventos p\u00fablicos, ferias callejeras, parques de atracciones, actuaciones de catering, y mucho m\u00e1s. Es perfecto para servir golosinas, pasteles, dulces y postres en eventos especiales como bodas, quincea\u00f1eras, reuniones de empresa y fiestas en la piscina. Maximice el potencial de su negocio ofreciendo algo \u00fanico y llamativo.<\/p>\n<h3>Usos comerciales y personales<\/h3>\n<p>Tanto si desea utilizar este carro para fines profesionales como personales, se adapta a una amplia gama de necesidades:<\/p>\n<p>- Bodas, quincea\u00f1eras, fiestas de cumplea\u00f1os, despedidas de soltera y baby showers.<\/p>\n<p>- Fiestas en la piscina, fiestas de verano, eventos corporativos y concesionarios de coches.<\/p>\n<p>- Organizadores de eventos y empresas de alquiler.<\/p>\n<h3>Especificaciones<\/h3>\n<p>En\u00a0<strong>Mostrar carro<\/strong>\u00a0est\u00e1 dise\u00f1ado para ofrecer la m\u00e1xima eficacia y atractivo:<\/p>\n<ul>\n<li>Dimensiones totales incluido el manillar: 52 x 33 x 41\u2033H<\/li>\n<li>Ruedas: ruedas de carretilla de 20\u2033 con una rueda giratoria delantera.<\/li>\n<li>Peso total: 135 libras<\/li>\n<\/ul>\n<p><em>Nota: Como los carros est\u00e1n hechos a mano, puede haber ligeras variaciones en las dimensiones.<\/em><\/p>\n<h3>Personalizaci\u00f3n<\/h3>\n<p>Como todos nuestros productos, este\u00a0<strong>Carro expositor port\u00e1til<\/strong>\u00a0puede personalizarse para adaptarse a sus necesidades. D\u00edganos si lo necesita en otro color o si tiene una idea para un proyecto especial. Haremos todo lo posible por hacer realidad su visi\u00f3n.<\/p>","protected":false},"excerpt":{"rendered":"<p>Portable retail display Cart This white Portable retail display cart \u00a0comes with white painted trim and acrylic display, offering LED lights, 3 shelves perfect to showcase desserts, pastries, bread, cookies, jewelry, make-up, drinks, beverages, snacks, cakes etc . This cart is a showstopper for any event or business. *Cart does not come personalized and does [&hellip;]<\/p>\n","protected":false},"featured_media":429424,"comment_status":"open","ping_status":"closed","template":"","meta":{"iawp_total_views":213},"product_brand":[],"product_cat":[356],"product_tag":[362,360,366,357,363,361,359,358,297],"class_list":{"0":"post-427275","1":"product","2":"type-product","3":"status-publish","4":"has-post-thumbnail","6":"product_cat-display-carts","7":"product_tag-beverage-cart","8":"product_tag-brand-cart","9":"product_tag-cookie-cart","10":"product_tag-display-cart","11":"product_tag-jewelry-cart","12":"product_tag-marketing-cart","13":"product_tag-portable-display-retail-cart","14":"product_tag-push-cart","15":"product_tag-snack-display-cart","17":"first","18":"outofstock","19":"taxable","20":"shipping-taxable","21":"purchasable","22":"product-type-simple"},"exclude_global_add_ons":[],"addons":[],"_links":{"self":[{"href":"https:\/\/froece.com\/es\/wp-json\/wp\/v2\/product\/427275","targetHints":{"allow":["GET"]}}],"collection":[{"href":"https:\/\/froece.com\/es\/wp-json\/wp\/v2\/product"}],"about":[{"href":"https:\/\/froece.com\/es\/wp-json\/wp\/v2\/types\/product"}],"replies":[{"embeddable":true,"href":"https:\/\/froece.com\/es\/wp-json\/wp\/v2\/comments?post=427275"}],"wp:featuredmedia":[{"embeddable":true,"href":"https:\/\/froece.com\/es\/wp-json\/wp\/v2\/media\/429424"}],"wp:attachment":[{"href":"https:\/\/froece.com\/es\/wp-json\/wp\/v2\/media?parent=427275"}],"wp:term":[{"taxonomy":"product_brand","embeddable":true,"href":"https:\/\/froece.com\/es\/wp-json\/wp\/v2\/product_brand?post=427275"},{"taxonomy":"product_cat","embeddable":true,"href":"https:\/\/froece.com\/es\/wp-json\/wp\/v2\/product_cat?post=427275"},{"taxonomy":"product_tag","embeddable":true,"href":"https:\/\/froece.com\/es\/wp-json\/wp\/v2\/product_tag?post=427275"}],"curies":[{"name":"wp","href":"https:\/\/api.w.org\/{rel}","templated":true}]}}