{"id":395902,"date":"2024-11-11T19:59:10","date_gmt":"2024-11-12T03:59:10","guid":{"rendered":"https:\/\/froece.com\/?post_type=product&#038;p=395902"},"modified":"2025-12-03T13:45:23","modified_gmt":"2025-12-03T21:45:23","slug":"carrito-de-paletas-con-guardabarros-y-neumaticos-de-bicicleta-6","status":"publish","type":"product","link":"https:\/\/froece.com\/es\/product\/elegant-agua-fresca-vitrolero-cart-bar-stainless-steel\/","title":{"rendered":"Elegante Carrito Agua Fresca \/ Vitrolero Carrito Bar\/ Caf\u00e9 - Acero Inoxidable Doble Uso"},"content":{"rendered":"<h2>Elegant Agua Fresca \/ Vitrolero cart \/ Coffee cart\u00a0 \u2013 Stainless Steel and Bicycle Tires Dual purpose<\/h2>\n<p>Launch your business with this elegant Vitrolero\u00a0 Cart \/ Bar Cart featuring stainless steel bodywork and and bicycle tires that give it an elegant style.\u00a0 Perfect for indoor and outdoor events, this cart\u2019s lightweight and maneuverable design make it easy to use in any location. The removable top wood lays flat so it can be used as a mobile bar, snack cart, coffee cart etc Made of stainless steel insures durability, you will have cart for a long time. It comes wrapped on the 3 sides in white with Agua Fresca print in black.<\/p>\n<h3>Productos<\/h3>\n<p>En <strong>Vitrolero cart, Bar\u00a0<\/strong> is designed to increase visibility and add a stylish appeal to your business. Its lightweight construction allows for easy transport, making it a versatile tool for growing sales both inside and outside of brick-and-mortar stores. This\u00a0 cart can store up to 3 vitroleros, and has storage at the bottom, making it a multipurpose asset for your business. Great for catering agua fresca, vitroleros without worrying the vitroleros may fall. It also comes with a hole for umbrella placement.<\/p>\n<h3>Ideal para empresas y eventos<\/h3>\n<p>La versatilidad del <strong>Agua Frescas cart \/ Bar <\/strong>\u00a0makes it an ideal choice for a wide range of events, including church picnics, farmers&#8217; markets, sports venues, street fairs, amusement parks, and more. Whether serving agua frescas, beverages, or desserts, this cart ensures an attractive presentation that helps boost sales and customer engagement.<\/p>\n<h3>Perfecto para uso personal y profesional<\/h3>\n<p>Desde bodas a eventos corporativos, este <strong>vitrolero cart \/ bar <\/strong>\u00a0es ideal tanto para uso personal como profesional:<\/p>\n<p>- Bodas, quincea\u00f1eras, eventos especiales y fiestas de cumplea\u00f1os<\/p>\n<p>- Fiestas de verano, fiestas en la piscina y concesionarios de coches<\/p>\n<p>- Bar-Mitzvahs, Bat-Mitzvahs, despedidas de soltera y de beb\u00e9<\/p>\n<p>- Organizadores de eventos, empresas de alquiler y reuniones corporativas<\/p>\n<p>-Catering, snack cart, bar<\/p>\n<h3>Especificaciones<\/h3>\n<p>En <strong>Carro de paletas de tama\u00f1o est\u00e1ndar<\/strong> viene con una serie de especificaciones impresionantes:<\/p>\n<ul>\n<li>Overall dimensions (including wood top and handle bar ) 53 x 32 x 36.75&#8243;H<\/li>\n<li>No necesita electricidad<\/li>\n<li>Materials: Stainless steel, removable wood top<\/li>\n<li>Wheels: 26\u201d pushcart wheels with a front swivel caster<\/li>\n<li>Storage capacity: Holds up to 3 vitroleros<\/li>\n<li>Total weight: 113.5 lbs<\/li>\n<li>Vitroleros not included<\/li>\n<\/ul>\n<p><em>Nota: Dado que este producto est\u00e1 hecho a mano por artesanos, pueden producirse ligeras variaciones en las dimensiones y peque\u00f1as imperfecciones, lo que a\u00f1ade un toque \u00fanico a cada carrito.<\/em><\/p>\n<h3>Hecho a mano con amor<\/h3>\n<h3>Opciones de personalizaci\u00f3n<\/h3>\n<p>\u00a1Ofrecemos personalizaci\u00f3n! Si desea que su <strong>Vitrolero cart \/ bar built <\/strong>\u00a0in a different\u00a0 unique design idea, let us know. We\u2019ll work with you to create a personalized cart that suits your needs and enhances your brand.<\/p>","protected":false},"excerpt":{"rendered":"<p class=\"p1\">The Vitrolero Cart \/ Bar\u00a0 is ideal for starting a business or catering events. Its lightweight design and stylish look make it easy to use and a customer favorite.<\/p>","protected":false},"featured_media":395951,"comment_status":"open","ping_status":"closed","template":"","meta":{"iawp_total_views":189},"product_brand":[],"product_cat":[339],"product_tag":[340,271,152,364,281,292,315,358,365,341],"class_list":{"0":"post-395902","1":"product","2":"type-product","3":"status-publish","4":"has-post-thumbnail","6":"product_cat-agua-fresca-cart","7":"product_tag-agua-fresca-cart","8":"product_tag-bar-cart","9":"product_tag-catering-cart","10":"product_tag-coffee-cart","11":"product_tag-dessert-cart","12":"product_tag-event-cart","13":"product_tag-increase-sales","14":"product_tag-push-cart","15":"product_tag-vending-cart","16":"product_tag-vitrolero-cart","18":"first","19":"outofstock","20":"taxable","21":"shipping-taxable","22":"purchasable","23":"product-type-simple"},"exclude_global_add_ons":[],"addons":[],"_links":{"self":[{"href":"https:\/\/froece.com\/es\/wp-json\/wp\/v2\/product\/395902","targetHints":{"allow":["GET"]}}],"collection":[{"href":"https:\/\/froece.com\/es\/wp-json\/wp\/v2\/product"}],"about":[{"href":"https:\/\/froece.com\/es\/wp-json\/wp\/v2\/types\/product"}],"replies":[{"embeddable":true,"href":"https:\/\/froece.com\/es\/wp-json\/wp\/v2\/comments?post=395902"}],"wp:featuredmedia":[{"embeddable":true,"href":"https:\/\/froece.com\/es\/wp-json\/wp\/v2\/media\/395951"}],"wp:attachment":[{"href":"https:\/\/froece.com\/es\/wp-json\/wp\/v2\/media?parent=395902"}],"wp:term":[{"taxonomy":"product_brand","embeddable":true,"href":"https:\/\/froece.com\/es\/wp-json\/wp\/v2\/product_brand?post=395902"},{"taxonomy":"product_cat","embeddable":true,"href":"https:\/\/froece.com\/es\/wp-json\/wp\/v2\/product_cat?post=395902"},{"taxonomy":"product_tag","embeddable":true,"href":"https:\/\/froece.com\/es\/wp-json\/wp\/v2\/product_tag?post=395902"}],"curies":[{"name":"wp","href":"https:\/\/api.w.org\/{rel}","templated":true}]}}