{"id":3924209,"date":"2025-09-20T11:34:56","date_gmt":"2025-09-20T18:34:56","guid":{"rendered":"https:\/\/froece.com\/?post_type=product&#038;p=3924209"},"modified":"2025-12-03T13:45:39","modified_gmt":"2025-12-03T21:45:39","slug":"carrito-de-paletas-de-tamano-std-con-guardabarros-y-neumaticos-de-bicicleta-todo-blanco-2","status":"publish","type":"product","link":"https:\/\/froece.com\/es\/product\/tall-standard-white-popsicle-cart-with-fenders-and-bicycle-tires\/","title":{"rendered":"Tall Standard White Popsicle Cart with Fenders and Bicycle Tires"},"content":{"rendered":"<h2>Tall Standard Size Popsicle Cart with Fenders, Bicycle Tires, and 3 Top Openings (All White)<\/h2>\n<p>En <b>Carro de paletas de tama\u00f1o est\u00e1ndar<\/b> con <b>guardabarros<\/b>, <b>neum\u00e1ticos de bicicleta<\/b>y un acabado totalmente blanco es una soluci\u00f3n elegante y funcional para empresas y eventos. Este carro cuenta con tres aberturas superiores para <b>placas de acero en fr\u00edo<\/b>La nevera de acero inoxidable es una forma eficaz y rentable de mantener sus delicias congeladas a la temperatura perfecta sin necesidad de hielo normal o seco. El borde blanco pintado a mano sobre acero inoxidable a\u00f1ade un toque elegante, convirti\u00e9ndolo en un atractivo punto focal para cualquier ocasi\u00f3n.<\/p>\n<h3>Dise\u00f1o funcional y elegante<\/h3>\n<p>Este <b>carrito de polos<\/b> ofrece la combinaci\u00f3n perfecta de estilo y funcionalidad. Tanto si va a servir helados en una <b>fiesta de verano<\/b>, <b>mercado agr\u00edcola<\/b>o <b>feria callejera<\/b>Su acabado limpio y blanco y su construcci\u00f3n duradera hacen que destaque. El carro <b>caja aislada<\/b> garantiza que sus productos se mantengan fr\u00edos o calientes, mientras que el marco ligero y el <b>ruedas giratorias<\/b> proporcionan una f\u00e1cil movilidad, permiti\u00e9ndole maniobrar sin problemas en cualquier entorno.<\/p>\n<h3>Integraci\u00f3n rentable del Cold Plate<\/h3>\n<p>Dise\u00f1ado con dos aberturas laterales superiores, este carro puede albergar <b>placas de acero en fr\u00edo<\/b> (se vende por separado), lo que le permite mantener temperaturas \u00f3ptimas durante periodos prolongados sin la molestia del hielo normal. Esta caracter\u00edstica reduce los costes operativos y simplifica la configuraci\u00f3n, por lo que es ideal para catering, planificaci\u00f3n de eventos y ventas sobre la marcha. P\u00f3ngase en contacto con nosotros para conocer la disponibilidad de platos fr\u00edos.<\/p>\n<h3>Construcci\u00f3n duradera y artesanal<\/h3>\n<p>Cada <b>carro de paletas<\/b> est\u00e1 fabricado a mano por artesanos expertos a los que les apasiona su oficio. Aunque los carritos son duraderos, la naturaleza artesanal del producto puede dar lugar a ligeras imperfecciones cosm\u00e9ticas, lo que a\u00f1ade un encanto \u00fanico. El carrito est\u00e1 fabricado con materiales de alta calidad, como <b>fibra de vidrio<\/b> y <b>acero inoxidable<\/b>El dise\u00f1o de la silla de ruedas es de alta calidad, lo que garantiza que resista un uso frecuente sin perder su atractivo est\u00e9tico.<\/p>\n<h3>Perfecto para negocios y eventos<\/h3>\n<p>Este <b>carrito de polos<\/b> es una opci\u00f3n vers\u00e1til para una amplia gama de eventos empresariales y personales. Es perfecto para <b>restaurantes<\/b>, <b>bares<\/b>, <b>casinos<\/b>, <b>empresas de catering<\/b>e incluso eventos privados como <b>bodas<\/b> o <b>quincea\u00f1eras<\/b>. Tanto si va a servir polos, helados, bebidas o productos calientes, este carro es una forma elegante y funcional de realzar su evento.<\/p>\n<h3>Especificaciones<\/h3>\n<p>Estas son las especificaciones clave <b>carrito de paletas de tama\u00f1o est\u00e1ndar<\/b>:<\/p>\n<ul>\n<li><b>Dimensiones totales (incluido el manillar)<\/b>: 38 x 30.5 x 40 inches (H)<\/li>\n<li><b>Dimensiones de la caja aislada<\/b>: 30,75 x 20,25 x 19,75 pulgadas<\/li>\n<li><b>Dimensiones interiores<\/b>: 27 x 15 x 15 pulgadas<\/li>\n<li><b>Dimensiones de la abertura central de la puerta<\/b>: 14 x 14 pulgadas<\/li>\n<li><strong>Tires:<\/strong> 20\u2033 Pushcart Wheels With a Front Bicycle Tire<\/li>\n<li><b>Material<\/b>: Fibra de vidrio, embellecedor de acero inoxidable<\/li>\n<li><b>Peso total<\/b>: 70 lbs<\/li>\n<li><b>Capacidad<\/b>: Almacena hasta 400 polos o 3 tarrinas de tres galones<\/li>\n<\/ul>\n<p>\u2764\ufe0f Please Note:<br \/>\nThese carts are handmade with care, and as such, imperfections or size variations may be present. That\u2019s part of their charm!<\/p>\n<h3>\u00bfPor qu\u00e9 elegir el carro de helados blanco?<\/h3>\n<p>Con su dise\u00f1o blanco y elegante, su construcci\u00f3n duradera y la integraci\u00f3n eficaz de la placa fr\u00eda, el <b>Carro de paletas de tama\u00f1o est\u00e1ndar<\/b> es una valiosa inversi\u00f3n para las empresas que desean aumentar sus ventas y mejorar la experiencia de sus clientes. F\u00e1cil de transportar y sencilla de usar, es la opci\u00f3n ideal para eventos de catering, mercados pop-up y mucho m\u00e1s.<\/p>","protected":false},"excerpt":{"rendered":"<p class=\"p1\">En <b>Carro de paletas blanco tama\u00f1o est\u00e1ndar<\/b> con guardabarros y neum\u00e1ticos de bicicleta tiene capacidad para 400 polos o 3 cubas de tres galones. Perfecto para catering y eventos, no necesita electricidad.<\/p>","protected":false},"featured_media":3924349,"comment_status":"open","ping_status":"closed","template":"","meta":{"iawp_total_views":117},"product_brand":[],"product_cat":[58],"product_tag":[144,91,204,161,149,145,156,148,146,222,160],"class_list":{"0":"post-3924209","1":"product","2":"type-product","3":"status-publish","4":"has-post-thumbnail","6":"product_cat-popsicle-carts","7":"product_tag-frozen-treat-cart","8":"product_tag-ice-cream-cart","9":"product_tag-ice-cream-cart-for-sale","10":"product_tag-paleta-cart","11":"product_tag-paleta-cart-for-sale","12":"product_tag-popsicle-cart","13":"product_tag-popsicle-cart-for-events","14":"product_tag-popsicle-cart-for-sale","15":"product_tag-popsicle-cart-with-bicycle-tires","16":"product_tag-popsicle-cart-with-fenders","17":"product_tag-white-popsicle-cart","19":"first","20":"outofstock","21":"taxable","22":"shipping-taxable","23":"purchasable","24":"product-type-simple"},"exclude_global_add_ons":[],"addons":[],"_links":{"self":[{"href":"https:\/\/froece.com\/es\/wp-json\/wp\/v2\/product\/3924209","targetHints":{"allow":["GET"]}}],"collection":[{"href":"https:\/\/froece.com\/es\/wp-json\/wp\/v2\/product"}],"about":[{"href":"https:\/\/froece.com\/es\/wp-json\/wp\/v2\/types\/product"}],"replies":[{"embeddable":true,"href":"https:\/\/froece.com\/es\/wp-json\/wp\/v2\/comments?post=3924209"}],"wp:featuredmedia":[{"embeddable":true,"href":"https:\/\/froece.com\/es\/wp-json\/wp\/v2\/media\/3924349"}],"wp:attachment":[{"href":"https:\/\/froece.com\/es\/wp-json\/wp\/v2\/media?parent=3924209"}],"wp:term":[{"taxonomy":"product_brand","embeddable":true,"href":"https:\/\/froece.com\/es\/wp-json\/wp\/v2\/product_brand?post=3924209"},{"taxonomy":"product_cat","embeddable":true,"href":"https:\/\/froece.com\/es\/wp-json\/wp\/v2\/product_cat?post=3924209"},{"taxonomy":"product_tag","embeddable":true,"href":"https:\/\/froece.com\/es\/wp-json\/wp\/v2\/product_tag?post=3924209"}],"curies":[{"name":"wp","href":"https:\/\/api.w.org\/{rel}","templated":true}]}}