{"id":390369,"date":"2024-11-05T15:21:44","date_gmt":"2024-11-05T23:21:44","guid":{"rendered":"https:\/\/froece.com\/?post_type=product&#038;p=390369"},"modified":"2025-12-03T13:45:23","modified_gmt":"2025-12-03T21:45:23","slug":"carrito-de-paletas-con-guardabarros-y-neumaticos-de-bicicleta-5","status":"publish","type":"product","link":"https:\/\/froece.com\/es\/product\/elegant-standard-size-popsicle-cart-black-with-gold-trim-copy\/","title":{"rendered":"Elegante carro para paletas de tama\u00f1o est\u00e1ndar - Negro con adornos dorados"},"content":{"rendered":"<h2>Standard Size Popsicle Cart with Fenders and Bicycle Tires \u2013 Black with Gold Trim<\/h2>\n<p>Lanza tu negocio con este elegante <strong>Carro de paletas de tama\u00f1o est\u00e1ndar<\/strong>, featuring black bodywork and stunning gold-painted trim over stainless steel. Perfect for indoor and outdoor events, this cart\u2019s lightweight and maneuverable design make it easy to use in any location.<\/p>\n<h3>Productos<\/h3>\n<p>En <strong>Carro de paletas<\/strong> est\u00e1 dise\u00f1ado para aumentar la visibilidad y a\u00f1adir un toque de estilo a su negocio. Su construcci\u00f3n ligera permite transportarlo f\u00e1cilmente, lo que lo convierte en una herramienta vers\u00e1til para aumentar las ventas tanto dentro como fuera de las tiendas f\u00edsicas. Este carro bien aislado puede almacenar hasta 400 polos o 3 tarrinas de 3 galones, sin necesidad de electricidad - funciona tanto con hielo seco como con placas fr\u00edas.<\/p>\n<h3>Ideal para empresas y eventos<\/h3>\n<p>La versatilidad del <strong>Carro de Paleta<\/strong> lo convierte en la opci\u00f3n ideal para una amplia gama de eventos, como picnics de iglesias, mercados de agricultores, instalaciones deportivas, ferias callejeras, parques de atracciones, etc. Ya sea para servir helados, dulces congelados, bebidas o postres, este carrito garantiza una presentaci\u00f3n atractiva que ayuda a aumentar las ventas y el compromiso de los clientes.<\/p>\n<h3>Caracter\u00edsticas clave para una m\u00e1xima eficacia<\/h3>\n<p>Equipado con dos aberturas laterales superiores, este <b>carro de paletas<\/b> est\u00e1 dise\u00f1ado para funcionar con placas fr\u00edas, eliminando la necesidad del costoso hielo seco. Simplemente inserte las placas fr\u00edas y mantenga sus delicias congeladas durante horas. El cuerpo aislado del carro es lo suficientemente vers\u00e1til como para ser utilizado tanto para art\u00edculos fr\u00edos como calientes, por lo que es un activo polivalente para su negocio.<\/p>\n<h3>Perfecto para uso personal y profesional<\/h3>\n<p>Desde bodas a eventos corporativos, este <strong>Carrito de helados<\/strong> es ideal tanto para uso personal como profesional:<\/p>\n<p>- Bodas, quincea\u00f1eras, eventos especiales y fiestas de cumplea\u00f1os<\/p>\n<p>- Fiestas de verano, fiestas en la piscina y concesionarios de coches<\/p>\n<p>- Bar-Mitzvahs, Bat-Mitzvahs, despedidas de soltera y de beb\u00e9<\/p>\n<p>- Organizadores de eventos, empresas de alquiler y reuniones corporativas<\/p>\n<h3>Especificaciones<\/h3>\n<p>En <strong>Carro de paletas de tama\u00f1o est\u00e1ndar<\/strong> viene con una serie de especificaciones impresionantes:<\/p>\n<ul>\n<li>Dimensiones totales (incluido el manillar): 38 x 30,5 x 36,5\u2033H<\/li>\n<li>Dimensiones de la caja aislante para envolver: 30,75 x 20,25 x 19,75\u2033H<\/li>\n<li>Dimensiones interiores: 27 x 15 x 15\u2033H<\/li>\n<li>Dimensiones de apertura de la puerta central: 14 x 14\u2033<\/li>\n<li>Funciona con hielo seco o placas fr\u00edas (las placas fr\u00edas se venden por separado)<\/li>\n<li>No necesita electricidad<\/li>\n<li>Materiales: Cuerpo de fibra de vidrio, acero inoxidable y embellecedores de acero<\/li>\n<li>Ruedas: ruedas de carretilla de 20\" con una rueda delantera giratoria<\/li>\n<li>Bien aislado para objetos calientes o fr\u00edos<\/li>\n<li>Capacidad de almacenamiento: Capacidad para 400 polos o 3 tarrinas de 3 galones<\/li>\n<li>Peso total: 70 libras<\/li>\n<li><b>Placas en fr\u00edo<\/b>: No incluido, se vende por separado<\/li>\n<\/ul>\n<p><em>Nota: Dado que este producto est\u00e1 hecho a mano por artesanos, pueden producirse ligeras variaciones en las dimensiones y peque\u00f1as imperfecciones, lo que a\u00f1ade un toque \u00fanico a cada carrito.<\/em><\/p>\n<h3>Hecho a mano con amor<\/h3>\n<p>Este carrito est\u00e1 hecho a mano por artesanos expertos que ponen su pasi\u00f3n en cada detalle. Aunque puede haber ligeras imperfecciones, cada pieza est\u00e1 hecha con amor, lo que garantiza un producto de alta calidad y \u00fanico para las necesidades de su negocio o evento.<\/p>\n<h3>Opciones de personalizaci\u00f3n<\/h3>\n<p>\u00a1Ofrecemos personalizaci\u00f3n! Si desea que su <strong>Carro de Paleta<\/strong> en un color diferente o tiene una idea de dise\u00f1o \u00fanica, h\u00e1ganoslo saber. Trabajaremos con usted para crear un carro personalizado que se adapte a sus necesidades y realce su marca.<\/p>","protected":false},"excerpt":{"rendered":"<p class=\"p1\">En <b>Carro de paletas de tama\u00f1o est\u00e1ndar<\/b> with black and gold trim is ideal for starting a business or catering events. Its lightweight design and stylish look make it easy to use and a customer favorite.<\/p>","protected":false},"featured_media":390386,"comment_status":"open","ping_status":"closed","template":"","meta":{"iawp_total_views":90},"product_brand":[],"product_cat":[58],"product_tag":[152,281,292,314,91,315,161,149,145,150],"class_list":{"0":"post-390369","1":"product","2":"type-product","3":"status-publish","4":"has-post-thumbnail","6":"product_cat-popsicle-carts","7":"product_tag-catering-cart","8":"product_tag-dessert-cart","9":"product_tag-event-cart","10":"product_tag-gold-trim","11":"product_tag-ice-cream-cart","12":"product_tag-increase-sales","13":"product_tag-paleta-cart","14":"product_tag-paleta-cart-for-sale","15":"product_tag-popsicle-cart","16":"product_tag-popsicle-cart-rental","18":"first","19":"outofstock","20":"taxable","21":"shipping-taxable","22":"purchasable","23":"product-type-simple"},"exclude_global_add_ons":[],"addons":[],"_links":{"self":[{"href":"https:\/\/froece.com\/es\/wp-json\/wp\/v2\/product\/390369","targetHints":{"allow":["GET"]}}],"collection":[{"href":"https:\/\/froece.com\/es\/wp-json\/wp\/v2\/product"}],"about":[{"href":"https:\/\/froece.com\/es\/wp-json\/wp\/v2\/types\/product"}],"replies":[{"embeddable":true,"href":"https:\/\/froece.com\/es\/wp-json\/wp\/v2\/comments?post=390369"}],"wp:featuredmedia":[{"embeddable":true,"href":"https:\/\/froece.com\/es\/wp-json\/wp\/v2\/media\/390386"}],"wp:attachment":[{"href":"https:\/\/froece.com\/es\/wp-json\/wp\/v2\/media?parent=390369"}],"wp:term":[{"taxonomy":"product_brand","embeddable":true,"href":"https:\/\/froece.com\/es\/wp-json\/wp\/v2\/product_brand?post=390369"},{"taxonomy":"product_cat","embeddable":true,"href":"https:\/\/froece.com\/es\/wp-json\/wp\/v2\/product_cat?post=390369"},{"taxonomy":"product_tag","embeddable":true,"href":"https:\/\/froece.com\/es\/wp-json\/wp\/v2\/product_tag?post=390369"}],"curies":[{"name":"wp","href":"https:\/\/api.w.org\/{rel}","templated":true}]}}