{"id":3438309,"date":"2025-08-18T13:05:48","date_gmt":"2025-08-18T20:05:48","guid":{"rendered":"https:\/\/froece.com\/?post_type=product&#038;p=3438309"},"modified":"2026-03-23T16:37:32","modified_gmt":"2026-03-23T23:37:32","slug":"carrito-de-sobremesa-para-helados-6","status":"publish","type":"product","link":"https:\/\/froece.com\/es\/product\/mini-table-top-churro-cart-esquite-cart-elote-cart-corn-cart-dessert-display-cart-for-home-or-business-with-4-toppings-containers\/","title":{"rendered":"Mini Table Top Churro Cart, Esquite Cart, Elote Cart, Corn Cart, Dessert Display Cart for Home or Business with 4 toppings containers"},"content":{"rendered":"<h2>Adorable Mini Table Top Churro Cart, Esquite Cart, Elote Cart, Corn Cart, Popcorn, Dessert Display Cart for Home or Business with 4 toppings containers\ud83c\udf66\ud83c\udf89<\/h2>\n<p>\u00bfQuiere atraer a m\u00e1s gente a su negocio, ver m\u00e1s caras felices y aumentar sus ingresos? En <b>Small Table Top Churro Cart, Esquite Cart \/ Snack Cart<\/b> con asa para carrito de paleta es el complemento perfecto para cualquier negocio o celebraci\u00f3n en casa. Ideal para exponer y servir aperitivos como churros, tarta, helado o ma\u00edz, este carrito ofrece versatilidad, encanto y funcionalidad.<\/p>\n<h3>Perfecto para negocios y celebraciones<\/h3>\n<p>Este carrito de sobremesa del tama\u00f1o de un beb\u00e9 es un excelente complemento para su negocio, ya sea una helader\u00eda, un carrito de churros o un servicio de catering. Tambi\u00e9n es ideal para uso personal en fiestas de cumplea\u00f1os, eventos de verano, o incluso como un regalo \u00fanico. A\u00f1ada campanas por $6 adicional para llamar a\u00fan m\u00e1s la atenci\u00f3n y hacer que su carrito destaque.<\/p>\n<h3>Hecho a mano y personalizable<\/h3>\n<p>Cada <b>Small Table Top Churro Cart, Esquite Cart\/ Snack Cart<\/b> est\u00e1 hecho a mano por artesanos que aman lo que hacen, lo que garantiza un producto de calidad fabricado con esmero. \u00bfQuiere a\u00f1adir un toque personalizado? H\u00e1ganoslo saber, y trabajaremos para personalizar el carro para que coincida con su visi\u00f3n. Ya sea un color diferente o una calcoman\u00eda \u00fanica, le ayudaremos a dar vida a sus ideas.<\/p>\n<h3>Especificaciones<\/h3>\n<p>Aqu\u00ed est\u00e1n los detalles para el <b>Small Table Top Churro Cart \/ Snack Cart<\/b>:<\/p>\n<ul>\n<li>Cart Features:<br \/>\n\u2022 Overall size: 15&#8243; x 10.5&#8243; x 9.5&#8243;H<br \/>\n\u2022 Durable MDF construction with stainless steel handles<br \/>\n\u2022 2 wheels (4&#8243; diameter)<br \/>\n\u2022 Includes 1 large container + 4 smaller topping containers<br \/>\n\u2022 Assembly required to attach handle (Philips screwdriver needed)<br \/>\n\u2022 Props and decals not included<\/li>\n<li><b>Montaje<\/b>: Requiere un destornillador Philips para fijar las asas<\/li>\n<\/ul>\n<h3>\u00bfPor qu\u00e9 elegir este carro?<\/h3>\n<p>Este carrito no s\u00f3lo es funcional, sino tambi\u00e9n muy vers\u00e1til, ya que se adapta a diversos entornos, como restaurantes, helader\u00edas, carritos de churros, casinos, hoteles e incluso concesionarios de coches. Es perfecto para a\u00f1adir encanto a espacios comerciales y celebraciones como bodas, fiestas de cumplea\u00f1os y eventos corporativos. Puede presentar peque\u00f1as imperfecciones debido a su naturaleza artesanal, lo que le a\u00f1ade singularidad.<\/p>\n<h3>Opciones de personalizaci\u00f3n<\/h3>\n<p>\u00bfTiene una idea para un proyecto o necesita un carro en un color diferente? Podemos personalizar este carro para satisfacer sus especificaciones. D\u00edganos lo que tiene en mente y lo haremos realidad.<\/p>\n<h3>Usos ideales<\/h3>\n<p>Este carrito es ideal para churros, helados, pasteles, ma\u00edz y mucho m\u00e1s. Util\u00edcelo en restaurantes, helader\u00edas, casinos, hoteles, concesionarios de autom\u00f3viles o incluso en casa para eventos como fiestas navide\u00f1as, fiestas veraniegas en la piscina o celebraciones de Acci\u00f3n de Gracias.<\/p>","protected":false},"excerpt":{"rendered":"<p class=\"p1\">En <b>Peque\u00f1o carrito de helados y aperitivos<\/b> es un complemento encantador y funcional para su negocio, perfecto para servir aperitivos y aumentar las ventas.<\/p>","protected":false},"featured_media":3438431,"comment_status":"open","ping_status":"closed","template":"","meta":{"iawp_total_views":114},"product_brand":[],"product_cat":[60],"product_tag":[152,77,280,281,91,53,161,254,293,294],"class_list":{"0":"post-3438309","1":"product","2":"type-product","3":"status-publish","4":"has-post-thumbnail","6":"product_cat-tabletop-snack-carts","7":"product_tag-catering-cart","8":"product_tag-churro-cart","9":"product_tag-customizable-snack-cart","10":"product_tag-dessert-cart","11":"product_tag-ice-cream-cart","12":"product_tag-ice-cream-shop-decor","13":"product_tag-paleta-cart","14":"product_tag-restaurant-decor","15":"product_tag-small-snack-cart","16":"product_tag-table-top-cart","17":"product_shipping_class-flat-shipping-fee","19":"first","20":"instock","21":"sale","22":"taxable","23":"shipping-taxable","24":"purchasable","25":"product-type-variable"},"exclude_global_add_ons":true,"addons":[{"name":"\u00bfQuieres las campanas?","type":"checkbox","position":0,"required":false,"title_format":"label","default":"","description_enable":false,"description":"","placeholder_enable":false,"placeholder":"","display":"select","restrictions_type":"any_text","adjust_price":false,"price":"","price_type":"flat_fee","restrictions":false,"min":"0","max":"0","options":[{"label":"Yes, please!","price":"6","price_type":"quantity_based","image":0,"visibility":true}],"id":1725705351}],"_links":{"self":[{"href":"https:\/\/froece.com\/es\/wp-json\/wp\/v2\/product\/3438309","targetHints":{"allow":["GET"]}}],"collection":[{"href":"https:\/\/froece.com\/es\/wp-json\/wp\/v2\/product"}],"about":[{"href":"https:\/\/froece.com\/es\/wp-json\/wp\/v2\/types\/product"}],"replies":[{"embeddable":true,"href":"https:\/\/froece.com\/es\/wp-json\/wp\/v2\/comments?post=3438309"}],"wp:featuredmedia":[{"embeddable":true,"href":"https:\/\/froece.com\/es\/wp-json\/wp\/v2\/media\/3438431"}],"wp:attachment":[{"href":"https:\/\/froece.com\/es\/wp-json\/wp\/v2\/media?parent=3438309"}],"wp:term":[{"taxonomy":"product_brand","embeddable":true,"href":"https:\/\/froece.com\/es\/wp-json\/wp\/v2\/product_brand?post=3438309"},{"taxonomy":"product_cat","embeddable":true,"href":"https:\/\/froece.com\/es\/wp-json\/wp\/v2\/product_cat?post=3438309"},{"taxonomy":"product_tag","embeddable":true,"href":"https:\/\/froece.com\/es\/wp-json\/wp\/v2\/product_tag?post=3438309"}],"curies":[{"name":"wp","href":"https:\/\/api.w.org\/{rel}","templated":true}]}}