{"id":332460,"date":"2024-09-03T16:56:28","date_gmt":"2024-09-03T23:56:28","guid":{"rendered":"https:\/\/froece.com\/?post_type=product&#038;p=332460"},"modified":"2025-12-03T13:45:20","modified_gmt":"2025-12-03T21:45:20","slug":"bandeja-de-vuelo-de-4-chupitos-de-tequila-negro-de-avion-con-luces","status":"publish","type":"product","link":"https:\/\/froece.com\/es\/product\/4-shot-black-airplane-tequila-flight-tray-with-lights\/","title":{"rendered":"Bandeja Vuelo Tequila 4 Chupitos Avi\u00f3n Negro con Luces Impresionantes"},"content":{"rendered":"<h2 class=\"p1\"><b>Bandeja Vuelo Tequila 4 Chupitos Avi\u00f3n Negro con Luces<\/b><b><\/b><\/h2>\n<p class=\"p3\">En <b>Bandeja Vuelo Tequila 4 Chupitos Avi\u00f3n Negro<\/b> es imprescindible para cualquier bar, restaurante o evento que desee ofrecer una experiencia \u00fanica y atractiva. Fabricado en resistente <b>fibra de vidrio<\/b>Esta bandeja tiene capacidad para <b>4 vasos de chupito<\/b> y viene equipado con <b>luces multicolor<\/b>El dise\u00f1o de este producto es perfecto para llamar la atenci\u00f3n en cualquier celebraci\u00f3n.<\/p>\n<p><em><strong>*****PLEASE NOTE THIS ITEM IS IN BACK ORDER, WILL BE SHIPPING OUT STARTING MARCH 20TH****<\/strong><\/em><\/p>\n<h3 class=\"p1\"><b>Caracter\u00edsticas principales:<\/b><b><\/b><\/h3>\n<p class=\"p4\">-<b>Capacidad para 4 vasos de chupito<\/b>: Ideal para tequila, whisky o cualquier tipo de chupito.<\/p>\n<p class=\"p4\">-<b>Luces multicolor<\/b>: Sorprenda a sus clientes con una vibrante iluminaci\u00f3n integrada, perfecta para noches tem\u00e1ticas o eventos especiales.<\/p>\n<p class=\"p4\">-<b>Ligero y duradero<\/b>: Fabricada en fibra de vidrio de alta calidad, esta bandeja es f\u00e1cil de transportar a la vez que duradera.<\/p>\n<p class=\"p4\">-<b>Dise\u00f1o artesanal<\/b>: Cada bandeja est\u00e1 hecha a mano y pintada con esmero, lo que a\u00f1ade un toque personalizado a cada producto.<\/p>\n<p class=\"p4\">-<b>Personalizable<\/b>: A\u00f1ada el logotipo de su empresa o calcoman\u00edas especiales para un servicio personalizado. Perfecto para restaurantes, bares y organizadores de eventos.<\/p>\n<h3 class=\"p1\"><b>Perfecto para uso profesional:<\/b><b><\/b><\/h3>\n<p class=\"p4\">-<b>Servicio de botellas<\/b>: Eleve su servicio VIP ofreciendo chupitos con esta llamativa bandeja.<\/p>\n<p class=\"p4\">-<b>Restaurantes, bares y hoteles<\/b>: Haz que tu servicio de chupitos destaque con esta bandeja \u00fanica dise\u00f1ada para impresionar.<\/p>\n<p class=\"p4\">-<b>Organizadores de eventos<\/b>: Ideal para bodas, fiestas tem\u00e1ticas, eventos corporativos y mucho m\u00e1s.<\/p>\n<p class=\"p4\">-<b>Casinos y concesionarios<\/b>: Aporte un toque adicional a los servicios de gama alta y a las experiencias de los clientes.<\/p>\n<p class=\"p4\">-<b>Empresas de alquiler<\/b>: Ofrezca a sus clientes algo realmente \u00fanico para su pr\u00f3ximo gran evento.<\/p>\n<h3 class=\"p1\"><b>Perfecto para uso personal:<\/b><b><\/b><\/h3>\n<p class=\"p4\">-<b>Fiestas y eventos<\/b>: Haz que tus fiestas sean inolvidables sirviendo chupitos con esta elegante bandeja.<\/p>\n<p class=\"p4\">-<b>Bar en casa<\/b>: Perfecta adici\u00f3n a cualquier cueva de hombre, ella cobertizo, o casa de la piscina para uso personal.<\/p>\n<p class=\"p4\">-<b>Ocasiones especiales<\/b>: Ideal para cumplea\u00f1os, despedidas de soltera, fiestas de compromiso y reuniones festivas.<\/p>\n<h3 class=\"p1\"><b>Especificaciones del producto:<\/b><b><\/b><\/h3>\n<p class=\"p4\">-<b>Color<\/b>: Negro con detalles dorados<\/p>\n<p class=\"p4\">-<b>Material<\/b>: Fibra de vidrio<\/p>\n<p class=\"p4\">-<b>Dimensiones<\/b>: 10,5\" x 7\" x 7,75\" H<\/p>\n<p class=\"p4\">-<b>Peso<\/b>: 1 lb 12 oz<\/p>\n<p class=\"p4\">-<b>Recortables de vasos de chupito<\/b>: 1,4\" de di\u00e1metro (para vasos de chupito altos de 2 onzas)<\/p>\n<p class=\"p4\">-<b>Bater\u00eda recargable<\/b>: Incluye 1 bater\u00eda de litio recargable (18650)<\/p>\n<h3 class=\"p1\"><b>Opciones de personalizaci\u00f3n:<\/b><b><\/b><\/h3>\n<p class=\"p3\">","protected":false},"excerpt":{"rendered":"<p class=\"p1\">Aumente las ventas de su bar con este llamativo <b>Bandeja Vuelo Tequila 4 Chupitos Avi\u00f3n Negro<\/b> con luces multicolores. Ligero, personalizable y perfecto para eventos.<\/p>","protected":false},"featured_media":332488,"comment_status":"open","ping_status":"closed","template":"","meta":{"iawp_total_views":115},"product_brand":[],"product_cat":[96],"product_tag":[125,113,130,127,122,124,123,131,128,132,119,126,114,129],"class_list":{"0":"post-332460","1":"product","2":"type-product","3":"status-publish","4":"has-post-thumbnail","6":"product_cat-shot-flight-trays","7":"product_tag-4-shot-airplane-tray","8":"product_tag-airplane-shot-flight","9":"product_tag-bar-shot-tray","10":"product_tag-black-airplane-shot-tray","11":"product_tag-customizable-shot-tray","12":"product_tag-event-shot-tray","13":"product_tag-fiberglass-shot-tray","14":"product_tag-light-up-shot-tray","15":"product_tag-multicolor-light-shot-tray","16":"product_tag-party-shot-tray","17":"product_tag-tequila-flight-tray","18":"product_tag-tequila-shot-flight-tray","19":"product_tag-tequila-shots","20":"product_tag-tequila-tray-for-bars","21":"product_shipping_class-flat-shipping-fee","23":"first","24":"instock","25":"taxable","26":"shipping-taxable","27":"purchasable","28":"product-type-simple"},"exclude_global_add_ons":[],"addons":[],"_links":{"self":[{"href":"https:\/\/froece.com\/es\/wp-json\/wp\/v2\/product\/332460","targetHints":{"allow":["GET"]}}],"collection":[{"href":"https:\/\/froece.com\/es\/wp-json\/wp\/v2\/product"}],"about":[{"href":"https:\/\/froece.com\/es\/wp-json\/wp\/v2\/types\/product"}],"replies":[{"embeddable":true,"href":"https:\/\/froece.com\/es\/wp-json\/wp\/v2\/comments?post=332460"}],"wp:featuredmedia":[{"embeddable":true,"href":"https:\/\/froece.com\/es\/wp-json\/wp\/v2\/media\/332488"}],"wp:attachment":[{"href":"https:\/\/froece.com\/es\/wp-json\/wp\/v2\/media?parent=332460"}],"wp:term":[{"taxonomy":"product_brand","embeddable":true,"href":"https:\/\/froece.com\/es\/wp-json\/wp\/v2\/product_brand?post=332460"},{"taxonomy":"product_cat","embeddable":true,"href":"https:\/\/froece.com\/es\/wp-json\/wp\/v2\/product_cat?post=332460"},{"taxonomy":"product_tag","embeddable":true,"href":"https:\/\/froece.com\/es\/wp-json\/wp\/v2\/product_tag?post=332460"}],"curies":[{"name":"wp","href":"https:\/\/api.w.org\/{rel}","templated":true}]}}