{"id":296324,"date":"2024-07-24T19:14:21","date_gmt":"2024-07-25T02:14:21","guid":{"rendered":"https:\/\/froece.com\/?post_type=product&#038;p=296324"},"modified":"2025-12-03T13:45:15","modified_gmt":"2025-12-03T21:45:15","slug":"carro-de-paletas-tamano-estandar-puerta-xl-embellecedor-blanco","status":"publish","type":"product","link":"https:\/\/froece.com\/es\/product\/standard-size-popsicle-cart-xl-door-white-trim\/","title":{"rendered":"Carro de paletas de tama\u00f1o est\u00e1ndar con puerta XL y elegante embellecedor blanco"},"content":{"rendered":"<h2 class=\"p1\"><b>Carro de paletas de tama\u00f1o est\u00e1ndar con puerta XL y adornos blancos<\/b><b><\/b><\/h2>\n<p class=\"p3\">Este <b>Carro de paletas de tama\u00f1o est\u00e1ndar con puerta XL<\/b> est\u00e1 dise\u00f1ado para ofrecer versatilidad y comodidad, por lo que es perfecto para iniciar o ampliar su negocio. Con <b>elegante ribete blanco<\/b> y una gran puerta, este carro puede almacenar hasta <b>400 polos<\/b> o <b>tres cubos de 3 galones<\/b>. Su dise\u00f1o compacto y ligero facilita las maniobras, mientras que su aspecto elegante mejora la visibilidad del producto y el atractivo para el cliente.<\/p>\n<p class=\"p3\">Ya se trate de un catering para un evento privado, de una feria callejera o de un puesto pop-up, este carrito de polos es la herramienta definitiva para atraer clientes y aumentar las ventas.<\/p>\n<h3 class=\"p1\"><b>Caracter\u00edsticas principales:<\/b><b><\/b><\/h3>\n<p class=\"p4\">-<b>Con capacidad para 400 polos o 3 tubos de 3 galones<\/b>: Gran capacidad de almacenamiento para todas sus delicias fr\u00edas.<\/p>\n<p class=\"p4\">-<b>Puerta XL<\/b>: Proporciona un f\u00e1cil acceso para un servicio y rellenado r\u00e1pidos.<\/p>\n<p class=\"p4\">-<b>No necesita electricidad<\/b>: Funciona con hielo seco o placas fr\u00edas, por lo que es perfecto para cualquier lugar.<\/p>\n<p class=\"p4\">-<b>Uso vers\u00e1til<\/b>: Puede almacenar tanto art\u00edculos fr\u00edos como calientes, gracias a su aislamiento superior.<\/p>\n<p class=\"p4\">-<b>Ruedas de carretilla de 20<\/b>: Dise\u00f1ado para facilitar la movilidad, incluso en superficies irregulares, con una rueda delantera giratoria para mayor maniobrabilidad.<\/p>\n<p class=\"p4\">-<b>Construcci\u00f3n de fibra de vidrio y acero inoxidable<\/b>: Duradera y atractiva, fabricada para soportar un uso frecuente.<\/p>\n<h3 class=\"p1\"><b>Especificaciones:<\/b><b><\/b><\/h3>\n<p class=\"p4\">-<b>Dimensiones totales (incluido el manillar)<\/b>: 44\u201dL x 30\u201dW x 40\u201d H<\/p>\n<p class=\"p4\">-<b>Dimensiones de la caja aislada<\/b>: 30.75\u201dL x 20.25\u201dW x 19.75\u201d H<\/p>\n<p class=\"p4\">-<b>Dimensiones interiores<\/b>: 27\u201dL x 15\u201dW x 15\u201d H<\/p>\n<p class=\"p4\">-<b>Dimensiones de la abertura central de la puerta<\/b>: 24.75\" x 13.75\"<\/p>\n<p class=\"p4\">-<b>Materiales<\/b>: Fibra de vidrio, base de madera, fondo de la tapa de acero<\/p>\n<p class=\"p4\">-<b>Peso<\/b>: 73 lbs<\/p>\n<p class=\"p4\">-<b>Capacidad de almacenamiento<\/b>: Hasta 400 polos o 3 tarrinas de 3 galones<\/p>\n<h3 class=\"p1\"><b>Ideal para empresas y eventos:<\/b><b><\/b><\/h3>\n<p class=\"p4\">-<b>Usos comerciales<\/b>: Perfecto para <b>mercados agr\u00edcolas<\/b>, <b>eventos emergentes<\/b>, <b>instalaciones deportivas<\/b>, <b>ferias callejeras<\/b>, <b>picnics en la iglesia<\/b>y mucho m\u00e1s. Util\u00edcelo para servir <b>helado<\/b>, <b>paletas<\/b>, <b>delicias congeladas<\/b>, <b>bebidas<\/b>e incluso <b>licor<\/b>.<\/p>\n<p class=\"p4\">-<b>Usos del evento<\/b>: Ideal para <b>bodas<\/b>, <b>fiestas de cumplea\u00f1os<\/b>, <b>despedidas de soltera<\/b>, <b>quincea\u00f1eras<\/b>y <b>eventos de empresa<\/b>. Ideal tanto para <b>empresarios<\/b> y <b>organizadores de eventos<\/b>.<\/p>\n<h3 class=\"p1\"><b>\u00bfPor qu\u00e9 elegir este carrito de helados?<\/b><b><\/b><\/h3>\n<p class=\"p4\">-<b>Perfecto para crear su propia empresa<\/b>: Este carrito es una excelente inversi\u00f3n para emprendedores que buscan introducirse en el negocio de las golosinas congeladas.<\/p>\n<p class=\"p4\">-<b>Dise\u00f1o atractivo<\/b>: La <b>ribete blanco<\/b> en <b>acero inoxidable<\/b> a\u00f1ade un toque elegante, haciendo que su montaje destaque en cualquier evento.<\/p>\n<p class=\"p4\">-<b>Ligero y f\u00e1cil de manejar<\/b>: El carro est\u00e1 dise\u00f1ado para facilitar la movilidad, para que pueda desplazarse sin esfuerzo mientras atiende a los clientes.<\/p>\n<p class=\"p4\">-<b>Parag\u00fcero<\/b>: Mantente fresco y a la sombra mientras sirves, est\u00e9s donde est\u00e9s.<\/p>\n<h3 class=\"p1\"><b>Opciones de personalizaci\u00f3n:<\/b><b><\/b><\/h3>\n<p class=\"p3\">Tenga en cuenta que el embellecedor es <b>pintado de blanco<\/b>que dan al carro un aspecto elegante. Si necesita un color o tama\u00f1o diferente, o tiene alguna idea espec\u00edfica para un proyecto, h\u00e1ganoslo saber: \u00a1haremos todo lo posible por conseguirlo!<\/p>","protected":false},"excerpt":{"rendered":"<p class=\"p1\">Este <b>Carro de paletas de tama\u00f1o est\u00e1ndar con puerta XL<\/b> y elegante borde blanco es perfecta para lanzar o ampliar su negocio. Tiene capacidad para 400 polos y es ideal para eventos, ferias callejeras y catering.<\/p>","protected":false},"featured_media":296343,"comment_status":"open","ping_status":"closed","template":"","meta":{"iawp_total_views":78},"product_brand":[],"product_cat":[58],"product_tag":[142,139,138,144,137,140,136,141,134,143,133,135],"class_list":{"0":"post-296324","1":"product","2":"type-product","3":"status-publish","4":"has-post-thumbnail","6":"product_cat-popsicle-carts","7":"product_tag-catering-popsicle-cart","8":"product_tag-cold-plate-cart","9":"product_tag-dry-ice-popsicle-cart","10":"product_tag-frozen-treat-cart","11":"product_tag-ice-cream-cart-for-events","12":"product_tag-mobile-catering-cart","13":"product_tag-mobile-popsicle-cart","14":"product_tag-popsicle-cart-for-farmers-markets","15":"product_tag-popsicle-cart-with-xl-door","16":"product_tag-rental-business-popsicle-cart","17":"product_tag-standard-size-popsicle-cart","18":"product_tag-white-trim-popsicle-cart","20":"first","21":"outofstock","22":"taxable","23":"shipping-taxable","24":"purchasable","25":"product-type-simple"},"exclude_global_add_ons":[],"addons":[],"_links":{"self":[{"href":"https:\/\/froece.com\/es\/wp-json\/wp\/v2\/product\/296324","targetHints":{"allow":["GET"]}}],"collection":[{"href":"https:\/\/froece.com\/es\/wp-json\/wp\/v2\/product"}],"about":[{"href":"https:\/\/froece.com\/es\/wp-json\/wp\/v2\/types\/product"}],"replies":[{"embeddable":true,"href":"https:\/\/froece.com\/es\/wp-json\/wp\/v2\/comments?post=296324"}],"wp:featuredmedia":[{"embeddable":true,"href":"https:\/\/froece.com\/es\/wp-json\/wp\/v2\/media\/296343"}],"wp:attachment":[{"href":"https:\/\/froece.com\/es\/wp-json\/wp\/v2\/media?parent=296324"}],"wp:term":[{"taxonomy":"product_brand","embeddable":true,"href":"https:\/\/froece.com\/es\/wp-json\/wp\/v2\/product_brand?post=296324"},{"taxonomy":"product_cat","embeddable":true,"href":"https:\/\/froece.com\/es\/wp-json\/wp\/v2\/product_cat?post=296324"},{"taxonomy":"product_tag","embeddable":true,"href":"https:\/\/froece.com\/es\/wp-json\/wp\/v2\/product_tag?post=296324"}],"curies":[{"name":"wp","href":"https:\/\/api.w.org\/{rel}","templated":true}]}}