{"id":257345,"date":"2024-06-17T17:12:53","date_gmt":"2024-06-18T00:12:53","guid":{"rendered":"https:\/\/froece.com\/?post_type=product&#038;p=257345"},"modified":"2026-04-14T16:16:56","modified_gmt":"2026-04-14T23:16:56","slug":"tamano-estandar-popsicle-carro-neumaticos-de-bicicleta-cromo-trim","status":"publish","type":"product","link":"https:\/\/froece.com\/es\/product\/standard-size-popsicle-cart-bicycle-tires-chrome-trim\/","title":{"rendered":"Carro de paletas de tama\u00f1o est\u00e1ndar con neum\u00e1ticos de bicicleta y adornos cromados"},"content":{"rendered":"<h2 class=\"p1\"><b>Carro de paletas de tama\u00f1o est\u00e1ndar con neum\u00e1ticos de bicicleta y 3 aberturas superiores<\/b><b><\/b><\/h2>\n<p>&nbsp;<\/p>\n<p class=\"p3\">Este <b>Carro de paletas de tama\u00f1o est\u00e1ndar<\/b> es la herramienta perfecta para ampliar su negocio de helados o polos. Con su <b>molduras cromadas<\/b> y <b>neum\u00e1ticos de bicicleta<\/b>Este carro est\u00e1 dise\u00f1ado para ofrecer durabilidad, estilo y movilidad, por lo que es ideal para catering, eventos pop-up o mercados al aire libre.<\/p>\n<p class=\"p3\">El carro cuenta con <b>tres aberturas superiores<\/b> dise\u00f1ado para placas fr\u00edas (se venden por separado), para que pueda eliminar la necesidad de hielo seco, ahorrando tiempo y dinero. Tanto si sirve polos como helados, el alto aislamiento de este carro mantiene sus productos a la temperatura perfecta sin electricidad.<\/p>\n<h3 class=\"p1\"><b>Caracter\u00edsticas principales:<\/b><b><\/b><\/h3>\n<p class=\"p4\">-<b>3 Aperturas superiores<\/b>: Dise\u00f1ado para placas fr\u00edas de acero, ofrece una soluci\u00f3n eficaz sin necesidad de hielo seco o normal (las placas fr\u00edas se venden por separado).<\/p>\n<p class=\"p4\">-<b>Capacidad para 400 polos o tubos de 3 galones<\/b>: Amplio espacio para un servicio de gran volumen.<\/p>\n<p class=\"p4\">-<b>No necesita electricidad<\/b>: Aislado para mantener los objetos fr\u00edos o calientes durante horas sin corriente.<\/p>\n<p class=\"p4\">-<b>Neum\u00e1ticos duraderos para bicicletas<\/b>Ruedas de carretilla de 20\" con una rueda delantera giratoria para facilitar la movilidad.<\/p>\n<p class=\"p4\">-<b>Artesan\u00eda hecha a mano<\/b>: Fabricados por artesanos apasionados, cada carro se construye y acaba a mano con esmero.<\/p>\n<h3 class=\"p1\"><b>Especificaciones:<\/b><b><\/b><\/h3>\n<p class=\"p4\">-<b>Dimensiones exteriores (asa incluida)<\/b>: 37,5\" x 30\" x 35,25\" H<\/p>\n<p class=\"p4\">-<b>Dimensiones de la caja aislada<\/b>: 30,25\" x 20,25\" x 20\" H<\/p>\n<p class=\"p4\">-<b>Dimensiones interiores<\/b>: 24.25\" x 16\" x 14.5\" H<\/p>\n<p class=\"p4\">-<b>Dimensiones de la abertura central de la puerta<\/b>: 13.75\" x 13.75\"<\/p>\n<p class=\"p4\">-<b>Material<\/b>: Fibra de vidrio, acero inoxidable, acero, base de madera<\/p>\n<p class=\"p4\">-<b>Peso<\/b>: 70 lbs<\/p>\n<p class=\"p4\">-<b>Capacidad de almacenamiento<\/b>: Hasta 400 polos o 3 tarrinas de 3 galones<\/p>\n<h3 class=\"p1\"><b>Uso vers\u00e1til:<\/b><b><\/b><\/h3>\n<p class=\"p4\">-<b>Uso comercial<\/b>: Perfecto para <b>mercados agr\u00edcolas<\/b>, <b>eventos emergentes<\/b>, <b>ferias callejeras<\/b>, <b>instalaciones deportivas<\/b>, <b>picnics en la iglesia<\/b>y mucho m\u00e1s.<\/p>\n<p class=\"p4\">-<b>Uso del evento<\/b>: Ideal para <b>fiestas de verano<\/b>, <b>fiestas en la piscina<\/b>, <b>eventos de empresa<\/b>, <b>bodas<\/b>, <b>fiestas de cumplea\u00f1os<\/b>y <b>catering<\/b>.<\/p>\n<h3 class=\"p1\"><b>\u00bfPor qu\u00e9 elegir este carro?<\/b><b><\/b><\/h3>\n<p class=\"p4\">-<b>Eficiente y rentable<\/b>: Evite la molestia de comprar hielo seco constantemente con nuestra opci\u00f3n de placa fr\u00eda.<\/p>\n<p class=\"p4\">-<b>Port\u00e1til y duradero<\/b>: Equipado con neum\u00e1ticos de bicicleta y un cuerpo ligero, este carro es f\u00e1cil de maniobrar para cualquier evento o venta ambulante.<\/p>\n<p class=\"p4\">-<b>Dise\u00f1o atractivo<\/b>: La <b>molduras cromadas<\/b> a\u00f1ade un aspecto elegante y profesional, llamando la atenci\u00f3n sobre su producto.<\/p>\n<p class=\"p4\">-<b>Hecho a mano con esmero<\/b>: Fabricado por artesanos, este carrito est\u00e1 hecho con pasi\u00f3n y atenci\u00f3n al detalle.<\/p>\n<h3 class=\"p1\"><b>Artesan\u00eda hecha a mano:<\/b><b><\/b><\/h3>\n<p class=\"p3\">Cada uno de nuestros <b>carritos de polos<\/b> est\u00e1 hecho a mano por artesanos expertos. Debido a este proceso, pueden producirse ligeras variaciones en el tama\u00f1o y el acabado, pero cada carro se construye con amor y cuidado para garantizar que funcione a la perfecci\u00f3n.<\/p>","protected":false},"excerpt":{"rendered":"<p class=\"p1\">Este <b>Carro de paletas de tama\u00f1o est\u00e1ndar con neum\u00e1ticos de bicicleta y adornos cromados<\/b> tiene capacidad para 400 polos y no necesita electricidad. Perfecto para eventos, catering y puestos improvisados.<\/p>","protected":false},"featured_media":486465,"comment_status":"open","ping_status":"closed","template":"","meta":{"iawp_total_views":92},"product_brand":[],"product_cat":[58],"product_tag":[152,147,91,153,136,149,151,155,145,156,148,150,146,154],"class_list":{"0":"post-257345","1":"product","2":"type-product","3":"status-publish","4":"has-post-thumbnail","6":"product_cat-popsicle-carts","7":"product_tag-catering-cart","8":"product_tag-chrome-trim-popsicle-cart","9":"product_tag-ice-cream-cart","10":"product_tag-insulated-popsicle-cart","11":"product_tag-mobile-popsicle-cart","12":"product_tag-paleta-cart-for-sale","13":"product_tag-paleta-cart-rental","14":"product_tag-pool-party-ideas","15":"product_tag-popsicle-cart","16":"product_tag-popsicle-cart-for-events","17":"product_tag-popsicle-cart-for-sale","18":"product_tag-popsicle-cart-rental","19":"product_tag-popsicle-cart-with-bicycle-tires","20":"product_tag-summer-party-ideas","22":"first","23":"instock","24":"taxable","25":"shipping-taxable","26":"purchasable","27":"product-type-simple"},"exclude_global_add_ons":[],"addons":[],"_links":{"self":[{"href":"https:\/\/froece.com\/es\/wp-json\/wp\/v2\/product\/257345","targetHints":{"allow":["GET"]}}],"collection":[{"href":"https:\/\/froece.com\/es\/wp-json\/wp\/v2\/product"}],"about":[{"href":"https:\/\/froece.com\/es\/wp-json\/wp\/v2\/types\/product"}],"replies":[{"embeddable":true,"href":"https:\/\/froece.com\/es\/wp-json\/wp\/v2\/comments?post=257345"}],"wp:featuredmedia":[{"embeddable":true,"href":"https:\/\/froece.com\/es\/wp-json\/wp\/v2\/media\/486465"}],"wp:attachment":[{"href":"https:\/\/froece.com\/es\/wp-json\/wp\/v2\/media?parent=257345"}],"wp:term":[{"taxonomy":"product_brand","embeddable":true,"href":"https:\/\/froece.com\/es\/wp-json\/wp\/v2\/product_brand?post=257345"},{"taxonomy":"product_cat","embeddable":true,"href":"https:\/\/froece.com\/es\/wp-json\/wp\/v2\/product_cat?post=257345"},{"taxonomy":"product_tag","embeddable":true,"href":"https:\/\/froece.com\/es\/wp-json\/wp\/v2\/product_tag?post=257345"}],"curies":[{"name":"wp","href":"https:\/\/api.w.org\/{rel}","templated":true}]}}