{"id":225841,"date":"2024-05-14T19:23:50","date_gmt":"2024-05-15T02:23:50","guid":{"rendered":"https:\/\/froece.com\/?post_type=product&#038;p=225841"},"modified":"2026-03-06T09:31:10","modified_gmt":"2026-03-06T17:31:10","slug":"carrito-de-paletas-alto-estandar-llantas-de-bicicleta-embellecedor-cromado","status":"publish","type":"product","link":"https:\/\/froece.com\/es\/product\/standard-tall-popsicle-cart-bicycle-tires-chrome-trim\/","title":{"rendered":"Carro de paletas alto est\u00e1ndar con ruedas de bicicleta y elegante acabado cromado"},"content":{"rendered":"<h2 class=\"p1\"><b>Carro de paletas alto est\u00e1ndar con neum\u00e1ticos de bicicleta y adornos cromados<\/b><b><\/b><\/h2>\n<p class=\"p3\">En <b>Paletero alto est\u00e1ndar<\/b> es la soluci\u00f3n perfecta para los empresarios que desean iniciar o ampliar su negocio de golosinas congeladas. Equipado con <b>neum\u00e1ticos de bicicleta<\/b> y un elegante <b>molduras cromadas<\/b>este carro no s\u00f3lo a\u00f1ade estilo a su marca, sino que tambi\u00e9n ofrece <b>movilidad<\/b> y <b>funcionalidad<\/b> para eventos tanto en interiores como en exteriores. Tanto si se trata de un catering para un evento especial como de un mercado emergente, este carro le garantiza que estar\u00e1 listo para impresionar y servir de forma eficiente.<\/p>\n<h3 class=\"p1\"><b>Caracter\u00edsticas principales:<\/b><b><\/b><\/h3>\n<p class=\"p4\">-<b>Almacena hasta 400 polos o tubos de 3 galones<\/b>: Gran capacidad para eventos de gran volumen.<\/p>\n<p class=\"p4\">-<b>No necesita electricidad<\/b>: Funciona con hielo seco, hielo normal o placas fr\u00edas, lo que la hace vers\u00e1til para cualquier lugar.<\/p>\n<p class=\"p4\">-<b>Aislado para fr\u00edo o calor<\/b>: Mantenga la temperatura perfecta para los dulces congelados o los platos calientes con el aislamiento superior del carro.<\/p>\n<p class=\"p4\">-<b>F\u00e1cil maniobrabilidad<\/b>: En <b>Neum\u00e1ticos de bicicleta de 20<\/b> y un dise\u00f1o ligero, este carrito es perfecto para moverse por espacios abarrotados.<\/p>\n<p class=\"p4\">-<b>Materiales duraderos<\/b>: Construido con <b>fibra de vidrio<\/b>, <b>acero inoxidable<\/b>y un robusto <b>base de madera<\/b>, lo que garantiza su durabilidad y longevidad.<\/p>\n<p class=\"p4\">-<b>Hecho a mano con amor<\/b>: Cada carrito es elaborado por artesanos apasionados, lo que garantiza un toque \u00fanico en cada pieza.<\/p>\n<h3 class=\"p1\"><b>Especificaciones:<\/b><b><\/b><\/h3>\n<p class=\"p4\">-<b>Dimensiones exteriores (asa incluida)<\/b>: 42\" x 30\" x 38\" H<\/p>\n<p class=\"p4\">-<b>Dimensiones de la caja aislada<\/b>: 30,25\" x 20,25\" x 20\" H<\/p>\n<p class=\"p4\">-<b>Dimensiones interiores<\/b>: 24.25\" x 16\" x 14.5\" H<\/p>\n<p class=\"p4\">-<b>Apertura central de la puerta<\/b>: 13.75\" x 13.75\"<\/p>\n<p class=\"p4\">-<b>Peso<\/b>: 70 lbs<\/p>\n<p class=\"p4\">-<b>Materiales<\/b>: Fibra de vidrio, Acero inoxidable, Acero, Base de madera, Tapa de acero inoxidable con fondo de madera<\/p>\n<p class=\"p4\">-<b>Capacidad de almacenamiento<\/b>: Hasta 400 polos o 3 tarrinas de 3 galones<\/p>\n<h3 class=\"p1\"><b>Perfecto para negocios y eventos:<\/b><b><\/b><\/h3>\n<p class=\"p4\">-<b>Usos comerciales<\/b>: Ideal para <b>mercados agr\u00edcolas<\/b>, <b>eventos emergentes<\/b>, <b>instalaciones deportivas<\/b>, <b>ferias callejeras<\/b>y mucho m\u00e1s. Servir <b>helado<\/b>, <b>paletas<\/b>, <b>bebidas<\/b>e incluso <b>licor<\/b> para impulsar las ventas.<\/p>\n<p class=\"p4\">-<b>Usos del evento<\/b>: Ideal para <b>bodas<\/b>, <b>fiestas de cumplea\u00f1os<\/b>, <b>eventos de empresa<\/b>, <b>fiestas en la piscina<\/b>, <b>despedidas de soltera<\/b>y <b>quincea\u00f1eras<\/b>.<\/p>\n<h3 class=\"p1\"><b>\u00bfPor qu\u00e9 elegir este carrito de helados?<\/b><b><\/b><\/h3>\n<p class=\"p4\">-<b>Dise\u00f1o atractivo<\/b>: La <b>blanco y cromado<\/b> a\u00f1ade un aspecto elegante y profesional, aumentando la visibilidad y atrayendo a los clientes a su stand.<\/p>\n<p class=\"p4\">-<b>Eficaz y port\u00e1til<\/b>: Los neum\u00e1ticos de bicicleta facilitan los desplazamientos, y la ausencia de electricidad la hace vers\u00e1til para cualquier lugar.<\/p>\n<p class=\"p4\">-<b>Calidad artesanal<\/b>: Each cart is lovingly hand-built by skilled artisans. Because every piece is made by hand, variations or imperfections may occur\u2014these are a natural part of the craftsmanship and make each cart truly unique.<\/p>\n<h3 class=\"p1\"><b>Artesan\u00eda hecha a mano:<\/b><b><\/b><\/h3>\n<p class=\"p3\">Nuestra <b>Paletero alto est\u00e1ndar<\/b> est\u00e1 fabricado a mano por artesanos apasionados por su oficio. Aunque pueden presentar peque\u00f1as imperfecciones, todos los carros se crean con esmero y se dise\u00f1an para durar.<\/p>\n<p>&nbsp;<\/p>","protected":false},"excerpt":{"rendered":"<p class=\"p1\">Este <b>Paletero alto est\u00e1ndar<\/b> con neum\u00e1ticos de bicicleta y adornos cromados es ideal para iniciar o hacer crecer su negocio. Es f\u00e1cil de maniobrar, tiene capacidad para 400 polos y es perfecta para eventos.<\/p>","protected":false},"featured_media":225878,"comment_status":"open","ping_status":"closed","template":"","meta":{"iawp_total_views":64},"product_brand":[],"product_cat":[58],"product_tag":[147,158,91,136,149,145,148,150,146,154,157],"class_list":{"0":"post-225841","1":"product","2":"type-product","3":"status-publish","4":"has-post-thumbnail","6":"product_cat-popsicle-carts","7":"product_tag-chrome-trim-popsicle-cart","8":"product_tag-event-catering-popsicle-cart","9":"product_tag-ice-cream-cart","10":"product_tag-mobile-popsicle-cart","11":"product_tag-paleta-cart-for-sale","12":"product_tag-popsicle-cart","13":"product_tag-popsicle-cart-for-sale","14":"product_tag-popsicle-cart-rental","15":"product_tag-popsicle-cart-with-bicycle-tires","16":"product_tag-summer-party-ideas","17":"product_tag-tall-popsicle-cart","19":"first","20":"outofstock","21":"taxable","22":"shipping-taxable","23":"purchasable","24":"product-type-simple"},"exclude_global_add_ons":[],"addons":[],"_links":{"self":[{"href":"https:\/\/froece.com\/es\/wp-json\/wp\/v2\/product\/225841","targetHints":{"allow":["GET"]}}],"collection":[{"href":"https:\/\/froece.com\/es\/wp-json\/wp\/v2\/product"}],"about":[{"href":"https:\/\/froece.com\/es\/wp-json\/wp\/v2\/types\/product"}],"replies":[{"embeddable":true,"href":"https:\/\/froece.com\/es\/wp-json\/wp\/v2\/comments?post=225841"}],"wp:featuredmedia":[{"embeddable":true,"href":"https:\/\/froece.com\/es\/wp-json\/wp\/v2\/media\/225878"}],"wp:attachment":[{"href":"https:\/\/froece.com\/es\/wp-json\/wp\/v2\/media?parent=225841"}],"wp:term":[{"taxonomy":"product_brand","embeddable":true,"href":"https:\/\/froece.com\/es\/wp-json\/wp\/v2\/product_brand?post=225841"},{"taxonomy":"product_cat","embeddable":true,"href":"https:\/\/froece.com\/es\/wp-json\/wp\/v2\/product_cat?post=225841"},{"taxonomy":"product_tag","embeddable":true,"href":"https:\/\/froece.com\/es\/wp-json\/wp\/v2\/product_tag?post=225841"}],"curies":[{"name":"wp","href":"https:\/\/api.w.org\/{rel}","templated":true}]}}