{"id":225677,"date":"2024-05-14T19:16:00","date_gmt":"2024-05-15T02:16:00","guid":{"rendered":"https:\/\/froece.com\/?post_type=product&#038;p=225677"},"modified":"2025-12-03T13:45:14","modified_gmt":"2025-12-03T21:45:14","slug":"carrito-de-helados-blanco-estandar-llantas-de-bicicleta-embellecedor-cromado","status":"publish","type":"product","link":"https:\/\/froece.com\/es\/product\/standard-white-popsicle-cart-bicycle-tires-chrome-trim\/","title":{"rendered":"Carro de paletas blanco est\u00e1ndar con 3 aberturas, neum\u00e1ticos de bicicleta y ribete blanco"},"content":{"rendered":"<h2 class=\"p1\"><b>Carro de paletas blanco de tama\u00f1o est\u00e1ndar con 3 aberturas superiores, neum\u00e1ticos de bicicleta y ribete blanco<\/b><b><\/b><\/h2>\n<p class=\"p3\">Inicie su negocio de golosinas congeladas con estilo con el <b>Carro de paletas blanco est\u00e1ndar<\/b>Dise\u00f1ado para la movilidad y la funcionalidad. Este carro cuenta con elegantes <b>molduras cromadas<\/b> y <b>neum\u00e1ticos de bicicleta<\/b>, ofreciendo una f\u00e1cil maniobrabilidad en cualquier evento. Con capacidad para <b>400 polos<\/b> o <b>3 cubos de 3 galones<\/b>Este vers\u00e1til carro es perfecto para <b>eventos en interiores y exteriores<\/b>.<\/p>\n<p class=\"p3\">Tanto si se instala en un mercado de agricultores como si organiza un evento con servicio de catering, este carrito de polos ofrece atractivo visual y funcionalidad pr\u00e1ctica. El <b>2 aberturas laterales superiores<\/b> permiten la opci\u00f3n de utilizar <b>placas de acero en fr\u00edo<\/b> (se venden por separado), lo que convierte a este carro en una soluci\u00f3n rentable para mantener la temperatura del producto sin necesidad de hielo seco.<\/p>\n<h3 class=\"p1\"><b>Caracter\u00edsticas principales:<\/b><b><\/b><\/h3>\n<p class=\"p4\">-<b>2 Aberturas superiores para placas fr\u00edas<\/b>: Utilice eficazmente placas de fr\u00edo de acero para mantener los productos fr\u00edos sin gastar dinero en hielo seco (las placas se venden por separado).<\/p>\n<p class=\"p4\">-<b>Almacena hasta 400 polos<\/b>: Amplia capacidad para servir en eventos de gran afluencia.<\/p>\n<p class=\"p4\">-<b>Bien aislado<\/b>: Mantiene los art\u00edculos fr\u00edos o calientes sin necesidad de electricidad, perfecto para <b>helado<\/b>, <b>paletas<\/b>o <b>bebidas calientes<\/b>.<\/p>\n<p class=\"p4\">-<b>Parag\u00fcero incluido<\/b>: Mant\u00e9ngase a la sombra mientras sirve, haciendo que los eventos al aire libre sean m\u00e1s c\u00f3modos.<\/p>\n<p class=\"p4\">-<b>Neum\u00e1ticos de bicicleta para la movilidad<\/b>Las ruedas de 20\" y la rueda delantera giratoria facilitan el desplazamiento por cualquier terreno.<\/p>\n<p class=\"p4\">-<b>Calidad artesanal<\/b>: Hecho a mano por artesanos, cada carrito tiene un toque \u00fanico y puede presentar ligeras variaciones debido al proceso artesanal.<\/p>\n<h3 class=\"p1\"><b>Especificaciones:<\/b><b><\/b><\/h3>\n<p class=\"p4\">-<b>Dimensiones exteriores (asa incluida)<\/b>: 37,5\" x 30\" x 35,25\" H<\/p>\n<p class=\"p4\">-<b>Dimensiones de la caja aislada<\/b>: 30,25\" x 20,25\" x 20\" H<\/p>\n<p class=\"p4\">-<b>Dimensiones interiores<\/b>: 24.25\" x 16\" x 14.5\" H<\/p>\n<p class=\"p4\">-<b>Dimensiones de la abertura central de la puerta<\/b>: 13.75\" x 13.75\"<\/p>\n<p class=\"p4\">-<b>Peso total<\/b>: 70 lbs<\/p>\n<p class=\"p4\">-<b>Material<\/b>: Fibra de vidrio, Acero inoxidable, Acero, Base de madera<\/p>\n<h3 class=\"p1\"><b>Uso vers\u00e1til para eventos:<\/b><b><\/b><\/h3>\n<p class=\"p3\">Este <b>carrito de polos<\/b> es la soluci\u00f3n perfecta para una amplia variedad de <b>eventos empresariales y personales<\/b>incluyendo:<\/p>\n<p class=\"p4\">-<b>Usos comerciales<\/b>: Atender a <b>mercados agr\u00edcolas<\/b>, <b>ferias callejeras<\/b>, <b>instalaciones deportivas<\/b>, <b>picnics en la iglesia<\/b>y <b>vest\u00edbulos de hoteles<\/b>.<\/p>\n<p class=\"p4\">-<b>Usos del evento<\/b>: Ideal para <b>fiestas de cumplea\u00f1os<\/b>, <b>fiestas en la piscina<\/b>, <b>despedidas de soltera<\/b>, <b>eventos de empresa<\/b>, <b>bodas<\/b>y mucho m\u00e1s.<\/p>\n<h3 class=\"p1\"><b>\u00bfPor qu\u00e9 elegir este carrito de helados?<\/b><b><\/b><\/h3>\n<p class=\"p4\">-<b>F\u00e1cil de maniobrar<\/b>: Con <b>neum\u00e1ticos de bicicleta<\/b> y un dise\u00f1o ligero, este carro est\u00e1 construido para facilitar la movilidad.<\/p>\n<p class=\"p4\">-<b>Dise\u00f1o profesional<\/b>: La <b>blanco y cromado<\/b> proporciona un aspecto elegante y profesional que atrae a los clientes.<\/p>\n<p class=\"p4\">-<b>Alta capacidad<\/b>: Almacena hasta <b>400 polos<\/b>por lo que es adecuado tanto para eventos grandes como peque\u00f1os.<\/p>\n<p class=\"p4\">-<b>Artesan\u00eda hecha a mano<\/b>: Cada carro est\u00e1 fabricado a mano por artesanos expertos que cuidan cada detalle.<\/p>\n<h3 class=\"p1\"><b>Hecho a mano con amor:<\/b><b><\/b><\/h3>\n<p class=\"p3\">Cada carro est\u00e1 fabricado por artesanos apasionados por su trabajo. Aunque pueden presentar ligeras imperfecciones, cada carro se fabrica con esmero, lo que lo hace \u00fanico y funcional para su negocio.<\/p>","protected":false},"excerpt":{"rendered":"<p class=\"p1\">En <b>Carro de paletas blanco est\u00e1ndar<\/b> con neum\u00e1ticos de bicicleta y adornos cromados es el carrito ideal para eventos de catering, mercados pop-up o ferias callejeras. F\u00e1cil de manejar y con capacidad para 400 polos.<\/p>","protected":false},"featured_media":225722,"comment_status":"open","ping_status":"closed","template":"","meta":{"iawp_total_views":29},"product_brand":[],"product_cat":[58],"product_tag":[147,162,144,91,140,161,151,145,148,146,159,163,160],"class_list":{"0":"post-225677","1":"product","2":"type-product","3":"status-publish","4":"has-post-thumbnail","6":"product_cat-popsicle-carts","7":"product_tag-chrome-trim-popsicle-cart","8":"product_tag-event-popsicle-cart","9":"product_tag-frozen-treat-cart","10":"product_tag-ice-cream-cart","11":"product_tag-mobile-catering-cart","12":"product_tag-paleta-cart","13":"product_tag-paleta-cart-rental","14":"product_tag-popsicle-cart","15":"product_tag-popsicle-cart-for-sale","16":"product_tag-popsicle-cart-with-bicycle-tires","17":"product_tag-standard-popsicle-cart","18":"product_tag-summer-party-cart","19":"product_tag-white-popsicle-cart","21":"first","22":"outofstock","23":"taxable","24":"shipping-taxable","25":"purchasable","26":"product-type-simple"},"exclude_global_add_ons":[],"addons":[],"_links":{"self":[{"href":"https:\/\/froece.com\/es\/wp-json\/wp\/v2\/product\/225677","targetHints":{"allow":["GET"]}}],"collection":[{"href":"https:\/\/froece.com\/es\/wp-json\/wp\/v2\/product"}],"about":[{"href":"https:\/\/froece.com\/es\/wp-json\/wp\/v2\/types\/product"}],"replies":[{"embeddable":true,"href":"https:\/\/froece.com\/es\/wp-json\/wp\/v2\/comments?post=225677"}],"wp:featuredmedia":[{"embeddable":true,"href":"https:\/\/froece.com\/es\/wp-json\/wp\/v2\/media\/225722"}],"wp:attachment":[{"href":"https:\/\/froece.com\/es\/wp-json\/wp\/v2\/media?parent=225677"}],"wp:term":[{"taxonomy":"product_brand","embeddable":true,"href":"https:\/\/froece.com\/es\/wp-json\/wp\/v2\/product_brand?post=225677"},{"taxonomy":"product_cat","embeddable":true,"href":"https:\/\/froece.com\/es\/wp-json\/wp\/v2\/product_cat?post=225677"},{"taxonomy":"product_tag","embeddable":true,"href":"https:\/\/froece.com\/es\/wp-json\/wp\/v2\/product_tag?post=225677"}],"curies":[{"name":"wp","href":"https:\/\/api.w.org\/{rel}","templated":true}]}}