{"id":225343,"date":"2024-05-14T19:01:38","date_gmt":"2024-05-15T02:01:38","guid":{"rendered":"https:\/\/froece.com\/?post_type=product&#038;p=225343"},"modified":"2026-03-02T10:38:12","modified_gmt":"2026-03-02T18:38:12","slug":"carro-de-paletas-estandar-llantas-de-bicicleta-embellecedor-cromado","status":"publish","type":"product","link":"https:\/\/froece.com\/es\/product\/standard-popsicle-cart-bicycle-tires-chrome-trim\/","title":{"rendered":"Tall Standard Popsicle Cart with Bicycle Tires &amp; Chrome Trim, 3 top openings"},"content":{"rendered":"<h2 class=\"p1\"><b>Tall Standard Popsicle Cart with Bicycle Tires &amp; Chrome Trim, 3 top openings\u00a0<\/b><b><\/b><\/h2>\n<p class=\"p3\">Ponga en marcha su negocio de golosinas congeladas con el <b>Paletero alto est\u00e1ndar<\/b> con <b>neum\u00e1ticos de bicicleta<\/b> y un elegante <b>molduras cromadas<\/b>. Este vers\u00e1til carro es perfecto para cualquier evento al aire libre o en interiores, desde <b>mercados agr\u00edcolas<\/b> a <b>eventos de empresa<\/b>o incluso <b>fiestas de cumplea\u00f1os<\/b>. Con capacidad para <b>400 polos<\/b> o <b>3 cubos de 3 galones<\/b>estar\u00e1 listo para servir con estilo y volumen.<\/p>\n<p class=\"p3\">El carro cuenta con <b>dos aberturas laterales superiores<\/b> dise\u00f1ado para placas fr\u00edas de acero (se venden por separado), lo que lo convierte en una soluci\u00f3n eficaz y rentable para mantener la temperatura de su producto. Su <b>dise\u00f1o ligero<\/b>junto con <b>Neum\u00e1ticos de bicicleta de 20<\/b>permite maniobrar con facilidad en cualquier espacio para eventos, mientras que el <b>molduras cromadas<\/b> a\u00f1ade un toque profesional a su presentaci\u00f3n comercial.<\/p>\n<h3 class=\"p1\"><b>Caracter\u00edsticas principales:<\/b><b><\/b><\/h3>\n<p class=\"p4\">-<b>Dos aberturas superiores para placas fr\u00edas<\/b>: Mantenga sus polos fr\u00edos de forma eficaz sin necesidad de hielo normal o seco (las placas fr\u00edas se venden por separado).<\/p>\n<p class=\"p4\">-<b>Capacidad<\/b>: Capacidad para <b>400 polos<\/b> o <b>3 cubos de 3 galones<\/b>para satisfacer la demanda en eventos de gran afluencia.<\/p>\n<p class=\"p4\">-<b>No necesita electricidad<\/b>: El aislamiento superior del carro mantiene los art\u00edculos fr\u00edos o calientes durante periodos prolongados, por lo que es ideal para <b>helado<\/b>, <b>paletas<\/b>, <b>postres congelados<\/b>o incluso <b>bebidas calientes<\/b>.<\/p>\n<p class=\"p4\">-<b>Parag\u00fcero incluido<\/b>: Mantente fresco y a la sombra mientras sirves en eventos al aire libre.<\/p>\n<p class=\"p4\">-<b>Movilidad<\/b>: Construido con <b>Neum\u00e1ticos de bicicleta de 20<\/b> and front tire<\/p>\n<p class=\"p4\">-<b>Artesan\u00eda hecha a mano<\/b>: Cada carrito est\u00e1 hecho a mano con amor por artesanos, lo que garantiza la calidad y la singularidad de cada pieza.<\/p>\n<h3 class=\"p1\"><b>Especificaciones:<\/b><b><\/b><\/h3>\n<p class=\"p4\">-<b>Dimensiones exteriores (asa incluida)<\/b>: 42\u201dL x 30\u201dW x 38\u201d H<\/p>\n<p class=\"p4\">-<b>Dimensiones de la caja aislada<\/b>: 30.25\u201dL x 20.25\u201dW x 20\u201d H<\/p>\n<p class=\"p4\">-<b>Dimensiones interiores<\/b>: 24.25\u201dW x 16\u201dW x 14.5\u201d H<\/p>\n<p class=\"p4\">-<b>Dimensiones de la abertura central de la puerta<\/b>: 13.75\" x 13.75\"<\/p>\n<p class=\"p4\">-<b>Materiales<\/b>: Fibra de vidrio, Acero inoxidable, Acero, Base de madera, Tapa de acero inoxidable con fondo de madera<\/p>\n<p class=\"p4\">-<b>Peso total<\/b>: 70 lbs<\/p>\n<p class=\"p4\">-<b>Capacidad de almacenamiento<\/b>: Hasta 400 polos o 3 tarrinas de 3 galones<\/p>\n<h3 class=\"p1\"><b>Ideal para uso profesional y personal:<\/b><b><\/b><\/h3>\n<p class=\"p3\">Este <b>carrito de polos<\/b> es perfecto para una amplia gama de <b>eventos empresariales y personales<\/b>:<\/p>\n<p class=\"p4\">-<b>Usos comerciales<\/b>: Utilizar en <b>mercados agr\u00edcolas<\/b>, <b>eventos emergentes<\/b>, <b>instalaciones deportivas<\/b>, <b>picnics en la iglesia<\/b>y <b>vest\u00edbulos de hoteles<\/b>.<\/p>\n<p class=\"p4\">-<b>Usos del evento<\/b>: Ideal para <b>bodas<\/b>, <b>fiestas de cumplea\u00f1os<\/b>, <b>fiestas en la piscina<\/b>, <b>despedidas de soltera<\/b>y <b>eventos de empresa<\/b>.<\/p>\n<h3 class=\"p1\"><b>\u00bfPor qu\u00e9 elegir este carro?<\/b><b><\/b><\/h3>\n<p class=\"p4\">-<b>Dise\u00f1o eficiente<\/b>: La <b>molduras cromadas<\/b> no s\u00f3lo mejora su aspecto, sino que aumenta su visibilidad y atractivo en los eventos, atrayendo a los clientes.<\/p>\n<p class=\"p4\">-<b>Movilidad<\/b>: Gracias a <b>neum\u00e1ticos de bicicleta<\/b>Con un m\u00ednimo esfuerzo, podr\u00e1 transportar f\u00e1cilmente el carro a cualquier lugar.<\/p>\n<p class=\"p4\">-<b>Alta capacidad<\/b>: Almacenar hasta <b>400 polos<\/b>para que est\u00e9 preparado para cualquier acontecimiento.<\/p>\n<p class=\"p4\">-<b>Calidad artesanal<\/b>: Each cart is lovingly hand-built by skilled artisans. Because every piece is made by hand, variations or imperfections may occur\u2014these are a natural part of the craftsmanship and make each cart truly unique.<\/p>\n<h3 class=\"p1\"><b>Hecho a mano con amor:<\/b><b><\/b><\/h3>\n<p class=\"p3\">Cada carro es <b>construido a mano<\/b> con cuidado por h\u00e1biles artesanos. Debido a su naturaleza artesanal, puede haber ligeras imperfecciones, pero cada carrito est\u00e1 dise\u00f1ado para durar y ser est\u00e9ticamente atractivo.<\/p>","protected":false},"excerpt":{"rendered":"<p class=\"p1\">En <b>Paletero alto est\u00e1ndar<\/b> con neum\u00e1ticos de bicicleta y adornos cromados es perfecto para eventos, puestos pop-up y catering. Almacena hasta 400 polos, no necesita electricidad y es f\u00e1cil de manejar.<\/p>","protected":false},"featured_media":4755733,"comment_status":"open","ping_status":"closed","template":"","meta":{"iawp_total_views":104},"product_brand":[],"product_cat":[58],"product_tag":[147,162,144,91,140,161,151,145,148,150,146,157],"class_list":{"0":"post-225343","1":"product","2":"type-product","3":"status-publish","4":"has-post-thumbnail","6":"product_cat-popsicle-carts","7":"product_tag-chrome-trim-popsicle-cart","8":"product_tag-event-popsicle-cart","9":"product_tag-frozen-treat-cart","10":"product_tag-ice-cream-cart","11":"product_tag-mobile-catering-cart","12":"product_tag-paleta-cart","13":"product_tag-paleta-cart-rental","14":"product_tag-popsicle-cart","15":"product_tag-popsicle-cart-for-sale","16":"product_tag-popsicle-cart-rental","17":"product_tag-popsicle-cart-with-bicycle-tires","18":"product_tag-tall-popsicle-cart","20":"first","21":"outofstock","22":"taxable","23":"shipping-taxable","24":"purchasable","25":"product-type-simple"},"exclude_global_add_ons":[],"addons":[],"_links":{"self":[{"href":"https:\/\/froece.com\/es\/wp-json\/wp\/v2\/product\/225343","targetHints":{"allow":["GET"]}}],"collection":[{"href":"https:\/\/froece.com\/es\/wp-json\/wp\/v2\/product"}],"about":[{"href":"https:\/\/froece.com\/es\/wp-json\/wp\/v2\/types\/product"}],"replies":[{"embeddable":true,"href":"https:\/\/froece.com\/es\/wp-json\/wp\/v2\/comments?post=225343"}],"wp:featuredmedia":[{"embeddable":true,"href":"https:\/\/froece.com\/es\/wp-json\/wp\/v2\/media\/4755733"}],"wp:attachment":[{"href":"https:\/\/froece.com\/es\/wp-json\/wp\/v2\/media?parent=225343"}],"wp:term":[{"taxonomy":"product_brand","embeddable":true,"href":"https:\/\/froece.com\/es\/wp-json\/wp\/v2\/product_brand?post=225343"},{"taxonomy":"product_cat","embeddable":true,"href":"https:\/\/froece.com\/es\/wp-json\/wp\/v2\/product_cat?post=225343"},{"taxonomy":"product_tag","embeddable":true,"href":"https:\/\/froece.com\/es\/wp-json\/wp\/v2\/product_tag?post=225343"}],"curies":[{"name":"wp","href":"https:\/\/api.w.org\/{rel}","templated":true}]}}