{"id":181463,"date":"2024-03-06T20:01:55","date_gmt":"2024-03-07T04:01:55","guid":{"rendered":"https:\/\/froece.com\/?post_type=product&#038;p=181463"},"modified":"2026-05-02T16:26:13","modified_gmt":"2026-05-02T23:26:13","slug":"luces-de-bandeja-de-toro-de-vuelo-de-cata-negra","status":"publish","type":"product","link":"https:\/\/froece.com\/es\/product\/black-tasting-flight-bull-tray-lights\/","title":{"rendered":"Bandeja de toro negra con luces para eventos \u00fanicos"},"content":{"rendered":"<h2>Bandeja de toros negra con luces para degustaciones<\/h2>\n<p>En <b>Bandeja de toros negra con luces para degustaciones<\/b> es una manera audaz y \u00fanica de elevar su evento o servicio de bar. Hecho a mano <b>bandeja de fibra de vidrio para chupitos de tequila bull<\/b> tiene capacidad para seis vasos de chupito e incorpora luces para crear una experiencia llamativa para sus clientes o invitados. Tanto si sirve tequila, whisky o cualquier otra bebida espirituosa, esta bandeja garantiza una presentaci\u00f3n emocionante y memorable.<\/p>\n<h3>Dise\u00f1ado para potenciar el compromiso de los clientes<\/h3>\n<p>Este <b>bandeja de chupitos de toro<\/b> est\u00e1 dise\u00f1ado no s\u00f3lo para servir bebidas, sino para crear una experiencia envolvente. Ligero y f\u00e1cil de transportar, permite llevar la emoci\u00f3n a la mesa a la vez que divierte a todos. Tanto si se utiliza en un bar, un restaurante o un evento privado, mejora el servicio, animando a los clientes a participar con sus ofertas. A\u00f1ada un toque personalizado con calcoman\u00edas personalizadas o el logotipo de su empresa para ocasiones especiales como bodas, cumplea\u00f1os o eventos corporativos.<\/p>\n<h3>Vers\u00e1til para uso empresarial<\/h3>\n<p>En <b>Bandeja de toros negra para vuelos de degustaci\u00f3n<\/b> es perfecto para una amplia gama de empresas que desean crear una impresi\u00f3n duradera en sus clientes. Tanto si ofrece <b>servicio de botella<\/b> en un restaurante o celebrando un gran evento, esta bandeja a\u00f1ade un elemento din\u00e1mico que los clientes recordar\u00e1n. Ideal para su uso en <b>casinos<\/b>, <b>concesionarios<\/b>, <b>salones de actos<\/b>e incluso <b>empresas de alquiler<\/b>Esta bandeja ayuda a aumentar la visibilidad y el compromiso.<\/p>\n<h3>Ideal para eventos personales<\/h3>\n<p>Esta bandeja para toros no es s\u00f3lo para empresas; tambi\u00e9n es un complemento fant\u00e1stico para eventos personales. Tanto si organiza una <b>fiesta de cumplea\u00f1os<\/b>, <b>despedida de soltera<\/b>o decorar su <b>mini bar en casa<\/b>Esta bandeja para chupitos aporta un toque creativo y divertido. Tambi\u00e9n es una gran idea de regalo para aquellos que aman entretener y quieren a\u00f1adir algo \u00fanico a la decoraci\u00f3n de su hogar.<\/p>\n<h3>Hecho a mano con esmero<\/h3>\n<p>Cada <b>bandeja de fibra de vidrio para chupitos de tequila bull<\/b> est\u00e1 hecho y pintado a mano por artesanos expertos que ponen amor y cuidado en su trabajo. Esto garantiza que cada pieza sea \u00fanica, convirti\u00e9ndola en un complemento especial para su bar o evento. Como cada bandeja est\u00e1 hecha a mano, puede haber ligeras variaciones en el tama\u00f1o o el acabado, lo que aumenta su atractivo aut\u00e9ntico.<\/p>\n<h3>Especificaciones<\/h3>\n<p>Esta bandeja para toros est\u00e1 dise\u00f1ada para ser funcional y visualmente llamativa, con las siguientes especificaciones:<\/p>\n<ul>\n<li><b>Tama\u00f1o total<\/b>: 24,5 x 11 x 16,25\u2033 H<\/li>\n<li><b>Material<\/b>: Fibra de vidrio<\/li>\n<li><b>Peso del art\u00edculo<\/b>: 4 lbs 12 oz<\/li>\n<li><b>Tama\u00f1o del recorte<\/b>: 1,4\u2033 por cada vaso de chupito<\/li>\n<li><b>Capacidad<\/b>: Capacidad para 6 vasos de chupito<\/li>\n<li><b>Bater\u00eda recargable<\/b>: Incluye 1 bater\u00eda de litio recargable (18650) para alimentar las luces incorporadas<\/li>\n<\/ul>\n<h3>\u00bfPor qu\u00e9 elegir la bandeja para toros Black Tasting Flight?<\/h3>\n<p>En <b>Bandeja de toros negra para vuelos de degustaci\u00f3n<\/b> es algo m\u00e1s que una bandeja para servir: es un centro de mesa que realzar\u00e1 su evento o negocio. La combinaci\u00f3n de su dise\u00f1o ligero, la posibilidad de personalizarla y su atractiva presentaci\u00f3n la hacen perfecta tanto para empresas como para particulares. Tanto si organiza una peque\u00f1a reuni\u00f3n como un gran evento, esta bandeja le ayudar\u00e1 a crear una experiencia inolvidable.<\/p>","protected":false},"excerpt":{"rendered":"<p class=\"p1\">En <b>Bandeja de toros negra con luces para degustaciones<\/b> tiene capacidad para 6 vasos de chupito y es perfecto para a\u00f1adir una presentaci\u00f3n din\u00e1mica y emocionante a bares, restaurantes y eventos.<\/p>","protected":false},"featured_media":181548,"comment_status":"open","ping_status":"closed","template":"","meta":{"iawp_total_views":119},"product_brand":[],"product_cat":[96],"product_tag":[113,176,178,177,171,180,119,179,166,114,172],"class_list":{"0":"post-181463","1":"product","2":"type-product","3":"status-publish","4":"has-post-thumbnail","6":"product_cat-shot-flight-trays","7":"product_tag-airplane-shot-flight","8":"product_tag-black-bull-shot-tray","9":"product_tag-bull-shot-tray","10":"product_tag-bull-tequila-tray","11":"product_tag-event-shot-trays","12":"product_tag-fiberglass-bull-shot-tray","13":"product_tag-tequila-flight-tray","14":"product_tag-tequila-shot-tray-for-events","15":"product_tag-tequila-shot-tray-with-lights","16":"product_tag-tequila-shots","17":"product_tag-tequila-tasting-tray","18":"product_shipping_class-flat-shipping-fee","20":"first","21":"instock","22":"taxable","23":"shipping-taxable","24":"purchasable","25":"product-type-simple"},"exclude_global_add_ons":[],"addons":[],"_links":{"self":[{"href":"https:\/\/froece.com\/es\/wp-json\/wp\/v2\/product\/181463","targetHints":{"allow":["GET"]}}],"collection":[{"href":"https:\/\/froece.com\/es\/wp-json\/wp\/v2\/product"}],"about":[{"href":"https:\/\/froece.com\/es\/wp-json\/wp\/v2\/types\/product"}],"replies":[{"embeddable":true,"href":"https:\/\/froece.com\/es\/wp-json\/wp\/v2\/comments?post=181463"}],"wp:featuredmedia":[{"embeddable":true,"href":"https:\/\/froece.com\/es\/wp-json\/wp\/v2\/media\/181548"}],"wp:attachment":[{"href":"https:\/\/froece.com\/es\/wp-json\/wp\/v2\/media?parent=181463"}],"wp:term":[{"taxonomy":"product_brand","embeddable":true,"href":"https:\/\/froece.com\/es\/wp-json\/wp\/v2\/product_brand?post=181463"},{"taxonomy":"product_cat","embeddable":true,"href":"https:\/\/froece.com\/es\/wp-json\/wp\/v2\/product_cat?post=181463"},{"taxonomy":"product_tag","embeddable":true,"href":"https:\/\/froece.com\/es\/wp-json\/wp\/v2\/product_tag?post=181463"}],"curies":[{"name":"wp","href":"https:\/\/api.w.org\/{rel}","templated":true}]}}