{"id":165991,"date":"2024-02-27T17:31:09","date_gmt":"2024-02-28T01:31:09","guid":{"rendered":"https:\/\/froece.com\/?post_type=product&#038;p=165991"},"modified":"2026-04-30T18:29:21","modified_gmt":"2026-05-01T01:29:21","slug":"carro-de-paletas-estandar-ribete-dorado-neumaticos-de-bicicleta","status":"publish","type":"product","link":"https:\/\/froece.com\/es\/product\/standard-popsicle-cart-gold-trim-bicycle-tires\/","title":{"rendered":"Tall Standard Size Popsicle Cart with Gold Trim and Bicycle Tires and 3 top openings"},"content":{"rendered":"<ol>\n<li>Carrito de helados de tama\u00f1o est\u00e1ndar, carrito de paleta, carrito de helados con neum\u00e1ticos de bicicleta (blanco\/oro)<\/li>\n<\/ol>\n<p>En <b>Carro de paletas de tama\u00f1o est\u00e1ndar<\/b> con <b>neum\u00e1ticos de bicicleta<\/b> y un impresionante <b>ribete dorado<\/b> es la soluci\u00f3n perfecta para catering de golosinas heladas, bebidas y mucho m\u00e1s. Tanto si est\u00e1 empezando su propio negocio como si est\u00e1 ampliando uno ya existente, este carro elegante y funcional est\u00e1 dise\u00f1ado para atraer la atenci\u00f3n y aumentar las ventas en cualquier evento. Su dise\u00f1o compacto y ligero facilita las maniobras, mientras que su cuerpo aislado garantiza que sus productos se mantengan fr\u00edos o calientes durante horas sin necesidad de electricidad.<\/p>\n<p>El elegante ribete pintado en dorado a\u00f1ade un toque lujoso, haciendo que este carrito destaque en cualquier evento, desde <b>mercados agr\u00edcolas<\/b> a <b>reuniones de empresa<\/b>. No pierda la oportunidad de ofrecer una experiencia de primera con este llamativo carro.<\/p>\n<h3>Caracter\u00edsticas clave para una m\u00e1xima eficacia<\/h3>\n<p>Equipado con dos aberturas laterales superiores, este <b>carro de paletas<\/b> est\u00e1 dise\u00f1ado para funcionar con placas fr\u00edas, eliminando la necesidad del costoso hielo seco. Simplemente inserte las placas fr\u00edas y mantenga sus delicias congeladas durante horas. El cuerpo aislado del carro es lo suficientemente vers\u00e1til como para ser utilizado tanto para art\u00edculos fr\u00edos como calientes, por lo que es un activo polivalente para su negocio.<\/p>\n<h3>Perfecto para una amplia gama de eventos<\/h3>\n<p>Este <b>carrito de helados<\/b> es ideal para una gran variedad de usos empresariales y personales. Tanto si va a servir <b>boda<\/b>, instal\u00e1ndose en un <b>feria callejera<\/b>o ofrecer refrescos en una <b>sede deportiva<\/b>Este carro garantiza que sus productos se sirvan con estilo. Es ideal para <b>eventos de empresa<\/b>, <b>fiestas de cumplea\u00f1os<\/b>e incluso empresas de alquiler que buscan un producto vers\u00e1til que pueda utilizarse en m\u00faltiples ocasiones.<\/p>\n<h3>Artesan\u00eda de alta calidad hecha a mano<\/h3>\n<p>Cada <b>carrito de polos<\/b> est\u00e1 hecho a mano con cuidado, con un cuerpo de fibra de vidrio duradero, acero inoxidable y adornos de acero para un aspecto elegante y profesional. Tenga en cuenta que debido a que estos carros est\u00e1n hechos a mano, pueden producirse ligeras variaciones en las dimensiones. Las ruedas de 20\u2033 y el neum\u00e1tico delantero de bicicleta garantizan una movilidad suave, incluso en zonas de mucho tr\u00e1fico.<\/p>\n<h3>Especificaciones<\/h3>\n<p>Estas son las especificaciones detalladas <b>carrito de paletas de tama\u00f1o est\u00e1ndar<\/b>:<\/p>\n<ul>\n<li><b>Dimensiones totales (incluido el manillar)<\/b>: 44 x 30 x 40 pulgadas (H)<\/li>\n<li><b>Dimensiones de la caja aislante para envolver<\/b>: 30,75 x 20,25 x 19,75 pulgadas<\/li>\n<li><b>Dimensiones interiores<\/b>: 27 x 15 x 15 pulgadas<\/li>\n<li><b>Dimensiones de la abertura central de la puerta<\/b>: 14 x 14 pulgadas<\/li>\n<li><b>Capacidad de almacenamiento<\/b>: Hasta 400 polos o 3 tarrinas de 3 galones<\/li>\n<li><b>Material<\/b>: Cuerpo de fibra de vidrio, base de madera, acero inoxidable y embellecedores de acero<\/li>\n<li><b>Peso<\/b>: 70 lbs<\/li>\n<li><b>Placas en fr\u00edo<\/b>: No incluido, se vende por separado<\/li>\n<\/ul>\n<h3>\u00bfPor qu\u00e9 elegir este carrito de helados?<\/h3>\n<p>Con sus bonitos adornos dorados, su funcionalidad vers\u00e1til y su artesan\u00eda de alta calidad, este <b>carrito de polos<\/b> es una inversi\u00f3n en el crecimiento de su negocio. Tanto si busca aumentar la visibilidad en un evento como si simplemente necesita un carro fiable para catering, este carro es la soluci\u00f3n perfecta para productos fr\u00edos y calientes. Su portabilidad, durabilidad y atractivo dise\u00f1o lo convierten en una elecci\u00f3n destacada tanto para empresarios como para organizadores de eventos.<\/p>","protected":false},"excerpt":{"rendered":"<p class=\"p1\">En <b>Carro de paletas de tama\u00f1o est\u00e1ndar con adornos dorados<\/b> cuenta con neum\u00e1ticos de bicicleta, dos aberturas laterales superiores para platos fr\u00edos y almacena hasta 400 polos. Perfecto para catering, eventos y para aumentar las ventas.<\/p>","protected":false},"featured_media":4770487,"comment_status":"open","ping_status":"closed","template":"","meta":{"iawp_total_views":495},"product_brand":[],"product_cat":[58],"product_tag":[203,162,144,202,91,204,161,149,145,156,150],"class_list":{"0":"post-165991","1":"product","2":"type-product","3":"status-publish","4":"has-post-thumbnail","6":"product_cat-popsicle-carts","7":"product_tag-bicycle-tire-popsicle-cart","8":"product_tag-event-popsicle-cart","9":"product_tag-frozen-treat-cart","10":"product_tag-gold-trim-popsicle-cart","11":"product_tag-ice-cream-cart","12":"product_tag-ice-cream-cart-for-sale","13":"product_tag-paleta-cart","14":"product_tag-paleta-cart-for-sale","15":"product_tag-popsicle-cart","16":"product_tag-popsicle-cart-for-events","17":"product_tag-popsicle-cart-rental","19":"first","20":"instock","21":"featured","22":"taxable","23":"shipping-taxable","24":"purchasable","25":"product-type-simple"},"exclude_global_add_ons":[],"addons":[],"_links":{"self":[{"href":"https:\/\/froece.com\/es\/wp-json\/wp\/v2\/product\/165991","targetHints":{"allow":["GET"]}}],"collection":[{"href":"https:\/\/froece.com\/es\/wp-json\/wp\/v2\/product"}],"about":[{"href":"https:\/\/froece.com\/es\/wp-json\/wp\/v2\/types\/product"}],"replies":[{"embeddable":true,"href":"https:\/\/froece.com\/es\/wp-json\/wp\/v2\/comments?post=165991"}],"wp:featuredmedia":[{"embeddable":true,"href":"https:\/\/froece.com\/es\/wp-json\/wp\/v2\/media\/4770487"}],"wp:attachment":[{"href":"https:\/\/froece.com\/es\/wp-json\/wp\/v2\/media?parent=165991"}],"wp:term":[{"taxonomy":"product_brand","embeddable":true,"href":"https:\/\/froece.com\/es\/wp-json\/wp\/v2\/product_brand?post=165991"},{"taxonomy":"product_cat","embeddable":true,"href":"https:\/\/froece.com\/es\/wp-json\/wp\/v2\/product_cat?post=165991"},{"taxonomy":"product_tag","embeddable":true,"href":"https:\/\/froece.com\/es\/wp-json\/wp\/v2\/product_tag?post=165991"}],"curies":[{"name":"wp","href":"https:\/\/api.w.org\/{rel}","templated":true}]}}