{"id":159867,"date":"2024-02-19T11:13:12","date_gmt":"2024-02-19T19:13:12","guid":{"rendered":"https:\/\/froece.com\/?post_type=product&#038;p=159867"},"modified":"2026-04-16T19:08:43","modified_gmt":"2026-04-17T02:08:43","slug":"tamano-estandar-popsicle-carro-cromo-recortar-neumaticos-de-bicicleta","status":"publish","type":"product","link":"https:\/\/froece.com\/es\/product\/standard-size-popsicle-cart-chrome-trim-bicycle-tires\/","title":{"rendered":"Tall Standard Size Popsicle &#038; Ice Cream Cart with Bicycle Tires \u2013 White \/ Chrome \/ Stainless Steel \u2013 3 Top Lid Openings"},"content":{"rendered":"<h2>Tall Standard Size Popsicle &amp; Ice Cream Cart with Bicycle Tires \u2013 3 Top Lid Openings (White\/Chrome\/Stainless Steel)<\/h2>\n<p><strong>*******PRE-ORDER ONLY \u2014 High demand item. Orders are being accepted now, with an estimated availability first week of May\u00a0 ******<\/strong><\/p>\n<p>En <b>Carro de paletas de tama\u00f1o est\u00e1ndar<\/b> con <b>neum\u00e1ticos de bicicleta<\/b> y un elegante <b>chrome\/Stainless steel trim<\/b> es la soluci\u00f3n ideal para iniciar o ampliar su negocio de helados. Dise\u00f1ado para la movilidad y la eficiencia, este carrito ofrece una forma atractiva y funcional de servir helados, polos, postres congelados e incluso productos calientes. Con su cuerpo aislado, este carrito no requiere electricidad, lo que lo hace vers\u00e1til para diversos entornos, tanto en interiores como en exteriores.<\/p>\n<p>Este elegante y pr\u00e1ctico carrito es perfecto para quienes buscan aumentar su visibilidad y captar m\u00e1s clientes en eventos, ferias callejeras y mercados pop-up.<\/p>\n<h3>Alta capacidad y rentabilidad<\/h3>\n<p>El carro est\u00e1 dise\u00f1ado para almacenar hasta 400 polos o 3 tarrinas de tres galones, lo que lo hace perfecto para eventos de gran volumen. Con la opci\u00f3n de utilizar <b>placas de fr\u00edo<\/b> en lugar de hielo seco, ahorrar\u00e1 dinero y reducir\u00e1 las molestias de comprar hielo constantemente. Las dos aberturas laterales superiores del carro permiten introducir f\u00e1cilmente placas de fr\u00edo (se venden por separado), lo que garantiza que sus delicias congeladas se mantengan a la temperatura perfecta durante horas.<\/p>\n<h3>Dise\u00f1o duradero y ligero<\/h3>\n<p>Hecho a mano por artesanos expertos, este <b>carro de paletas<\/b> se hace con un <b>carrocer\u00eda de fibra de vidrio<\/b>A pesar de su robusta construcci\u00f3n, el carrito es ligero y f\u00e1cil de maniobrar gracias a sus ruedas de 20\" y un neum\u00e1tico delantero de bicicleta. A pesar de su robusta construcci\u00f3n, el carro es ligero y f\u00e1cil de maniobrar, gracias a sus ruedas de 20\" y un neum\u00e1tico delantero de bicicleta. Su dise\u00f1o compacto garantiza que quepa f\u00e1cilmente en diversos espacios para eventos, mientras que su atractivo aspecto realza el atractivo de su producto.<\/p>\n<h3>Perfecto para una amplia gama de aplicaciones<\/h3>\n<p>Ya se trate de un catering para una boda, de una fiesta en la piscina o de un mercadillo, esta es la soluci\u00f3n. <b>carrito de helados<\/b> es una soluci\u00f3n vers\u00e1til y llamativa. Ideal tanto para eventos empresariales como personales, su aspecto pulido y su pr\u00e1ctico dise\u00f1o lo convierten en un elemento destacado. Es perfecto para una amplia gama de eventos y entornos, entre los que se incluyen <b>restaurantes<\/b>, <b>casinos<\/b>, <b>bares<\/b>, <b>vest\u00edbulos de hoteles<\/b>y mucho m\u00e1s.<\/p>\n<h3>Especificaciones<\/h3>\n<p>Las especificaciones clave son las siguientes <b>carrito de paletas de tama\u00f1o est\u00e1ndar<\/b>:<\/p>\n<ul>\n<li><b>Dimensiones totales (incluido el manillar)<\/b>: 44L x 30W x 40H inches<\/li>\n<li><b>Dimensiones de la caja aislada<\/b>: 30.75L x 20.25W x 19.75H inches<\/li>\n<li><b>Dimensiones interiores<\/b>: 27L x 15Wx 15h inches<\/li>\n<li><b>Dimensiones de la abertura central de la puerta<\/b>: 14 x 14 pulgadas<\/li>\n<li><b>Material<\/b>: Cuerpo de fibra de vidrio, base de madera, acero inoxidable y embellecedores de acero<\/li>\n<li><b>Peso total<\/b>: 70 lbs<\/li>\n<li><b>Capacidad<\/b>: Capacidad para 400 polos o 3 tarrinas de 3 galones<\/li>\n<li><b>Placas en fr\u00edo<\/b>: No incluido, se vende por separado<\/li>\n<\/ul>\n<h3>\u00bfPor qu\u00e9 elegir el carro de paletas de tama\u00f1o est\u00e1ndar?<\/h3>\n<p>Con su elegante embellecedor cromado, su gran capacidad y su dise\u00f1o ligero, el <b>Carro de paletas de tama\u00f1o est\u00e1ndar<\/b> es una excelente inversi\u00f3n para hacer crecer su negocio. Su capacidad para almacenar art\u00edculos congelados o calientes, combinada con su portabilidad y bajos costes operativos, lo convierten en la opci\u00f3n ideal tanto para empresarios como para organizadores de eventos. Empiece a aumentar sus ventas y a atraer a m\u00e1s clientes con este elegante y funcional carrito de polos.<\/p>","protected":false},"excerpt":{"rendered":"<p class=\"p1\">En <b>Carro de paletas de tama\u00f1o est\u00e1ndar<\/b> con adornos cromados y neum\u00e1ticos de bicicleta est\u00e1 dise\u00f1ado para ofrecer versatilidad y movilidad. Tiene capacidad para 400 polos. Ideal para catering y eventos.<\/p>","protected":false},"featured_media":4984685,"comment_status":"open","ping_status":"closed","template":"","meta":{"iawp_total_views":223},"product_brand":[],"product_cat":[58],"product_tag":[147,219,162,144,91,161,218,145,148,150,214],"class_list":{"0":"post-159867","1":"product","2":"type-product","3":"status-publish","4":"has-post-thumbnail","6":"product_cat-popsicle-carts","7":"product_tag-chrome-trim-popsicle-cart","8":"product_tag-cold-plates-popsicle-cart","9":"product_tag-event-popsicle-cart","10":"product_tag-frozen-treat-cart","11":"product_tag-ice-cream-cart","12":"product_tag-paleta-cart","13":"product_tag-paleta-cart-for-events","14":"product_tag-popsicle-cart","15":"product_tag-popsicle-cart-for-sale","16":"product_tag-popsicle-cart-rental","17":"product_tag-popsicle-cart-with-tires","19":"first","20":"instock","21":"taxable","22":"shipping-taxable","23":"purchasable","24":"product-type-simple"},"exclude_global_add_ons":[],"addons":[],"_links":{"self":[{"href":"https:\/\/froece.com\/es\/wp-json\/wp\/v2\/product\/159867","targetHints":{"allow":["GET"]}}],"collection":[{"href":"https:\/\/froece.com\/es\/wp-json\/wp\/v2\/product"}],"about":[{"href":"https:\/\/froece.com\/es\/wp-json\/wp\/v2\/types\/product"}],"replies":[{"embeddable":true,"href":"https:\/\/froece.com\/es\/wp-json\/wp\/v2\/comments?post=159867"}],"wp:featuredmedia":[{"embeddable":true,"href":"https:\/\/froece.com\/es\/wp-json\/wp\/v2\/media\/4984685"}],"wp:attachment":[{"href":"https:\/\/froece.com\/es\/wp-json\/wp\/v2\/media?parent=159867"}],"wp:term":[{"taxonomy":"product_brand","embeddable":true,"href":"https:\/\/froece.com\/es\/wp-json\/wp\/v2\/product_brand?post=159867"},{"taxonomy":"product_cat","embeddable":true,"href":"https:\/\/froece.com\/es\/wp-json\/wp\/v2\/product_cat?post=159867"},{"taxonomy":"product_tag","embeddable":true,"href":"https:\/\/froece.com\/es\/wp-json\/wp\/v2\/product_tag?post=159867"}],"curies":[{"name":"wp","href":"https:\/\/api.w.org\/{rel}","templated":true}]}}